{"id":101,"date":"2016-06-19T22:11:04","date_gmt":"2016-06-19T21:11:04","guid":{"rendered":"http:\/\/surlechemindesmots.fr\/?page_id=101"},"modified":"2016-07-22T13:48:02","modified_gmt":"2016-07-22T12:48:02","slug":"etape-5-la-fabrication-de-votre-livre","status":"publish","type":"page","link":"https:\/\/surlechemindesmots.fr\/index.php\/etape-5-la-fabrication-de-votre-livre\/","title":{"rendered":"FABRICATION DU LIVRE"},"content":{"rendered":"<p>[et_pb_section admin_label=&#8221;section&#8221; fullwidth=&#8221;on&#8221; specialty=&#8221;off&#8221; inner_shadow=&#8221;off&#8221; parallax=&#8221;off&#8221; background_color=&#8221;#2ea3f2&#8243;][et_pb_fullwidth_header admin_label=&#8221;Fullwidth Header&#8221; title=&#8221;La fabrication de votre livre &#8221; background_layout=&#8221;dark&#8221; text_orientation=&#8221;center&#8221; header_fullscreen=&#8221;on&#8221; header_scroll_down=&#8221;off&#8221; parallax=&#8221;off&#8221; parallax_method=&#8221;off&#8221; content_orientation=&#8221;center&#8221; image_orientation=&#8221;center&#8221; custom_button_one=&#8221;off&#8221; button_one_letter_spacing=&#8221;0&#8243; button_one_use_icon=&#8221;default&#8221; button_one_icon_placement=&#8221;right&#8221; button_one_on_hover=&#8221;on&#8221; button_one_letter_spacing_hover=&#8221;0&#8243; custom_button_two=&#8221;off&#8221; button_two_letter_spacing=&#8221;0&#8243; button_two_use_icon=&#8221;default&#8221; button_two_icon_placement=&#8221;right&#8221; button_two_on_hover=&#8221;on&#8221; button_two_letter_spacing_hover=&#8221;0&#8243; background_url=&#8221;https:\/\/surlechemindesmots.fr\/wp-content\/uploads\/2016\/06\/iStock_59677258_LARGE.jpg&#8221; logo_image_url=&#8221;https:\/\/surlechemindesmots.fr\/wp-content\/uploads\/2016\/06\/plume.png&#8221; title_font=&#8221;Source Sans Pro||||&#8221; title_font_size=&#8221;100px&#8221;] [\/et_pb_fullwidth_header][\/et_pb_section][et_pb_section admin_label=&#8221;section&#8221;][et_pb_row admin_label=&#8221;row&#8221;][et_pb_column type=&#8221;4_4&#8243;][et_pb_text admin_label=&#8221;Text&#8221; background_layout=&#8221;light&#8221; text_orientation=&#8221;left&#8221; use_border_color=&#8221;off&#8221; border_color=&#8221;#ffffff&#8221; border_style=&#8221;solid&#8221;]<\/p>\n<h5 style=\"text-align: justify;\">La fabrication du livre constitue un budget bien s\u00e9par\u00e9 de mon travail d&#8217;\u00e9criture : il s&#8217;agit d&#8217;un autre m\u00e9tier. Je peux toutefois\u00a0vous accompagner dans cette derni\u00e8re ligne droite,\u00a0jusqu&#8217;\u00e0 la livraison !<\/h5>\n<p>&nbsp;<\/p>\n<p style=\"text-align: justify;\"><strong><span style=\"color: #33cccc;\">Je peux vous mettre en relation avec un imprimeur<\/span> <\/strong>que j\u2019aurai retenu\u00a0pour la qualit\u00e9 de son travail et les prix raisonnables qu\u2019il pratique. Je ne per\u00e7ois aucune commission. Il vous proposera un devis d\u00e9taill\u00e9, en fonction du format, de la qualit\u00e9 du papier, du nombre de pages et d\u2019illustrations\u2026 et suivant le nombre d\u2019exemplaires que vous souhaitez. S\u2019il s\u2019agit d\u2019une petite quantit\u00e9 \u2013 c\u2019est souvent le cas pour une biographie \u2013, l\u2019impression num\u00e9rique est la plus adapt\u00e9e et la moins on\u00e9reuse.\u00a0A titre indicatif, il faut compter entre 15 \u20ac \u00e0 20 \u20ac pour un livre d\u2019une centaine de pages,\u00a0imprim\u00e9 en 20 exemplaires, avec une couverture quadri (en couleurs) et un cahier central de photos. Il existe m\u00eame des maisons d\u2019\u00e9dition \u2013\u00a0sp\u00e9cialis\u00e9es\u00a0dans les biographies familiales \u2013 qui \u00e9dite \u00e0 partir d\u2019un seul exemplaire ! Les co\u00fbts d\u2019impression seront \u00e0 r\u00e9gler, par vos soins, \u00e0 l\u2019imprimeur.<\/p>\n<p style=\"text-align: justify;\"><span style=\"color: #33cccc;\"><strong>Je peux \u00e9galement g\u00e9rer la relation avec l&#8217;imprimeur<\/strong> <\/span>et vous soulager ainsi de cette partie \u00ab\u00a0technique\u00a0\u00bb. C\u2019est en g\u00e9n\u00e9ral le souhait des clients. Cette prestation \u00ab\u00a0suivi de fabrication\u00a0\u00bb fait alors l\u2019objet d\u2019un devis et d\u2019une facture distincts, incluant notamment une relecture et une correction compl\u00e8te du livre \u2013 y compris sur le plan orthotypographique \u2013 avant la validation du bon \u00e0 tirer (BAT). Je m\u2019assure \u00e9galement du respect des d\u00e9lais de fabrication et lorsque les livres sont imprim\u00e9s\u2026 je vous les livre, muni du solde de la facture. Voir :<a href=\"https:\/\/surlechemindesmots.fr\/index.php\/mes-tarifs-en-details\/\">\u00a0<span style=\"color: #33cccc;\">Mes tarifs\u00a0<\/span><\/a><\/p>\n<p>[\/et_pb_text][\/et_pb_column][\/et_pb_row][\/et_pb_section]<\/p>\n","protected":false},"excerpt":{"rendered":"<p>La fabrication du livre constitue un budget bien s\u00e9par\u00e9 de mon travail d&#8217;\u00e9criture : il s&#8217;agit d&#8217;un autre m\u00e9tier. Je peux toutefois\u00a0vous accompagner dans cette derni\u00e8re ligne droite,\u00a0jusqu&#8217;\u00e0 la livraison ! &nbsp; Je peux vous mettre en relation avec un imprimeur que j\u2019aurai retenu\u00a0pour la qualit\u00e9 de son travail et les prix raisonnables qu\u2019il pratique. [&hellip;]<\/p>\n","protected":false},"author":1,"featured_media":0,"parent":0,"menu_order":0,"comment_status":"closed","ping_status":"closed","template":"","meta":{"_et_pb_use_builder":"on","_et_pb_old_content":"","_et_gb_content_width":"","footnotes":""},"yoast_head":"<!-- This site is optimized with the Yoast SEO plugin v22.5 - https:\/\/yoast.com\/wordpress\/plugins\/seo\/ -->\n<title>FABRICATION DU LIVRE - Sur le chemin des mots<\/title>\n<meta name=\"robots\" content=\"index, follow, max-snippet:-1, max-image-preview:large, max-video-preview:-1\" \/>\n<link rel=\"canonical\" href=\"https:\/\/surlechemindesmots.fr\/index.php\/etape-5-la-fabrication-de-votre-livre\/\" \/>\n<meta property=\"og:locale\" content=\"fr_FR\" \/>\n<meta property=\"og:type\" content=\"article\" \/>\n<meta property=\"og:title\" content=\"FABRICATION DU LIVRE - Sur le chemin des mots\" \/>\n<meta property=\"og:description\" content=\"La fabrication du livre constitue un budget bien s\u00e9par\u00e9 de mon travail d&#039;\u00e9criture : il s&#039;agit d&#039;un autre m\u00e9tier. Je peux toutefois\u00a0vous accompagner dans cette derni\u00e8re ligne droite,\u00a0jusqu&#039;\u00e0 la livraison ! &nbsp; Je peux vous mettre en relation avec un imprimeur que j\u2019aurai retenu\u00a0pour la qualit\u00e9 de son travail et les prix raisonnables qu\u2019il pratique. [&hellip;]\" \/>\n<meta property=\"og:url\" content=\"https:\/\/surlechemindesmots.fr\/index.php\/etape-5-la-fabrication-de-votre-livre\/\" \/>\n<meta property=\"og:site_name\" content=\"Sur le chemin des mots\" \/>\n<meta property=\"article:modified_time\" content=\"2016-07-22T12:48:02+00:00\" \/>\n<meta name=\"twitter:card\" content=\"summary_large_image\" \/>\n<meta name=\"twitter:label1\" content=\"Dur\u00e9e de lecture estim\u00e9e\" \/>\n\t<meta name=\"twitter:data1\" content=\"2 minutes\" \/>\n<script type=\"application\/ld+json\" class=\"yoast-schema-graph\">{\"@context\":\"https:\/\/schema.org\",\"@graph\":[{\"@type\":\"WebPage\",\"@id\":\"https:\/\/surlechemindesmots.fr\/index.php\/etape-5-la-fabrication-de-votre-livre\/\",\"url\":\"https:\/\/surlechemindesmots.fr\/index.php\/etape-5-la-fabrication-de-votre-livre\/\",\"name\":\"FABRICATION DU LIVRE - Sur le chemin des mots\",\"isPartOf\":{\"@id\":\"https:\/\/surlechemindesmots.fr\/#website\"},\"datePublished\":\"2016-06-19T21:11:04+00:00\",\"dateModified\":\"2016-07-22T12:48:02+00:00\",\"breadcrumb\":{\"@id\":\"https:\/\/surlechemindesmots.fr\/index.php\/etape-5-la-fabrication-de-votre-livre\/#breadcrumb\"},\"inLanguage\":\"fr-FR\",\"potentialAction\":[{\"@type\":\"ReadAction\",\"target\":[\"https:\/\/surlechemindesmots.fr\/index.php\/etape-5-la-fabrication-de-votre-livre\/\"]}]},{\"@type\":\"BreadcrumbList\",\"@id\":\"https:\/\/surlechemindesmots.fr\/index.php\/etape-5-la-fabrication-de-votre-livre\/#breadcrumb\",\"itemListElement\":[{\"@type\":\"ListItem\",\"position\":1,\"name\":\"Accueil\",\"item\":\"https:\/\/surlechemindesmots.fr\/\"},{\"@type\":\"ListItem\",\"position\":2,\"name\":\"FABRICATION DU LIVRE\"}]},{\"@type\":\"WebSite\",\"@id\":\"https:\/\/surlechemindesmots.fr\/#website\",\"url\":\"https:\/\/surlechemindesmots.fr\/\",\"name\":\"Sur le chemin des mots\",\"description\":\"\",\"potentialAction\":[{\"@type\":\"SearchAction\",\"target\":{\"@type\":\"EntryPoint\",\"urlTemplate\":\"https:\/\/surlechemindesmots.fr\/?s={search_term_string}\"},\"query-input\":\"required name=search_term_string\"}],\"inLanguage\":\"fr-FR\"}]}<\/script>\n<!-- \/ Yoast SEO plugin. -->","yoast_head_json":{"title":"FABRICATION DU LIVRE - Sur le chemin des mots","robots":{"index":"index","follow":"follow","max-snippet":"max-snippet:-1","max-image-preview":"max-image-preview:large","max-video-preview":"max-video-preview:-1"},"canonical":"https:\/\/surlechemindesmots.fr\/index.php\/etape-5-la-fabrication-de-votre-livre\/","og_locale":"fr_FR","og_type":"article","og_title":"FABRICATION DU LIVRE - Sur le chemin des mots","og_description":"La fabrication du livre constitue un budget bien s\u00e9par\u00e9 de mon travail d'\u00e9criture : il s'agit d'un autre m\u00e9tier. Je peux toutefois\u00a0vous accompagner dans cette derni\u00e8re ligne droite,\u00a0jusqu'\u00e0 la livraison ! &nbsp; Je peux vous mettre en relation avec un imprimeur que j\u2019aurai retenu\u00a0pour la qualit\u00e9 de son travail et les prix raisonnables qu\u2019il pratique. [&hellip;]","og_url":"https:\/\/surlechemindesmots.fr\/index.php\/etape-5-la-fabrication-de-votre-livre\/","og_site_name":"Sur le chemin des mots","article_modified_time":"2016-07-22T12:48:02+00:00","twitter_card":"summary_large_image","twitter_misc":{"Dur\u00e9e de lecture estim\u00e9e":"2 minutes"},"schema":{"@context":"https:\/\/schema.org","@graph":[{"@type":"WebPage","@id":"https:\/\/surlechemindesmots.fr\/index.php\/etape-5-la-fabrication-de-votre-livre\/","url":"https:\/\/surlechemindesmots.fr\/index.php\/etape-5-la-fabrication-de-votre-livre\/","name":"FABRICATION DU LIVRE - Sur le chemin des mots","isPartOf":{"@id":"https:\/\/surlechemindesmots.fr\/#website"},"datePublished":"2016-06-19T21:11:04+00:00","dateModified":"2016-07-22T12:48:02+00:00","breadcrumb":{"@id":"https:\/\/surlechemindesmots.fr\/index.php\/etape-5-la-fabrication-de-votre-livre\/#breadcrumb"},"inLanguage":"fr-FR","potentialAction":[{"@type":"ReadAction","target":["https:\/\/surlechemindesmots.fr\/index.php\/etape-5-la-fabrication-de-votre-livre\/"]}]},{"@type":"BreadcrumbList","@id":"https:\/\/surlechemindesmots.fr\/index.php\/etape-5-la-fabrication-de-votre-livre\/#breadcrumb","itemListElement":[{"@type":"ListItem","position":1,"name":"Accueil","item":"https:\/\/surlechemindesmots.fr\/"},{"@type":"ListItem","position":2,"name":"FABRICATION DU LIVRE"}]},{"@type":"WebSite","@id":"https:\/\/surlechemindesmots.fr\/#website","url":"https:\/\/surlechemindesmots.fr\/","name":"Sur le chemin des mots","description":"","potentialAction":[{"@type":"SearchAction","target":{"@type":"EntryPoint","urlTemplate":"https:\/\/surlechemindesmots.fr\/?s={search_term_string}"},"query-input":"required name=search_term_string"}],"inLanguage":"fr-FR"}]}},"_links":{"self":[{"href":"https:\/\/surlechemindesmots.fr\/index.php\/wp-json\/wp\/v2\/pages\/101"}],"collection":[{"href":"https:\/\/surlechemindesmots.fr\/index.php\/wp-json\/wp\/v2\/pages"}],"about":[{"href":"https:\/\/surlechemindesmots.fr\/index.php\/wp-json\/wp\/v2\/types\/page"}],"author":[{"embeddable":true,"href":"https:\/\/surlechemindesmots.fr\/index.php\/wp-json\/wp\/v2\/users\/1"}],"replies":[{"embeddable":true,"href":"https:\/\/surlechemindesmots.fr\/index.php\/wp-json\/wp\/v2\/comments?post=101"}],"version-history":[{"count":10,"href":"https:\/\/surlechemindesmots.fr\/index.php\/wp-json\/wp\/v2\/pages\/101\/revisions"}],"predecessor-version":[{"id":1599,"href":"https:\/\/surlechemindesmots.fr\/index.php\/wp-json\/wp\/v2\/pages\/101\/revisions\/1599"}],"wp:attachment":[{"href":"https:\/\/surlechemindesmots.fr\/index.php\/wp-json\/wp\/v2\/media?parent=101"}],"curies":[{"name":"wp","href":"https:\/\/api.w.org\/{rel}","templated":true}]}}