{"id":1688,"date":"2016-09-04T13:23:39","date_gmt":"2016-09-04T12:23:39","guid":{"rendered":"http:\/\/surlechemindesmots.fr\/?page_id=1688"},"modified":"2016-09-05T10:53:58","modified_gmt":"2016-09-05T09:53:58","slug":"quiz","status":"publish","type":"page","link":"https:\/\/surlechemindesmots.fr\/index.php\/quiz\/","title":{"rendered":"LE TEST"},"content":{"rendered":"<p>[et_pb_section admin_label=&#8221;section&#8221; fullwidth=&#8221;on&#8221; specialty=&#8221;off&#8221; inner_shadow=&#8221;off&#8221; parallax=&#8221;off&#8221; background_color=&#8221;#2ea3f2&#8243;][et_pb_fullwidth_header admin_label=&#8221;Fullwidth Header&#8221; title=&#8221;Avez-vous besoin d&#8217;un \u00e9crivain biographe ?&#8221; background_layout=&#8221;dark&#8221; text_orientation=&#8221;center&#8221; header_fullscreen=&#8221;on&#8221; header_scroll_down=&#8221;off&#8221; background_url=&#8221;https:\/\/surlechemindesmots.fr\/wp-content\/uploads\/2016\/06\/iStock_43350128_LARGE.jpg&#8221; parallax=&#8221;on&#8221; parallax_method=&#8221;off&#8221; logo_image_url=&#8221;https:\/\/surlechemindesmots.fr\/wp-content\/uploads\/2016\/06\/plume.png&#8221; content_orientation=&#8221;center&#8221; image_orientation=&#8221;center&#8221; title_font_size=&#8221;83px&#8221; custom_button_one=&#8221;off&#8221; button_one_letter_spacing=&#8221;0&#8243; button_one_use_icon=&#8221;default&#8221; button_one_icon_placement=&#8221;right&#8221; button_one_on_hover=&#8221;on&#8221; button_one_letter_spacing_hover=&#8221;0&#8243; custom_button_two=&#8221;off&#8221; button_two_letter_spacing=&#8221;0&#8243; button_two_use_icon=&#8221;default&#8221; button_two_icon_placement=&#8221;right&#8221; button_two_on_hover=&#8221;on&#8221; button_two_letter_spacing_hover=&#8221;0&#8243; title_font=&#8221;Source Sans Pro||||&#8221;] [\/et_pb_fullwidth_header][\/et_pb_section][et_pb_section admin_label=&#8221;section&#8221;][et_pb_row admin_label=&#8221;row&#8221;][et_pb_column type=&#8221;4_4&#8243;][et_pb_text admin_label=&#8221;Text&#8221; background_layout=&#8221;light&#8221; text_orientation=&#8221;left&#8221; use_border_color=&#8221;off&#8221; border_color=&#8221;#ffffff&#8221; border_style=&#8221;solid&#8221;]<\/p>\n<h5><strong><span style=\"color: #33cccc;\">Une histoire, un livre sommeille peut-\u00eatre en vous&#8230; Ou pr\u00e8s de chez vous ! Pour le savoir, prenez 30 secondes pour r\u00e9pondre \u00e0 ces 6\u00a0questions. Verdict ? \u00a0<\/span><\/strong><\/h5>\n<div id=\"watu_quiz\" class=\"quiz-area single-page-quiz\">\n<form action=\"\" method=\"post\" class=\"quiz-form \" id=\"quiz-2\" >\n<div class='watu-question' id='question-1'><div class='question-content'><p><span class='watu_num'>1. <\/span>Est-ce que vous aussi, vous \u00eates d\u00e9j\u00e0 dit en \u00e9coutant un parent ou un ami raconter une histoire\u2026 qu\u2019il devrait l\u2019\u00e9crire et en faire un livre !<\/p>\n<\/div><input type='hidden' name='question_id[]' value='4' \/><div class='watu-questions-wrap '><input type='hidden' name='answer_ids[]' class='watu-answer-ids' value='19' \/><div class='watu-question-choice'><input type='radio' name='answer-4[]' id='answer-id-19' class='answer answer-1  answerof-4' value='19' \/>&nbsp;<label for='answer-id-19' id='answer-label-19' class=' answer label-1'><span class='answer'>oui<\/span><\/label><\/div>\n<input type='hidden' name='answer_ids[]' class='watu-answer-ids' value='20' \/><div class='watu-question-choice'><input type='radio' name='answer-4[]' id='answer-id-20' class='answer answer-1  answerof-4' value='20' \/>&nbsp;<label for='answer-id-20' id='answer-label-20' class=' answer label-1'><span class='answer'>non<\/span><\/label><\/div>\n<\/div><input type='hidden' id='questionType1' value='radio' class=''><\/div><div class='watu-question' id='question-2'><div class='question-content'><p><span class='watu_num'>2. <\/span>Seriez-vous heureux que les souvenirs d\u2019enfance d\u2019une personne avec qui vous \u00eates tr\u00e8s li\u00e9e soient rassembl\u00e9s dans un livre ?<\/p>\n<\/div><input type='hidden' name='question_id[]' value='5' \/><div class='watu-questions-wrap '><input type='hidden' name='answer_ids[]' class='watu-answer-ids' value='21' \/><div class='watu-question-choice'><input type='radio' name='answer-5[]' id='answer-id-21' class='answer answer-2  answerof-5' value='21' \/>&nbsp;<label for='answer-id-21' id='answer-label-21' class=' answer label-2'><span class='answer'>oui<\/span><\/label><\/div>\n<input type='hidden' name='answer_ids[]' class='watu-answer-ids' value='22' \/><div class='watu-question-choice'><input type='radio' name='answer-5[]' id='answer-id-22' class='answer answer-2  answerof-5' value='22' \/>&nbsp;<label for='answer-id-22' id='answer-label-22' class=' answer label-2'><span class='answer'>non<\/span><\/label><\/div>\n<\/div><input type='hidden' id='questionType2' value='radio' class=''><\/div><div class='watu-question' id='question-3'><div class='question-content'><p><span class='watu_num'>3. <\/span>Connaissez-vous quelqu\u2019un dont la vie est un v\u00e9ritable \u00ab roman \u00bb ?<\/p>\n<\/div><input type='hidden' name='question_id[]' value='6' \/><div class='watu-questions-wrap '><input type='hidden' name='answer_ids[]' class='watu-answer-ids' value='23' \/><div class='watu-question-choice'><input type='radio' name='answer-6[]' id='answer-id-23' class='answer answer-3  answerof-6' value='23' \/>&nbsp;<label for='answer-id-23' id='answer-label-23' class=' answer label-3'><span class='answer'>oui<\/span><\/label><\/div>\n<input type='hidden' name='answer_ids[]' class='watu-answer-ids' value='24' \/><div class='watu-question-choice'><input type='radio' name='answer-6[]' id='answer-id-24' class='answer answer-3  answerof-6' value='24' \/>&nbsp;<label for='answer-id-24' id='answer-label-24' class=' answer label-3'><span class='answer'>non<\/span><\/label><\/div>\n<\/div><input type='hidden' id='questionType3' value='radio' class=''><\/div><div class='watu-question' id='question-4'><div class='question-content'><p><span class='watu_num'>4. <\/span>Un moment fort de votre vie, une journ\u00e9e importante pour quelqu\u2019un de votre entourage, un \u00e9v\u00e9nement familial, m\u00e9riterait-il d\u2019\u00eatre relat\u00e9 dans un livre ?<\/p>\n<\/div><input type='hidden' name='question_id[]' value='7' \/><div class='watu-questions-wrap '><input type='hidden' name='answer_ids[]' class='watu-answer-ids' value='25' \/><div class='watu-question-choice'><input type='radio' name='answer-7[]' id='answer-id-25' class='answer answer-4  answerof-7' value='25' \/>&nbsp;<label for='answer-id-25' id='answer-label-25' class=' answer label-4'><span class='answer'>oui<\/span><\/label><\/div>\n<input type='hidden' name='answer_ids[]' class='watu-answer-ids' value='26' \/><div class='watu-question-choice'><input type='radio' name='answer-7[]' id='answer-id-26' class='answer answer-4  answerof-7' value='26' \/>&nbsp;<label for='answer-id-26' id='answer-label-26' class=' answer label-4'><span class='answer'>non<\/span><\/label><\/div>\n<\/div><input type='hidden' id='questionType4' value='radio' class=''><\/div><div class='watu-question' id='question-5'><div class='question-content'><p><span class='watu_num'>5. <\/span>Aimeriez-vous redonner \u00ab une seconde vie \u00bb \u00e0 des photos noir et blanc et autres vieux documents (lettres, cartes postales) qui s\u2019accumulent chez vous ou chez des proches ? <\/p>\n<\/div><input type='hidden' name='question_id[]' value='8' \/><div class='watu-questions-wrap '><input type='hidden' name='answer_ids[]' class='watu-answer-ids' value='27' \/><div class='watu-question-choice'><input type='radio' name='answer-8[]' id='answer-id-27' class='answer answer-5  answerof-8' value='27' \/>&nbsp;<label for='answer-id-27' id='answer-label-27' class=' answer label-5'><span class='answer'>oui<\/span><\/label><\/div>\n<input type='hidden' name='answer_ids[]' class='watu-answer-ids' value='28' \/><div class='watu-question-choice'><input type='radio' name='answer-8[]' id='answer-id-28' class='answer answer-5  answerof-8' value='28' \/>&nbsp;<label for='answer-id-28' id='answer-label-28' class=' answer label-5'><span class='answer'>non<\/span><\/label><\/div>\n<\/div><input type='hidden' id='questionType5' value='radio' class=''><\/div><div class='watu-question' id='question-6'><div class='question-content'><p><span class='watu_num'>6. <\/span>Avez-vous d\u00e9j\u00e0 rencontr\u00e9 des gens qui ont commenc\u00e9 \u00e0 \u00e9crire leur histoire ? Et dont le travail d\u2019\u00e9criture reste inachev\u00e9 ou peine<br \/>\n\u00e0 se concr\u00e9tiser\u2026 <\/p>\n<\/div><input type='hidden' name='question_id[]' value='9' \/><div class='watu-questions-wrap '><input type='hidden' name='answer_ids[]' class='watu-answer-ids' value='29' \/><div class='watu-question-choice'><input type='radio' name='answer-9[]' id='answer-id-29' class='answer answer-6  answerof-9' value='29' \/>&nbsp;<label for='answer-id-29' id='answer-label-29' class=' answer label-6'><span class='answer'>oui<\/span><\/label><\/div>\n<input type='hidden' name='answer_ids[]' class='watu-answer-ids' value='30' \/><div class='watu-question-choice'><input type='radio' name='answer-9[]' id='answer-id-30' class='answer answer-6  answerof-9' value='30' \/>&nbsp;<label for='answer-id-30' id='answer-label-30' class=' answer label-6'><span class='answer'>non<\/span><\/label><\/div>\n<\/div><input type='hidden' id='questionType6' value='radio' class=''><\/div><div style='display:none' id='question-7'><br \/><div class='question-content'><img loading=\"lazy\" decoding=\"async\" src=\"https:\/\/surlechemindesmots.fr\/wp-content\/plugins\/watu\/loading.gif\" width=\"16\" height=\"16\" alt=\"Chargement ...\" title=\"Chargement ...\" \/>&nbsp;Chargement &#8230;<\/div><\/div><br \/>\n<input type=\"button\" name=\"action\" onclick=\"Watu.submitResult()\" id=\"action-button\" value=\"Envoy\u00e9\"  class=\"watu-submit-button\" \/>\n<input type=\"hidden\" name=\"no_ajax\" value=\"0\"><input type=\"hidden\" name=\"quiz_id\" value=\"2\" \/>\n<input type=\"hidden\" id=\"watuStartTime\" name=\"start_time\" value=\"2026-04-22 11:33:45\" \/>\n<\/form>\n<\/div>\n<div id=\"watu-loading-result\" style=\"display:none;\">\n\t<p align=\"center\"><img loading=\"lazy\" decoding=\"async\" src=\"https:\/\/surlechemindesmots.fr\/wp-content\/plugins\/watu\/loading.gif\" width=\"16\" height=\"16\" alt=\"Chargement\" title=\"Chargement\" \/><\/p>\n<\/div>\t\n<script type=\"text\/javascript\">\nvar exam_id=0;\nvar question_ids='';\nvar watuURL='';\njQuery(function($){\nquestion_ids = \"4,5,6,7,8,9\";\nexam_id = 2;\nWatu.exam_id = exam_id;\nWatu.qArr = question_ids.split(',');\nWatu.post_id = 1688;\nWatu.singlePage = '1';\nWatu.hAppID = \"0.51366400 1776854025\";\nwatuURL = \"https:\/\/surlechemindesmots.fr\/wp-admin\/admin-ajax.php\";\nWatu.noAlertUnanswered = 0;\n});\n<\/script>\n<p>[\/et_pb_text][\/et_pb_column][\/et_pb_row][\/et_pb_section]<\/p>\n","protected":false},"excerpt":{"rendered":"<p>Une histoire, un livre sommeille peut-\u00eatre en vous&#8230; Ou pr\u00e8s de chez vous ! Pour le savoir, prenez 30 secondes pour r\u00e9pondre \u00e0 ces 6\u00a0questions. Verdict ? \u00a0 Veuillez aller sur <a href='https:\/\/surlechemindesmots.fr\/index.php\/quiz\/'>LE TEST<\/a> pour voir le test<\/p>\n","protected":false},"author":1,"featured_media":0,"parent":0,"menu_order":0,"comment_status":"closed","ping_status":"closed","template":"","meta":{"_et_pb_use_builder":"on","_et_pb_old_content":"","_et_gb_content_width":"","footnotes":""},"yoast_head":"<!-- This site is optimized with the Yoast SEO plugin v22.5 - https:\/\/yoast.com\/wordpress\/plugins\/seo\/ -->\n<title>LE TEST - Sur le chemin des mots<\/title>\n<meta name=\"robots\" content=\"index, follow, max-snippet:-1, max-image-preview:large, max-video-preview:-1\" \/>\n<link rel=\"canonical\" href=\"https:\/\/surlechemindesmots.fr\/index.php\/quiz\/\" \/>\n<meta property=\"og:locale\" content=\"fr_FR\" \/>\n<meta property=\"og:type\" content=\"article\" \/>\n<meta property=\"og:title\" content=\"LE TEST - Sur le chemin des mots\" \/>\n<meta property=\"og:description\" content=\"Une histoire, un livre sommeille peut-\u00eatre en vous... Ou pr\u00e8s de chez vous ! Pour le savoir, prenez 30 secondes pour r\u00e9pondre \u00e0 ces 6\u00a0questions. Verdict ? \u00a0\" \/>\n<meta property=\"og:url\" content=\"https:\/\/surlechemindesmots.fr\/index.php\/quiz\/\" \/>\n<meta property=\"og:site_name\" content=\"Sur le chemin des mots\" \/>\n<meta property=\"article:modified_time\" content=\"2016-09-05T09:53:58+00:00\" \/>\n<meta name=\"twitter:card\" content=\"summary_large_image\" \/>\n<meta name=\"twitter:label1\" content=\"Dur\u00e9e de lecture estim\u00e9e\" \/>\n\t<meta name=\"twitter:data1\" content=\"1 minute\" \/>\n<script type=\"application\/ld+json\" class=\"yoast-schema-graph\">{\"@context\":\"https:\/\/schema.org\",\"@graph\":[{\"@type\":\"WebPage\",\"@id\":\"https:\/\/surlechemindesmots.fr\/index.php\/quiz\/\",\"url\":\"https:\/\/surlechemindesmots.fr\/index.php\/quiz\/\",\"name\":\"LE TEST - Sur le chemin des mots\",\"isPartOf\":{\"@id\":\"https:\/\/surlechemindesmots.fr\/#website\"},\"datePublished\":\"2016-09-04T12:23:39+00:00\",\"dateModified\":\"2016-09-05T09:53:58+00:00\",\"breadcrumb\":{\"@id\":\"https:\/\/surlechemindesmots.fr\/index.php\/quiz\/#breadcrumb\"},\"inLanguage\":\"fr-FR\",\"potentialAction\":[{\"@type\":\"ReadAction\",\"target\":[\"https:\/\/surlechemindesmots.fr\/index.php\/quiz\/\"]}]},{\"@type\":\"BreadcrumbList\",\"@id\":\"https:\/\/surlechemindesmots.fr\/index.php\/quiz\/#breadcrumb\",\"itemListElement\":[{\"@type\":\"ListItem\",\"position\":1,\"name\":\"Accueil\",\"item\":\"https:\/\/surlechemindesmots.fr\/\"},{\"@type\":\"ListItem\",\"position\":2,\"name\":\"LE TEST\"}]},{\"@type\":\"WebSite\",\"@id\":\"https:\/\/surlechemindesmots.fr\/#website\",\"url\":\"https:\/\/surlechemindesmots.fr\/\",\"name\":\"Sur le chemin des mots\",\"description\":\"\",\"potentialAction\":[{\"@type\":\"SearchAction\",\"target\":{\"@type\":\"EntryPoint\",\"urlTemplate\":\"https:\/\/surlechemindesmots.fr\/?s={search_term_string}\"},\"query-input\":\"required name=search_term_string\"}],\"inLanguage\":\"fr-FR\"}]}<\/script>\n<!-- \/ Yoast SEO plugin. -->","yoast_head_json":{"title":"LE TEST - Sur le chemin des mots","robots":{"index":"index","follow":"follow","max-snippet":"max-snippet:-1","max-image-preview":"max-image-preview:large","max-video-preview":"max-video-preview:-1"},"canonical":"https:\/\/surlechemindesmots.fr\/index.php\/quiz\/","og_locale":"fr_FR","og_type":"article","og_title":"LE TEST - Sur le chemin des mots","og_description":"Une histoire, un livre sommeille peut-\u00eatre en vous... Ou pr\u00e8s de chez vous ! Pour le savoir, prenez 30 secondes pour r\u00e9pondre \u00e0 ces 6\u00a0questions. Verdict ? \u00a0","og_url":"https:\/\/surlechemindesmots.fr\/index.php\/quiz\/","og_site_name":"Sur le chemin des mots","article_modified_time":"2016-09-05T09:53:58+00:00","twitter_card":"summary_large_image","twitter_misc":{"Dur\u00e9e de lecture estim\u00e9e":"1 minute"},"schema":{"@context":"https:\/\/schema.org","@graph":[{"@type":"WebPage","@id":"https:\/\/surlechemindesmots.fr\/index.php\/quiz\/","url":"https:\/\/surlechemindesmots.fr\/index.php\/quiz\/","name":"LE TEST - Sur le chemin des mots","isPartOf":{"@id":"https:\/\/surlechemindesmots.fr\/#website"},"datePublished":"2016-09-04T12:23:39+00:00","dateModified":"2016-09-05T09:53:58+00:00","breadcrumb":{"@id":"https:\/\/surlechemindesmots.fr\/index.php\/quiz\/#breadcrumb"},"inLanguage":"fr-FR","potentialAction":[{"@type":"ReadAction","target":["https:\/\/surlechemindesmots.fr\/index.php\/quiz\/"]}]},{"@type":"BreadcrumbList","@id":"https:\/\/surlechemindesmots.fr\/index.php\/quiz\/#breadcrumb","itemListElement":[{"@type":"ListItem","position":1,"name":"Accueil","item":"https:\/\/surlechemindesmots.fr\/"},{"@type":"ListItem","position":2,"name":"LE TEST"}]},{"@type":"WebSite","@id":"https:\/\/surlechemindesmots.fr\/#website","url":"https:\/\/surlechemindesmots.fr\/","name":"Sur le chemin des mots","description":"","potentialAction":[{"@type":"SearchAction","target":{"@type":"EntryPoint","urlTemplate":"https:\/\/surlechemindesmots.fr\/?s={search_term_string}"},"query-input":"required name=search_term_string"}],"inLanguage":"fr-FR"}]}},"_links":{"self":[{"href":"https:\/\/surlechemindesmots.fr\/index.php\/wp-json\/wp\/v2\/pages\/1688"}],"collection":[{"href":"https:\/\/surlechemindesmots.fr\/index.php\/wp-json\/wp\/v2\/pages"}],"about":[{"href":"https:\/\/surlechemindesmots.fr\/index.php\/wp-json\/wp\/v2\/types\/page"}],"author":[{"embeddable":true,"href":"https:\/\/surlechemindesmots.fr\/index.php\/wp-json\/wp\/v2\/users\/1"}],"replies":[{"embeddable":true,"href":"https:\/\/surlechemindesmots.fr\/index.php\/wp-json\/wp\/v2\/comments?post=1688"}],"version-history":[{"count":10,"href":"https:\/\/surlechemindesmots.fr\/index.php\/wp-json\/wp\/v2\/pages\/1688\/revisions"}],"predecessor-version":[{"id":1703,"href":"https:\/\/surlechemindesmots.fr\/index.php\/wp-json\/wp\/v2\/pages\/1688\/revisions\/1703"}],"wp:attachment":[{"href":"https:\/\/surlechemindesmots.fr\/index.php\/wp-json\/wp\/v2\/media?parent=1688"}],"curies":[{"name":"wp","href":"https:\/\/api.w.org\/{rel}","templated":true}]}}