{"id":316,"date":"2016-06-27T20:36:12","date_gmt":"2016-06-27T19:36:12","guid":{"rendered":"http:\/\/surlechemindesmots.fr\/?page_id=316"},"modified":"2017-03-04T14:47:22","modified_gmt":"2017-03-04T13:47:22","slug":"mes-tarifs-en-details","status":"publish","type":"page","link":"https:\/\/surlechemindesmots.fr\/index.php\/mes-tarifs-en-details\/","title":{"rendered":"EN DETAIL"},"content":{"rendered":"<p>[et_pb_section admin_label=&#8221;section&#8221; fullwidth=&#8221;on&#8221; specialty=&#8221;off&#8221; inner_shadow=&#8221;off&#8221; parallax=&#8221;off&#8221; background_color=&#8221;#2ea3f2&#8243;][et_pb_fullwidth_header admin_label=&#8221;Fullwidth Header&#8221; title=&#8221;Tarifs en d\u00e9tail&#8221; background_layout=&#8221;dark&#8221; text_orientation=&#8221;center&#8221; header_fullscreen=&#8221;on&#8221; header_scroll_down=&#8221;off&#8221; background_url=&#8221;https:\/\/surlechemindesmots.fr\/wp-content\/uploads\/2016\/06\/iStock_70570239_LARGE-2.jpg&#8221; parallax=&#8221;on&#8221; parallax_method=&#8221;off&#8221; logo_image_url=&#8221;https:\/\/surlechemindesmots.fr\/wp-content\/uploads\/2016\/06\/plume.png&#8221; content_orientation=&#8221;center&#8221; image_orientation=&#8221;center&#8221; custom_button_one=&#8221;off&#8221; button_one_letter_spacing=&#8221;0&#8243; button_one_use_icon=&#8221;default&#8221; button_one_icon_placement=&#8221;right&#8221; button_one_on_hover=&#8221;on&#8221; button_one_letter_spacing_hover=&#8221;0&#8243; custom_button_two=&#8221;off&#8221; button_two_letter_spacing=&#8221;0&#8243; button_two_use_icon=&#8221;default&#8221; button_two_icon_placement=&#8221;right&#8221; button_two_on_hover=&#8221;on&#8221; button_two_letter_spacing_hover=&#8221;0&#8243; title_font=&#8221;Source Sans Pro||||&#8221; title_font_size=&#8221;100px&#8221;] [\/et_pb_fullwidth_header][\/et_pb_section][et_pb_section admin_label=&#8221;section&#8221;][et_pb_row admin_label=&#8221;row&#8221;][et_pb_column type=&#8221;4_4&#8243;][et_pb_text admin_label=&#8221;Text&#8221; background_layout=&#8221;light&#8221; text_orientation=&#8221;left&#8221; use_border_color=&#8221;off&#8221; border_color=&#8221;#ffffff&#8221; border_style=&#8221;solid&#8221;]<\/p>\n<h5 style=\"text-align: justify;\">Chaque r\u00e9cit de vie est unique et l&#8217;\u00e9criture est loin d&#8217;\u00eatre une science exacte ! Toutefois, et parce qu&#8217;il est normal que vous connaissiez le budget pr\u00e9visionnel de\u00a0votre projet, voici comment sont factur\u00e9s mes services.<\/h5>\n<p>[\/et_pb_text][et_pb_text admin_label=&#8221;Texte&#8221; background_layout=&#8221;light&#8221; text_orientation=&#8221;left&#8221; use_border_color=&#8221;off&#8221; border_color=&#8221;#ffffff&#8221; border_style=&#8221;solid&#8221;]<\/p>\n<p style=\"text-align: justify;\">Mon tarif horaire est de <strong>35 \u20ac\u00a0<\/strong>(pour tous les services que je suis en mesure de vous proposer : r\u00e9cit de vie, biographie, r\u00e9daction&#8230;)\u00a0Notre premi\u00e8re rencontre est <strong>gratuite et sans engagement<\/strong>. Mes\u00a0frais de d\u00e9placement sont calcul\u00e9s\u00a0selon le bar\u00e8me fiscal de l\u2019ann\u00e9e en cours (<strong>0,40 \u20ac\/km<\/strong>), mais je ne facture pas le temps de d\u00e9placement, ni les d\u00e9placements \u00e0 moins de 20 km de mon domicile. De m\u00eame, ces frais ne sont pas dus lors\u00a0de notre premi\u00e8re rencontre.<\/p>\n<p>[\/et_pb_text][\/et_pb_column][\/et_pb_row][et_pb_row admin_label=&#8221;Ligne&#8221;][et_pb_column type=&#8221;2_3&#8243;][et_pb_text admin_label=&#8221;Texte&#8221; background_layout=&#8221;light&#8221; text_orientation=&#8221;left&#8221; use_border_color=&#8221;off&#8221; border_color=&#8221;#ffffff&#8221; border_style=&#8221;solid&#8221;]<\/p>\n<h5>Biographies, r\u00e9cits de vie :<\/h5>\n<p style=\"text-align: justify;\">Sur la base d\u2019une heure d\u2019entretien enregistr\u00e9, <strong>chaque s\u00e9ance de travail est factur\u00e9e 210 <\/strong><strong>euros :<\/strong>\u00a01 heure d&#8217;entretien + 5 heures de travail \u00e0 mon bureau, soit 6 heures de travail au total.<\/p>\n<p>Une s\u00e9ance de travail\u00a0comprend :<\/p>\n<ul>\n<li>le temps d&#8217;\u00e9coute et d\u2019entretien<\/li>\n<li>le temps de retranscription, d&#8217;\u00e9criture, de relecture et de correction.<\/li>\n<li>l\u2019\u00e9laboration du r\u00e9cit. Au fil de nos rencontres, au gr\u00e9 de vos souvenirs, des allers-retours s\u2019op\u00e8rent en effet dans les pages que nous avons d\u00e9j\u00e0 \u00e9crites, et ceci est bien normal.<\/li>\n<li>et la mise en page du livre.<\/li>\n<\/ul>\n<p style=\"text-align: justify;\"><em>Bien qu\u2019elle repr\u00e9sente plusieurs heures de travail, j\u2019ai fais le choix d\u2019inclure la mise en page dans le co\u00fbt d\u2019une s\u00e9ance. L\u2019\u00e9laboration de la premi\u00e8re et quatri\u00e8me de couverture, la mise en page int\u00e9rieure et la num\u00e9risation des photos ne feront donc pas l\u2019objet d\u2019une facturation suppl\u00e9mentaire &#8211; sauf en cas de travaux de PAO particuliers &#8211; \u00e0 la fin de nos s\u00e9ances\u00a0de travail.<\/em><\/p>\n<p><strong>Vous n&#8217;effectuez pas de paiement \u00e0 l\u2019avance <\/strong>(juste un acompte de garantie) Voir\u00a0: <a href=\"https:\/\/surlechemindesmots.fr\/index.php\/a-votre-rythme\/\">A votre rythme !\u00a0<\/a><\/p>\n<p><strong>Suivi de fabrication<\/strong> du livre : <strong>140 \u20ac<\/strong> ; cette prestation\u00a0comprend\u00a0:<\/p>\n<ul>\n<li>les correspondances t\u00e9l\u00e9phoniques et courriels avec l\u2019imprimeur retenu,<\/li>\n<li>la correction compl\u00e8te du livre avant la validation du bon \u00e0 tirer (BAT),<\/li>\n<li>le suivi des d\u00e9lais de fabrication,<\/li>\n<li>la r\u00e9ception de votre livre,<\/li>\n<li>et sa livraison chez vous.<\/li>\n<\/ul>\n<p><strong>\u00c0 cela s&#8217;ajoute le co\u00fbt de fabrication du livre :\u00a0<\/strong>entre 15 \u00e0 20 euros pour un livre d\u2019une centaine de pages,\u00a0imprim\u00e9 en 20 exemplaires, contenant une dizaine de photos en noir et blanc et une couverture en couleur. Voir : <a href=\"https:\/\/surlechemindesmots.fr\/index.php\/etape-5-la-fabrication-de-votre-livre\/\">la fabrication de votre livre<\/a><\/p>\n<p>&nbsp;<\/p>\n<p>[\/et_pb_text][et_pb_text admin_label=&#8221;Texte&#8221; background_layout=&#8221;light&#8221; text_orientation=&#8221;left&#8221; use_border_color=&#8221;off&#8221; border_color=&#8221;#ffffff&#8221; border_style=&#8221;solid&#8221;]<\/p>\n<h5>Travaux de correction et de relecture :<\/h5>\n<p style=\"text-align: justify;\"><span style=\"color: #000000;\">Je peux \u00e9galement corriger\u00a0<strong>vos\u00a0th\u00e8ses, vos\u00a0m\u00e9moires, vos\u00a0rapports de stage, vos\u00a0documents professionnels, vos romans\u2026<\/strong> et tous types de documents \u00e9crits en fran\u00e7ais. Voir :<\/span> <a href=\"https:\/\/surlechemindesmots.fr\/index.php\/170-2\/\">vos garanties<\/a><\/p>\n<p style=\"text-align: justify;\"><span style=\"color: #000000;\">Mes tarifs sont bas\u00e9s\u00a0sur le<\/span><strong><span style=\"color: #000000;\"> nombre de signes<\/span><\/strong><span style=\"color: #000000;\">\u00a0<\/span><span style=\"color: #000000;\">et non pas\u00a0<\/span><span style=\"color: #000000;\">s<\/span><span style=\"color: #000000;\">ur\u00a0le nombre de mots, ni sur le nombre de pages. Explications ci-contre.\u00a0<\/span><\/p>\n<p style=\"text-align: justify;\"><span style=\"color: #000000;\">Mes tarifs sont\u00a0\u00e9galement modulables, selon\u00a0la<strong> longueur<\/strong> du document (tarification d\u00e9gressive pour les documents volumineux), du <strong>niveau de correction<\/strong> demand\u00e9 (correction simple\u00a0ou approfondie), du <strong>type de document<\/strong> (par exemple : s\u2019il contient beaucoup de termes techniques) et du <strong>d\u00e9lai<\/strong> de livraison demand\u00e9.\u00a0<\/span><\/p>\n<p style=\"text-align: justify;\"><span style=\"color: #000000;\">A titre indicatif, je me base sur :<\/span><\/p>\n<ul>\n<li style=\"text-align: justify;\"><span style=\"color: #000000;\"><strong>20 000 signes \u00e0 l&#8217;heure<\/strong>\u00a0(13 pages) pour une correction simple qui portera sur\u00a0l\u2019orthographe, la\u00a0grammaire, la\u00a0conjugaison, la\u00a0ponctuation\u00a0et la\u00a0typographie ;<\/span><\/li>\n<li style=\"text-align: justify;\"><span style=\"color: #000000;\"><strong>12 000 signes\/heure<\/strong>\u00a0(8 pages) pour une correction approfondie qui portera, en plus, sur les erreurs de\u00a0syntaxe, les maladresses de style, la chasse au &#8220;r\u00e9p\u00e9titions&#8221;, la concordance des temps, voire un peu\u00a0de r\u00e9\u00e9criture&#8230;<\/span><\/li>\n<\/ul>\n<p style=\"text-align: justify;\"><span style=\"color: #000000;\">Le plus simple reste toutefois de me contacter pour\u00a0un\u00a0<strong>devis personnalis\u00e9, gratuit et sans engagement.\u00a0<\/strong>Afin d\u2019obtenir un devis le plus juste, je vous propose de me faire parvenir le (ou les) document(s) concern\u00e9(s) : ils seront\u00a0conserv\u00e9s en toute confidentialit\u00e9 ou d\u00e9truits, si nous ne travaillons pas ensemble.\u00a0<\/span><\/p>\n<p style=\"text-align: justify;\"><span style=\"color: #000000;\">Nous pouvons, bien s\u00fbr, nous rencontrer, pour que je vous explique en d\u00e9tail ma m\u00e9thode de travail.\u00a0Le prix d\u00e9finitif sera fix\u00e9 apr\u00e8s cet\u00a0<strong>\u00e9change direct<\/strong>\u00a0avec vous et une\u00a0<strong>\u00e9tude personnalis\u00e9e<\/strong>\u00a0de votre demande.\u00a0<\/span><\/p>\n<p>[\/et_pb_text][et_pb_text admin_label=&#8221;Texte&#8221; background_layout=&#8221;light&#8221; text_orientation=&#8221;left&#8221; use_border_color=&#8221;off&#8221; border_color=&#8221;#ffffff&#8221; border_style=&#8221;solid&#8221;]<\/p>\n<h5>Autres services :<\/h5>\n<p style=\"text-align: justify;\">Me contacter pour les piges journalistiques et la r\u00e9daction de contenus pour les sites internet.<\/p>\n<p>[\/et_pb_text][\/et_pb_column][et_pb_column type=&#8221;1_3&#8243;][et_pb_accordion admin_label=&#8221;Accord\u00e9on&#8221; use_border_color=&#8221;on&#8221; border_color=&#8221;#ffffff&#8221; border_style=&#8221;solid&#8221; open_toggle_text_color=&#8221;#ffffff&#8221; open_toggle_background_color=&#8221;#f7f7f7&#8243; closed_toggle_background_color=&#8221;#0cb0c9&#8243; border_width=&#8221;0px&#8221;] [et_pb_accordion_item]<\/p>\n<p style=\"text-align: justify;\"><strong>1 heure d\u2019entretien<\/strong> enregistr\u00e9 aboutit en g\u00e9n\u00e9ral \u00e0 <strong>10 pages<\/strong> d\u2019\u00e9criture (format A5)<\/p>\n<p style=\"text-align: justify;\"><strong>Une vie bien remplie<\/strong> n\u00e9cessite <strong>au moins 12 heures <\/strong>d\u2019enregistrement.<\/p>\n<p style=\"text-align: justify;\">Pour les travaux d\u2019\u00e9criture qui demandent des\u00a0entretiens de<strong> plus de 2 heures<\/strong> ou des entretiens <strong>regroup\u00e9s\u00a0sur plusieurs jours<\/strong>,\u00a0un devis personnalis\u00e9\u00a0est propos\u00e9, apr\u00e8s avoir analys\u00e9 les d\u00e9tails de la prestation souhait\u00e9e.<\/p>\n<p style=\"text-align: justify;\"><strong>L\u2019essentiel d\u2019une vie <\/strong>peut \u00eatre dit en <strong>8 heures<\/strong> (d\u2019entretien).<\/p>\n<p style=\"text-align: justify;\">J\u2019essaie \u00e9galement d\u2019adapter la prestation \u00e0 votre budget, de respecter au mieux\u00a0l\u2019enveloppe que vous vous \u00eates fix\u00e9e : tout sera\u00a0dit, mais de fa\u00e7on sans doute\u00a0moins d\u00e9taill\u00e9e.\u00a0Par exemple,<strong> 3 heures <\/strong>d&#8217;entretiens peuvent suffire pour r\u00e9unir\u00a0des t\u00e9moignages ou des anecdotes ! Voir :<span style=\"color: #33cccc;\"><a style=\"color: #33cccc;\" href=\"https:\/\/surlechemindesmots.fr\/index.php\/tarifs\/petits-budgets\/\"> je, tu&#8230; e-livre<\/a><\/span><\/p>\n<p style=\"text-align: justify;\">N&#8217;h\u00e9sitez pas \u00e0 me faire part de vos projets !<\/p>\n<p>[\/et_pb_accordion_item] [\/et_pb_accordion][et_pb_accordion admin_label=&#8221;Accord\u00e9on&#8221; use_border_color=&#8221;on&#8221; border_color=&#8221;#ffffff&#8221; border_style=&#8221;solid&#8221; open_toggle_background_color=&#8221;#f7f7f7&#8243; border_width=&#8221;0px&#8221;] [et_pb_accordion_item]<\/p>\n<p><strong>Les signes sont : les caract\u00e8res <span style=\"text-decoration: underline;\">et<\/span> les espaces comprises\u00a0<\/strong>(<em>espace<\/em>\u00a0est un nom f\u00e9minin en typographie).<\/p>\n<p style=\"text-align: justify;\">Par exemple, dans la phrase : \u00ab\u00a0Les \u00e9crits restent \u00bb<\/p>\n<p style=\"text-align: justify;\">Les \u00e9crits restent = 3 mots<\/p>\n<p style=\"text-align: justify;\">3 (L-e-s) + 5 (\u00e9-c-r-i-t-s) + 7 (r-e-s-t-e-n-t) = 15 caract\u00e8res<\/p>\n<p style=\"text-align: justify;\">3 (L-e-s) + 1 espace + 5\u00a0(\u00e9-c-r-i-t-s) + 1 espace + 7 (r-e-s-t-e-n-t) = <strong>17 signes<\/strong><\/p>\n<p style=\"text-align: justify;\">Un correcteur est ainsi r\u00e9mun\u00e9r\u00e9 en fonction de la longueur du texte qu&#8217;il a corrig\u00e9, calcul\u00e9e en nombre de signes.<\/p>\n<p style=\"text-align: justify;\"><strong>Une page correspond selon le Syndicat des correcteurs \u00e0 1 500 signes<\/strong> : environ 25 lignes de 60 signes (ponctuation et espaces comprises), police de 10, Verdana, interlignages 1,5, marges de 3 cm et format A4)..<\/p>\n<p>[\/et_pb_accordion_item] [\/et_pb_accordion][\/et_pb_column][\/et_pb_row][\/et_pb_section][et_pb_section admin_label=&#8221;Section&#8221; fullwidth=&#8221;off&#8221; specialty=&#8221;off&#8221;][et_pb_row admin_label=&#8221;Ligne&#8221;][et_pb_column type=&#8221;1_4&#8243;][\/et_pb_column][et_pb_column type=&#8221;1_2&#8243;][et_pb_cta admin_label=&#8221;Appel d&#8217;action&#8221; title=&#8221;A votre rythme&#8221; button_url=&#8221;https:\/\/surlechemindesmots.fr\/index.php\/a-votre-rythme\/&#8221; url_new_window=&#8221;off&#8221; button_text=&#8221;Voir&#8221; use_background_color=&#8221;off&#8221; background_color=&#8221;#2ed1f2&#8243; background_layout=&#8221;dark&#8221; text_orientation=&#8221;center&#8221; header_font_size=&#8221;20&#8243; header_text_color=&#8221;#0cb0c9&#8243; use_border_color=&#8221;on&#8221; border_color=&#8221;#ffffff&#8221; border_width=&#8221;0px&#8221; border_style=&#8221;solid&#8221; custom_button=&#8221;on&#8221; button_text_color=&#8221;#0cb0c9&#8243; button_letter_spacing=&#8221;0&#8243; button_use_icon=&#8221;default&#8221; button_icon_placement=&#8221;right&#8221; button_on_hover=&#8221;on&#8221; button_text_color_hover=&#8221;#ffffff&#8221; button_bg_color_hover=&#8221;#0cb0c9&#8243; button_letter_spacing_hover=&#8221;0&#8243;] [\/et_pb_cta][\/et_pb_column][et_pb_column type=&#8221;1_4&#8243;][\/et_pb_column][\/et_pb_row][\/et_pb_section]<\/p>\n","protected":false},"excerpt":{"rendered":"<p>Chaque r\u00e9cit de vie est unique et l&#8217;\u00e9criture est loin d&#8217;\u00eatre une science exacte ! Toutefois, et parce qu&#8217;il est normal que vous connaissiez le budget pr\u00e9visionnel de\u00a0votre projet, voici comment sont factur\u00e9s mes services. Mon tarif horaire est de 35 \u20ac\u00a0(pour tous les services que je suis en mesure de vous proposer : r\u00e9cit [&hellip;]<\/p>\n","protected":false},"author":1,"featured_media":0,"parent":0,"menu_order":0,"comment_status":"closed","ping_status":"closed","template":"","meta":{"_et_pb_use_builder":"on","_et_pb_old_content":"","_et_gb_content_width":"","footnotes":""},"yoast_head":"<!-- This site is optimized with the Yoast SEO plugin v22.5 - https:\/\/yoast.com\/wordpress\/plugins\/seo\/ -->\n<title>EN DETAIL - Sur le chemin des mots<\/title>\n<meta name=\"robots\" content=\"index, follow, max-snippet:-1, max-image-preview:large, max-video-preview:-1\" \/>\n<link rel=\"canonical\" href=\"https:\/\/surlechemindesmots.fr\/index.php\/mes-tarifs-en-details\/\" \/>\n<meta property=\"og:locale\" content=\"fr_FR\" \/>\n<meta property=\"og:type\" content=\"article\" \/>\n<meta property=\"og:title\" content=\"EN DETAIL - Sur le chemin des mots\" \/>\n<meta property=\"og:description\" content=\"Chaque r\u00e9cit de vie est unique et l&#039;\u00e9criture est loin d&#039;\u00eatre une science exacte ! Toutefois, et parce qu&#039;il est normal que vous connaissiez le budget pr\u00e9visionnel de\u00a0votre projet, voici comment sont factur\u00e9s mes services. Mon tarif horaire est de 35 \u20ac\u00a0(pour tous les services que je suis en mesure de vous proposer : r\u00e9cit [&hellip;]\" \/>\n<meta property=\"og:url\" content=\"https:\/\/surlechemindesmots.fr\/index.php\/mes-tarifs-en-details\/\" \/>\n<meta property=\"og:site_name\" content=\"Sur le chemin des mots\" \/>\n<meta property=\"article:modified_time\" content=\"2017-03-04T13:47:22+00:00\" \/>\n<meta name=\"twitter:card\" content=\"summary_large_image\" \/>\n<meta name=\"twitter:label1\" content=\"Dur\u00e9e de lecture estim\u00e9e\" \/>\n\t<meta name=\"twitter:data1\" content=\"7 minutes\" \/>\n<script type=\"application\/ld+json\" class=\"yoast-schema-graph\">{\"@context\":\"https:\/\/schema.org\",\"@graph\":[{\"@type\":\"WebPage\",\"@id\":\"https:\/\/surlechemindesmots.fr\/index.php\/mes-tarifs-en-details\/\",\"url\":\"https:\/\/surlechemindesmots.fr\/index.php\/mes-tarifs-en-details\/\",\"name\":\"EN DETAIL - Sur le chemin des mots\",\"isPartOf\":{\"@id\":\"https:\/\/surlechemindesmots.fr\/#website\"},\"datePublished\":\"2016-06-27T19:36:12+00:00\",\"dateModified\":\"2017-03-04T13:47:22+00:00\",\"breadcrumb\":{\"@id\":\"https:\/\/surlechemindesmots.fr\/index.php\/mes-tarifs-en-details\/#breadcrumb\"},\"inLanguage\":\"fr-FR\",\"potentialAction\":[{\"@type\":\"ReadAction\",\"target\":[\"https:\/\/surlechemindesmots.fr\/index.php\/mes-tarifs-en-details\/\"]}]},{\"@type\":\"BreadcrumbList\",\"@id\":\"https:\/\/surlechemindesmots.fr\/index.php\/mes-tarifs-en-details\/#breadcrumb\",\"itemListElement\":[{\"@type\":\"ListItem\",\"position\":1,\"name\":\"Accueil\",\"item\":\"https:\/\/surlechemindesmots.fr\/\"},{\"@type\":\"ListItem\",\"position\":2,\"name\":\"EN DETAIL\"}]},{\"@type\":\"WebSite\",\"@id\":\"https:\/\/surlechemindesmots.fr\/#website\",\"url\":\"https:\/\/surlechemindesmots.fr\/\",\"name\":\"Sur le chemin des mots\",\"description\":\"\",\"potentialAction\":[{\"@type\":\"SearchAction\",\"target\":{\"@type\":\"EntryPoint\",\"urlTemplate\":\"https:\/\/surlechemindesmots.fr\/?s={search_term_string}\"},\"query-input\":\"required name=search_term_string\"}],\"inLanguage\":\"fr-FR\"}]}<\/script>\n<!-- \/ Yoast SEO plugin. -->","yoast_head_json":{"title":"EN DETAIL - Sur le chemin des mots","robots":{"index":"index","follow":"follow","max-snippet":"max-snippet:-1","max-image-preview":"max-image-preview:large","max-video-preview":"max-video-preview:-1"},"canonical":"https:\/\/surlechemindesmots.fr\/index.php\/mes-tarifs-en-details\/","og_locale":"fr_FR","og_type":"article","og_title":"EN DETAIL - Sur le chemin des mots","og_description":"Chaque r\u00e9cit de vie est unique et l'\u00e9criture est loin d'\u00eatre une science exacte ! Toutefois, et parce qu'il est normal que vous connaissiez le budget pr\u00e9visionnel de\u00a0votre projet, voici comment sont factur\u00e9s mes services. Mon tarif horaire est de 35 \u20ac\u00a0(pour tous les services que je suis en mesure de vous proposer : r\u00e9cit [&hellip;]","og_url":"https:\/\/surlechemindesmots.fr\/index.php\/mes-tarifs-en-details\/","og_site_name":"Sur le chemin des mots","article_modified_time":"2017-03-04T13:47:22+00:00","twitter_card":"summary_large_image","twitter_misc":{"Dur\u00e9e de lecture estim\u00e9e":"7 minutes"},"schema":{"@context":"https:\/\/schema.org","@graph":[{"@type":"WebPage","@id":"https:\/\/surlechemindesmots.fr\/index.php\/mes-tarifs-en-details\/","url":"https:\/\/surlechemindesmots.fr\/index.php\/mes-tarifs-en-details\/","name":"EN DETAIL - Sur le chemin des mots","isPartOf":{"@id":"https:\/\/surlechemindesmots.fr\/#website"},"datePublished":"2016-06-27T19:36:12+00:00","dateModified":"2017-03-04T13:47:22+00:00","breadcrumb":{"@id":"https:\/\/surlechemindesmots.fr\/index.php\/mes-tarifs-en-details\/#breadcrumb"},"inLanguage":"fr-FR","potentialAction":[{"@type":"ReadAction","target":["https:\/\/surlechemindesmots.fr\/index.php\/mes-tarifs-en-details\/"]}]},{"@type":"BreadcrumbList","@id":"https:\/\/surlechemindesmots.fr\/index.php\/mes-tarifs-en-details\/#breadcrumb","itemListElement":[{"@type":"ListItem","position":1,"name":"Accueil","item":"https:\/\/surlechemindesmots.fr\/"},{"@type":"ListItem","position":2,"name":"EN DETAIL"}]},{"@type":"WebSite","@id":"https:\/\/surlechemindesmots.fr\/#website","url":"https:\/\/surlechemindesmots.fr\/","name":"Sur le chemin des mots","description":"","potentialAction":[{"@type":"SearchAction","target":{"@type":"EntryPoint","urlTemplate":"https:\/\/surlechemindesmots.fr\/?s={search_term_string}"},"query-input":"required name=search_term_string"}],"inLanguage":"fr-FR"}]}},"_links":{"self":[{"href":"https:\/\/surlechemindesmots.fr\/index.php\/wp-json\/wp\/v2\/pages\/316"}],"collection":[{"href":"https:\/\/surlechemindesmots.fr\/index.php\/wp-json\/wp\/v2\/pages"}],"about":[{"href":"https:\/\/surlechemindesmots.fr\/index.php\/wp-json\/wp\/v2\/types\/page"}],"author":[{"embeddable":true,"href":"https:\/\/surlechemindesmots.fr\/index.php\/wp-json\/wp\/v2\/users\/1"}],"replies":[{"embeddable":true,"href":"https:\/\/surlechemindesmots.fr\/index.php\/wp-json\/wp\/v2\/comments?post=316"}],"version-history":[{"count":306,"href":"https:\/\/surlechemindesmots.fr\/index.php\/wp-json\/wp\/v2\/pages\/316\/revisions"}],"predecessor-version":[{"id":1876,"href":"https:\/\/surlechemindesmots.fr\/index.php\/wp-json\/wp\/v2\/pages\/316\/revisions\/1876"}],"wp:attachment":[{"href":"https:\/\/surlechemindesmots.fr\/index.php\/wp-json\/wp\/v2\/media?parent=316"}],"curies":[{"name":"wp","href":"https:\/\/api.w.org\/{rel}","templated":true}]}}