{"id":320,"date":"2016-06-27T20:40:21","date_gmt":"2016-06-27T19:40:21","guid":{"rendered":"http:\/\/surlechemindesmots.fr\/?page_id=320"},"modified":"2016-07-22T13:38:19","modified_gmt":"2016-07-22T12:38:19","slug":"a-votre-rythme","status":"publish","type":"page","link":"https:\/\/surlechemindesmots.fr\/index.php\/a-votre-rythme\/","title":{"rendered":"A VOTRE RYTHME"},"content":{"rendered":"<p>[et_pb_section admin_label=&#8221;section&#8221; fullwidth=&#8221;on&#8221; specialty=&#8221;off&#8221; inner_shadow=&#8221;off&#8221; parallax=&#8221;off&#8221; background_color=&#8221;#2ea3f2&#8243;][et_pb_fullwidth_header admin_label=&#8221;Fullwidth Header&#8221; title=&#8221;A votre rythme !&#8221; background_layout=&#8221;dark&#8221; text_orientation=&#8221;center&#8221; header_fullscreen=&#8221;on&#8221; header_scroll_down=&#8221;off&#8221; background_url=&#8221;https:\/\/surlechemindesmots.fr\/wp-content\/uploads\/2016\/06\/iStock_21705337_LARGE.jpg&#8221; parallax=&#8221;on&#8221; parallax_method=&#8221;off&#8221; logo_image_url=&#8221;https:\/\/surlechemindesmots.fr\/wp-content\/uploads\/2016\/06\/plume.png&#8221; content_orientation=&#8221;center&#8221; image_orientation=&#8221;center&#8221; title_font=&#8221;Source Sans Pro||||&#8221; title_font_size=&#8221;100px&#8221; custom_button_one=&#8221;off&#8221; button_one_letter_spacing=&#8221;0&#8243; button_one_use_icon=&#8221;default&#8221; button_one_icon_placement=&#8221;right&#8221; button_one_on_hover=&#8221;on&#8221; button_one_letter_spacing_hover=&#8221;0&#8243; custom_button_two=&#8221;off&#8221; button_two_letter_spacing=&#8221;0&#8243; button_two_use_icon=&#8221;default&#8221; button_two_icon_placement=&#8221;right&#8221; button_two_on_hover=&#8221;on&#8221; button_two_letter_spacing_hover=&#8221;0&#8243;] [\/et_pb_fullwidth_header][\/et_pb_section][et_pb_section admin_label=&#8221;section&#8221;][et_pb_row admin_label=&#8221;row&#8221;][et_pb_column type=&#8221;4_4&#8243;][et_pb_text admin_label=&#8221;Text&#8221; background_layout=&#8221;light&#8221; text_orientation=&#8221;left&#8221; use_border_color=&#8221;off&#8221; border_color=&#8221;#ffffff&#8221; border_style=&#8221;solid&#8221;]<\/p>\n<h5 style=\"text-align: justify;\">Vos paiements interviennent au fil des \u00ab\u00a0livraisons\u00a0\u00bb successives du texte. La d\u00e9pense est donc modulable\u00a0: nous cheminons ainsi au rythme que vous voulez et selon vos possibilit\u00e9s financi\u00e8res. Simple et sans risque.<\/h5>\n<p>&nbsp;<\/p>\n<p style=\"text-align: justify;\"><strong>Mon travail est factur\u00e9<\/strong> \u00e0 l\u2019heure, ou plus exactement <strong>\u00e0 la s\u00e9ance de travail<\/strong>. La facture mentionne, en l\u2019occurrence, le temps d\u2019\u00e9coute \u2013 c&#8217;est-\u00e0-dire la dur\u00e9e de notre entretien\u00a0: une heure, deux heures\u2026 \u2013 et surtout le temps qui aura \u00e9t\u00e9 n\u00e9cessaire pour retranscrire vos paroles, par \u00e9crit. <strong>Mais vous n\u2019effectuez<\/strong> <strong>pas de paiement \u00e0 l\u2019avance<\/strong>\u00a0: vous ne payez que le travail r\u00e9alis\u00e9, au fur et \u00e0 mesure de son avancement. Concr\u00e8tement, quelques jours avant la s\u00e9ance suivante que nous avons programm\u00e9e, vous recevez (par mail ou par courrier) le \u00ab\u00a0fruit\u00a0\u00bb de notre pr\u00e9c\u00e9dente rencontre : vous en prenez connaissance, vous annotez au besoin les passages \u00e0 compl\u00e9ter ou \u00e0 modifier\u2026 La facture est jointe \u00e0 cette \u00ab\u00a0livraison\u00a0\u00bb. Vous me r\u00e9glez seulement lorsque nous nous revoyons.<\/p>\n<p style=\"text-align: justify;\">Cette formule tr\u00e8s souple pr\u00e9sente plusieurs avantages. <strong>Vous ne prenez aucun risque financier.<\/strong> Vos paiements interviennent au fil des livraisons successives du texte. Vous pouvez d\u2019ailleurs choisir la fr\u00e9quence\u00a0de nos rencontres, en fonction de vos possibilit\u00e9s de r\u00e8glement\u00a0: la d\u00e9pense est ainsi modulable sur plusieurs semaines ou plusieurs mois. Nous cheminons \u00e0 votre rythme\u00a0! Attention\u00a0toutefois \u00e0 ne pas perdre le fil de votre histoire, avec un trop grand \u00e9cart entre nos s\u00e9ances. La coh\u00e9rence de votre r\u00e9cit s\u2019en ressentirait\u2026<\/p>\n<p style=\"text-align: justify;\">Avec cette fa\u00e7on de proc\u00e9der, <strong>nous pouvons faire le point\u00a0\u00e0 tout moment<\/strong>, arr\u00eater, acc\u00e9l\u00e9rer ou r\u00e9duire le rythme des s\u00e9ances, \u00e0 votre convenance. Vous n&#8217;\u00eates li\u00e9s avec moi par aucun contrat, aucun engagement. Vous \u00eates donc libre d&#8217;interrompre \u00e0 tout moment notre collaboration \u2013 ce que je ne souhaite pas\u00a0! \u2013 tout en restant, bien s\u00fbr, propri\u00e9taire de ce qui a d\u00e9j\u00e0 \u00e9t\u00e9 r\u00e9dig\u00e9.<\/p>\n<p style=\"text-align: justify;\"><strong>La seule &#8220;avance&#8221; que vous me versez est un acompte de garantie<\/strong>,\u00a0au moment o\u00f9 nous nous mettons d&#8217;accord pour commencer \u00e0 travailler ensemble, c\u2019est-\u00e0-dire \u00e0 l\u2019issue de notre premier rencontre. Cette somme de 400 \u20ac sera \u00e0 d\u00e9duire lors du r\u00e8glement final.<\/p>\n<p>&nbsp;<\/p>\n<p>[\/et_pb_text][\/et_pb_column][\/et_pb_row][\/et_pb_section]<\/p>\n","protected":false},"excerpt":{"rendered":"<p>Vos paiements interviennent au fil des \u00ab\u00a0livraisons\u00a0\u00bb successives du texte. La d\u00e9pense est donc modulable\u00a0: nous cheminons ainsi au rythme que vous voulez et selon vos possibilit\u00e9s financi\u00e8res. Simple et sans risque. &nbsp; Mon travail est factur\u00e9 \u00e0 l\u2019heure, ou plus exactement \u00e0 la s\u00e9ance de travail. La facture mentionne, en l\u2019occurrence, le temps d\u2019\u00e9coute [&hellip;]<\/p>\n","protected":false},"author":1,"featured_media":0,"parent":0,"menu_order":0,"comment_status":"closed","ping_status":"closed","template":"","meta":{"_et_pb_use_builder":"on","_et_pb_old_content":"","_et_gb_content_width":"","footnotes":""},"yoast_head":"<!-- This site is optimized with the Yoast SEO plugin v22.5 - https:\/\/yoast.com\/wordpress\/plugins\/seo\/ -->\n<title>A VOTRE RYTHME - Sur le chemin des mots<\/title>\n<meta name=\"robots\" content=\"index, follow, max-snippet:-1, max-image-preview:large, max-video-preview:-1\" \/>\n<link rel=\"canonical\" href=\"https:\/\/surlechemindesmots.fr\/index.php\/a-votre-rythme\/\" \/>\n<meta property=\"og:locale\" content=\"fr_FR\" \/>\n<meta property=\"og:type\" content=\"article\" \/>\n<meta property=\"og:title\" content=\"A VOTRE RYTHME - Sur le chemin des mots\" \/>\n<meta property=\"og:description\" content=\"Vos paiements interviennent au fil des \u00ab\u00a0livraisons\u00a0\u00bb successives du texte. La d\u00e9pense est donc modulable\u00a0: nous cheminons ainsi au rythme que vous voulez et selon vos possibilit\u00e9s financi\u00e8res. Simple et sans risque. &nbsp; Mon travail est factur\u00e9 \u00e0 l\u2019heure, ou plus exactement \u00e0 la s\u00e9ance de travail. La facture mentionne, en l\u2019occurrence, le temps d\u2019\u00e9coute [&hellip;]\" \/>\n<meta property=\"og:url\" content=\"https:\/\/surlechemindesmots.fr\/index.php\/a-votre-rythme\/\" \/>\n<meta property=\"og:site_name\" content=\"Sur le chemin des mots\" \/>\n<meta property=\"article:modified_time\" content=\"2016-07-22T12:38:19+00:00\" \/>\n<meta name=\"twitter:card\" content=\"summary_large_image\" \/>\n<meta name=\"twitter:label1\" content=\"Dur\u00e9e de lecture estim\u00e9e\" \/>\n\t<meta name=\"twitter:data1\" content=\"3 minutes\" \/>\n<script type=\"application\/ld+json\" class=\"yoast-schema-graph\">{\"@context\":\"https:\/\/schema.org\",\"@graph\":[{\"@type\":\"WebPage\",\"@id\":\"https:\/\/surlechemindesmots.fr\/index.php\/a-votre-rythme\/\",\"url\":\"https:\/\/surlechemindesmots.fr\/index.php\/a-votre-rythme\/\",\"name\":\"A VOTRE RYTHME - Sur le chemin des mots\",\"isPartOf\":{\"@id\":\"https:\/\/surlechemindesmots.fr\/#website\"},\"datePublished\":\"2016-06-27T19:40:21+00:00\",\"dateModified\":\"2016-07-22T12:38:19+00:00\",\"breadcrumb\":{\"@id\":\"https:\/\/surlechemindesmots.fr\/index.php\/a-votre-rythme\/#breadcrumb\"},\"inLanguage\":\"fr-FR\",\"potentialAction\":[{\"@type\":\"ReadAction\",\"target\":[\"https:\/\/surlechemindesmots.fr\/index.php\/a-votre-rythme\/\"]}]},{\"@type\":\"BreadcrumbList\",\"@id\":\"https:\/\/surlechemindesmots.fr\/index.php\/a-votre-rythme\/#breadcrumb\",\"itemListElement\":[{\"@type\":\"ListItem\",\"position\":1,\"name\":\"Accueil\",\"item\":\"https:\/\/surlechemindesmots.fr\/\"},{\"@type\":\"ListItem\",\"position\":2,\"name\":\"A VOTRE RYTHME\"}]},{\"@type\":\"WebSite\",\"@id\":\"https:\/\/surlechemindesmots.fr\/#website\",\"url\":\"https:\/\/surlechemindesmots.fr\/\",\"name\":\"Sur le chemin des mots\",\"description\":\"\",\"potentialAction\":[{\"@type\":\"SearchAction\",\"target\":{\"@type\":\"EntryPoint\",\"urlTemplate\":\"https:\/\/surlechemindesmots.fr\/?s={search_term_string}\"},\"query-input\":\"required name=search_term_string\"}],\"inLanguage\":\"fr-FR\"}]}<\/script>\n<!-- \/ Yoast SEO plugin. -->","yoast_head_json":{"title":"A VOTRE RYTHME - Sur le chemin des mots","robots":{"index":"index","follow":"follow","max-snippet":"max-snippet:-1","max-image-preview":"max-image-preview:large","max-video-preview":"max-video-preview:-1"},"canonical":"https:\/\/surlechemindesmots.fr\/index.php\/a-votre-rythme\/","og_locale":"fr_FR","og_type":"article","og_title":"A VOTRE RYTHME - Sur le chemin des mots","og_description":"Vos paiements interviennent au fil des \u00ab\u00a0livraisons\u00a0\u00bb successives du texte. La d\u00e9pense est donc modulable\u00a0: nous cheminons ainsi au rythme que vous voulez et selon vos possibilit\u00e9s financi\u00e8res. Simple et sans risque. &nbsp; Mon travail est factur\u00e9 \u00e0 l\u2019heure, ou plus exactement \u00e0 la s\u00e9ance de travail. La facture mentionne, en l\u2019occurrence, le temps d\u2019\u00e9coute [&hellip;]","og_url":"https:\/\/surlechemindesmots.fr\/index.php\/a-votre-rythme\/","og_site_name":"Sur le chemin des mots","article_modified_time":"2016-07-22T12:38:19+00:00","twitter_card":"summary_large_image","twitter_misc":{"Dur\u00e9e de lecture estim\u00e9e":"3 minutes"},"schema":{"@context":"https:\/\/schema.org","@graph":[{"@type":"WebPage","@id":"https:\/\/surlechemindesmots.fr\/index.php\/a-votre-rythme\/","url":"https:\/\/surlechemindesmots.fr\/index.php\/a-votre-rythme\/","name":"A VOTRE RYTHME - Sur le chemin des mots","isPartOf":{"@id":"https:\/\/surlechemindesmots.fr\/#website"},"datePublished":"2016-06-27T19:40:21+00:00","dateModified":"2016-07-22T12:38:19+00:00","breadcrumb":{"@id":"https:\/\/surlechemindesmots.fr\/index.php\/a-votre-rythme\/#breadcrumb"},"inLanguage":"fr-FR","potentialAction":[{"@type":"ReadAction","target":["https:\/\/surlechemindesmots.fr\/index.php\/a-votre-rythme\/"]}]},{"@type":"BreadcrumbList","@id":"https:\/\/surlechemindesmots.fr\/index.php\/a-votre-rythme\/#breadcrumb","itemListElement":[{"@type":"ListItem","position":1,"name":"Accueil","item":"https:\/\/surlechemindesmots.fr\/"},{"@type":"ListItem","position":2,"name":"A VOTRE RYTHME"}]},{"@type":"WebSite","@id":"https:\/\/surlechemindesmots.fr\/#website","url":"https:\/\/surlechemindesmots.fr\/","name":"Sur le chemin des mots","description":"","potentialAction":[{"@type":"SearchAction","target":{"@type":"EntryPoint","urlTemplate":"https:\/\/surlechemindesmots.fr\/?s={search_term_string}"},"query-input":"required name=search_term_string"}],"inLanguage":"fr-FR"}]}},"_links":{"self":[{"href":"https:\/\/surlechemindesmots.fr\/index.php\/wp-json\/wp\/v2\/pages\/320"}],"collection":[{"href":"https:\/\/surlechemindesmots.fr\/index.php\/wp-json\/wp\/v2\/pages"}],"about":[{"href":"https:\/\/surlechemindesmots.fr\/index.php\/wp-json\/wp\/v2\/types\/page"}],"author":[{"embeddable":true,"href":"https:\/\/surlechemindesmots.fr\/index.php\/wp-json\/wp\/v2\/users\/1"}],"replies":[{"embeddable":true,"href":"https:\/\/surlechemindesmots.fr\/index.php\/wp-json\/wp\/v2\/comments?post=320"}],"version-history":[{"count":9,"href":"https:\/\/surlechemindesmots.fr\/index.php\/wp-json\/wp\/v2\/pages\/320\/revisions"}],"predecessor-version":[{"id":1596,"href":"https:\/\/surlechemindesmots.fr\/index.php\/wp-json\/wp\/v2\/pages\/320\/revisions\/1596"}],"wp:attachment":[{"href":"https:\/\/surlechemindesmots.fr\/index.php\/wp-json\/wp\/v2\/media?parent=320"}],"curies":[{"name":"wp","href":"https:\/\/api.w.org\/{rel}","templated":true}]}}