{"id":354,"date":"2016-06-28T19:57:41","date_gmt":"2016-06-28T18:57:41","guid":{"rendered":"http:\/\/surlechemindesmots.fr\/?page_id=354"},"modified":"2016-09-18T14:14:08","modified_gmt":"2016-09-18T13:14:08","slug":"a-la-communication","status":"publish","type":"page","link":"https:\/\/surlechemindesmots.fr\/index.php\/a-la-communication\/","title":{"rendered":"&#8230; A LA COMMUNICATION"},"content":{"rendered":"<p>[et_pb_section admin_label=&#8221;section&#8221; fullwidth=&#8221;on&#8221; specialty=&#8221;off&#8221; inner_shadow=&#8221;off&#8221; parallax=&#8221;off&#8221; background_color=&#8221;#2ea3f2&#8243;][et_pb_fullwidth_header admin_label=&#8221;Fullwidth Header&#8221; title=&#8221;&#8230; \u00e0 la communication&#8221; background_layout=&#8221;dark&#8221; text_orientation=&#8221;center&#8221; header_fullscreen=&#8221;on&#8221; header_scroll_down=&#8221;off&#8221; background_url=&#8221;https:\/\/surlechemindesmots.fr\/wp-content\/uploads\/2016\/06\/communication.jpg&#8221; parallax=&#8221;on&#8221; parallax_method=&#8221;off&#8221; logo_image_url=&#8221;https:\/\/surlechemindesmots.fr\/wp-content\/uploads\/2016\/06\/plume.png&#8221; content_orientation=&#8221;center&#8221; image_orientation=&#8221;center&#8221; title_font=&#8221;Source Sans Pro||||&#8221; title_font_size=&#8221;85px&#8221; custom_button_one=&#8221;off&#8221; button_one_letter_spacing=&#8221;0&#8243; button_one_use_icon=&#8221;default&#8221; button_one_icon_placement=&#8221;right&#8221; button_one_on_hover=&#8221;on&#8221; button_one_letter_spacing_hover=&#8221;0&#8243; custom_button_two=&#8221;off&#8221; button_two_letter_spacing=&#8221;0&#8243; button_two_use_icon=&#8221;default&#8221; button_two_icon_placement=&#8221;right&#8221; button_two_on_hover=&#8221;on&#8221; button_two_letter_spacing_hover=&#8221;0&#8243; title_font_color=&#8221;#0cb0c9&#8243;] [\/et_pb_fullwidth_header][\/et_pb_section][et_pb_section admin_label=&#8221;section&#8221;][et_pb_row admin_label=&#8221;row&#8221;][et_pb_column type=&#8221;4_4&#8243;][et_pb_text admin_label=&#8221;Text&#8221; background_layout=&#8221;light&#8221; text_orientation=&#8221;left&#8221; use_border_color=&#8221;off&#8221; border_color=&#8221;#ffffff&#8221; border_style=&#8221;solid&#8221;]<\/p>\n<p style=\"text-align: justify;\">[&#8230;] Je rebondis ensuite \u00e0 Auray (Morbihan) o\u00f9 je d\u00e9couvre la communication d\u2019entreprise. On m\u2019assure qu\u2019il y a une vie apr\u00e8s le journalisme. Au sortir de cette formation, je r\u00e9alise surtout un r\u00eave de gosse\u00a0: travailler pour la section professionnelle du club de basket o\u00f9 j\u2019ai us\u00e9 mes fonds de shorts. Je suis charg\u00e9 de la communication et des relations commerciales \u00e0 Cholet Basket. Le temps de cr\u00e9er un magazine \u2013 on ne se refait pas \u2013 et je suis pouss\u00e9 vers la sortie&#8230; par mes proches. Trouve-toi un vrai m\u00e9tier\u00a0!<\/p>\n<p style=\"text-align: justify;\">Direction\u00a0alors\u2026 la r\u00e9gion Centre. Quelques piges \u00e0 la mairie d\u2019Orl\u00e9ans, puis \u00e0 l\u2019automne 1999, j\u2019entre au rectorat de l\u2019acad\u00e9mie d\u2019Orl\u00e9ans-Tours. En tant qu\u2019attach\u00e9 de presse. Mes aptitudes r\u00e9dactionnelles font merveille pour expliquer les r\u00e9formes en cours\u00a0: c\u2019est l\u2019\u00e9poque du <em>\u00ab\u00a0mammouth \u00e0 d\u00e9graisser\u00a0\u00bb, <\/em>des <em>\u00ab\u00a0lyc\u00e9es de m\u00e9tiers\u00a0\u00bb<\/em> qui doivent relancer l\u2019enseignement professionnel en France, du plan de pour les Arts et la culture \u00e0 l\u2019\u00e9cole, imagin\u00e9 par Jack Lang. Je d\u00e9couvre un autre monde. J\u2019\u00e9coute. J\u2019apprends. Je m\u2019adapte.<\/p>\n<p style=\"text-align: justify;\">Deux ans passent \u2013 deux ministres de l\u2019\u00c9ducation nationale aussi \u2013 et c\u2019est le retour \u00e0 la maison. Principale raison\u00a0: je vais \u00eatre\u2026 papa\u00a0! Entre deux biberons, je prends conscience que mes seules comp\u00e9tences r\u00e9dactionnelles ne suffiront peut-\u00eatre plus \u00e0 l\u2019aube de ce deuxi\u00e8me mill\u00e9naire. Les sites internet pointent le bout de leur nez&#8230; Je d\u00e9cide donc de repartir en formation : de troquer ma\u00a0\u00ab\u00a0plume\u00a0\u00bb pour une souris d\u2019ordinateur, ne serait-ce que quelques mois. Pour apprendre le m\u00e9tier de webmaster. Bien m\u2019en a pris.<\/p>\n<p style=\"text-align: justify;\">Par le plus grand des hasards \u2013 soi-disant\u00a0: \u00ab Il n\u2019y a pas de hasard, seulement des rendez-vous\u00a0\u00bb (Paul \u00c9luard) \u2013, j\u2019effectue mon stage de fin de formation<em>,\u00a0<\/em>dans une mairie \u00e0 la recherche d\u2019un&#8230; charg\u00e9 de communication. On me propose le poste. J\u2019accepte. Et une tr\u00e8s belle histoire commence. Elle va \u00ab s\u2019\u00e9crire\u00a0\u00bb (une partie importante de cette activit\u00e9 est en effet centr\u00e9e sur l\u2019\u00e9criture) pendant treize ann\u00e9es ! J\u2019\u00e9coute, je prends des notes, j\u2019\u00e9cris. Dans le magazine municipal et dans le journal interne. Sur le site internet. Je r\u00e9dige des communiqu\u00e9s et des dossiers de presse. Je r\u00e9alise des interviews, je fais des photos. Je pr\u00eate aussi ma plume aux \u00e9lus. Et puis, \u00e0 la date anniversaire de mon arriv\u00e9e (&#8230;),\u00a0tout s\u2019arr\u00eate. C\u2019\u00e9tait peut-\u00eatre \u00e9crit\u00a0?<\/p>\n<p>[\/et_pb_text][\/et_pb_column][\/et_pb_row][et_pb_row admin_label=&#8221;Ligne&#8221;][et_pb_column type=&#8221;1_4&#8243;][\/et_pb_column][et_pb_column type=&#8221;1_2&#8243;][et_pb_cta admin_label=&#8221;Appel d&#8217;action&#8221; title=&#8221;Tournez la page !&#8221; button_url=&#8221;https:\/\/surlechemindesmots.fr\/index.php\/tourner-la-page\/&#8221; url_new_window=&#8221;off&#8221; button_text=&#8221;Voir&#8221; use_background_color=&#8221;off&#8221; background_color=&#8221;#2ed1f2&#8243; background_layout=&#8221;dark&#8221; text_orientation=&#8221;center&#8221; header_font_size=&#8221;20&#8243; header_text_color=&#8221;#0cb0c9&#8243; use_border_color=&#8221;on&#8221; border_color=&#8221;#ffffff&#8221; border_width=&#8221;0px&#8221; border_style=&#8221;solid&#8221; custom_button=&#8221;on&#8221; button_text_color=&#8221;#0cb0c9&#8243; button_letter_spacing=&#8221;0&#8243; button_use_icon=&#8221;default&#8221; button_icon_placement=&#8221;right&#8221; button_on_hover=&#8221;on&#8221; button_text_color_hover=&#8221;#ffffff&#8221; button_bg_color_hover=&#8221;#0cb0c9&#8243; button_letter_spacing_hover=&#8221;0&#8243;] [\/et_pb_cta][\/et_pb_column][et_pb_column type=&#8221;1_4&#8243;][\/et_pb_column][\/et_pb_row][\/et_pb_section]<\/p>\n","protected":false},"excerpt":{"rendered":"<p>[&#8230;] Je rebondis ensuite \u00e0 Auray (Morbihan) o\u00f9 je d\u00e9couvre la communication d\u2019entreprise. On m\u2019assure qu\u2019il y a une vie apr\u00e8s le journalisme. Au sortir de cette formation, je r\u00e9alise surtout un r\u00eave de gosse\u00a0: travailler pour la section professionnelle du club de basket o\u00f9 j\u2019ai us\u00e9 mes fonds de shorts. Je suis charg\u00e9 de [&hellip;]<\/p>\n","protected":false},"author":1,"featured_media":0,"parent":0,"menu_order":0,"comment_status":"closed","ping_status":"closed","template":"","meta":{"_et_pb_use_builder":"on","_et_pb_old_content":"","_et_gb_content_width":"","footnotes":""},"yoast_head":"<!-- This site is optimized with the Yoast SEO plugin v22.5 - https:\/\/yoast.com\/wordpress\/plugins\/seo\/ -->\n<title>... A LA COMMUNICATION - Sur le chemin des mots<\/title>\n<meta name=\"description\" content=\"charg\u00e9 de communication. On me propose le poste. J\u2019accepte. Et une tr\u00e8s belle histoire commence. Elle va \u00ab s\u2019\u00e9crire \u00bb pendant treize ann\u00e9es !\" \/>\n<meta name=\"robots\" content=\"index, follow, max-snippet:-1, max-image-preview:large, max-video-preview:-1\" \/>\n<link rel=\"canonical\" href=\"https:\/\/surlechemindesmots.fr\/index.php\/a-la-communication\/\" \/>\n<meta property=\"og:locale\" content=\"fr_FR\" \/>\n<meta property=\"og:type\" content=\"article\" \/>\n<meta property=\"og:title\" content=\"... A LA COMMUNICATION - Sur le chemin des mots\" \/>\n<meta property=\"og:description\" content=\"charg\u00e9 de communication. On me propose le poste. J\u2019accepte. Et une tr\u00e8s belle histoire commence. Elle va \u00ab s\u2019\u00e9crire \u00bb pendant treize ann\u00e9es !\" \/>\n<meta property=\"og:url\" content=\"https:\/\/surlechemindesmots.fr\/index.php\/a-la-communication\/\" \/>\n<meta property=\"og:site_name\" content=\"Sur le chemin des mots\" \/>\n<meta property=\"article:modified_time\" content=\"2016-09-18T13:14:08+00:00\" \/>\n<meta name=\"twitter:card\" content=\"summary_large_image\" \/>\n<meta name=\"twitter:label1\" content=\"Dur\u00e9e de lecture estim\u00e9e\" \/>\n\t<meta name=\"twitter:data1\" content=\"4 minutes\" \/>\n<script type=\"application\/ld+json\" class=\"yoast-schema-graph\">{\"@context\":\"https:\/\/schema.org\",\"@graph\":[{\"@type\":\"WebPage\",\"@id\":\"https:\/\/surlechemindesmots.fr\/index.php\/a-la-communication\/\",\"url\":\"https:\/\/surlechemindesmots.fr\/index.php\/a-la-communication\/\",\"name\":\"... A LA COMMUNICATION - Sur le chemin des mots\",\"isPartOf\":{\"@id\":\"https:\/\/surlechemindesmots.fr\/#website\"},\"datePublished\":\"2016-06-28T18:57:41+00:00\",\"dateModified\":\"2016-09-18T13:14:08+00:00\",\"description\":\"charg\u00e9 de communication. On me propose le poste. J\u2019accepte. Et une tr\u00e8s belle histoire commence. Elle va \u00ab s\u2019\u00e9crire \u00bb pendant treize ann\u00e9es !\",\"breadcrumb\":{\"@id\":\"https:\/\/surlechemindesmots.fr\/index.php\/a-la-communication\/#breadcrumb\"},\"inLanguage\":\"fr-FR\",\"potentialAction\":[{\"@type\":\"ReadAction\",\"target\":[\"https:\/\/surlechemindesmots.fr\/index.php\/a-la-communication\/\"]}]},{\"@type\":\"BreadcrumbList\",\"@id\":\"https:\/\/surlechemindesmots.fr\/index.php\/a-la-communication\/#breadcrumb\",\"itemListElement\":[{\"@type\":\"ListItem\",\"position\":1,\"name\":\"Accueil\",\"item\":\"https:\/\/surlechemindesmots.fr\/\"},{\"@type\":\"ListItem\",\"position\":2,\"name\":\"&#8230; A LA COMMUNICATION\"}]},{\"@type\":\"WebSite\",\"@id\":\"https:\/\/surlechemindesmots.fr\/#website\",\"url\":\"https:\/\/surlechemindesmots.fr\/\",\"name\":\"Sur le chemin des mots\",\"description\":\"\",\"potentialAction\":[{\"@type\":\"SearchAction\",\"target\":{\"@type\":\"EntryPoint\",\"urlTemplate\":\"https:\/\/surlechemindesmots.fr\/?s={search_term_string}\"},\"query-input\":\"required name=search_term_string\"}],\"inLanguage\":\"fr-FR\"}]}<\/script>\n<!-- \/ Yoast SEO plugin. -->","yoast_head_json":{"title":"... A LA COMMUNICATION - Sur le chemin des mots","description":"charg\u00e9 de communication. On me propose le poste. J\u2019accepte. Et une tr\u00e8s belle histoire commence. Elle va \u00ab s\u2019\u00e9crire \u00bb pendant treize ann\u00e9es !","robots":{"index":"index","follow":"follow","max-snippet":"max-snippet:-1","max-image-preview":"max-image-preview:large","max-video-preview":"max-video-preview:-1"},"canonical":"https:\/\/surlechemindesmots.fr\/index.php\/a-la-communication\/","og_locale":"fr_FR","og_type":"article","og_title":"... A LA COMMUNICATION - Sur le chemin des mots","og_description":"charg\u00e9 de communication. On me propose le poste. J\u2019accepte. Et une tr\u00e8s belle histoire commence. Elle va \u00ab s\u2019\u00e9crire \u00bb pendant treize ann\u00e9es !","og_url":"https:\/\/surlechemindesmots.fr\/index.php\/a-la-communication\/","og_site_name":"Sur le chemin des mots","article_modified_time":"2016-09-18T13:14:08+00:00","twitter_card":"summary_large_image","twitter_misc":{"Dur\u00e9e de lecture estim\u00e9e":"4 minutes"},"schema":{"@context":"https:\/\/schema.org","@graph":[{"@type":"WebPage","@id":"https:\/\/surlechemindesmots.fr\/index.php\/a-la-communication\/","url":"https:\/\/surlechemindesmots.fr\/index.php\/a-la-communication\/","name":"... A LA COMMUNICATION - Sur le chemin des mots","isPartOf":{"@id":"https:\/\/surlechemindesmots.fr\/#website"},"datePublished":"2016-06-28T18:57:41+00:00","dateModified":"2016-09-18T13:14:08+00:00","description":"charg\u00e9 de communication. On me propose le poste. J\u2019accepte. Et une tr\u00e8s belle histoire commence. Elle va \u00ab s\u2019\u00e9crire \u00bb pendant treize ann\u00e9es !","breadcrumb":{"@id":"https:\/\/surlechemindesmots.fr\/index.php\/a-la-communication\/#breadcrumb"},"inLanguage":"fr-FR","potentialAction":[{"@type":"ReadAction","target":["https:\/\/surlechemindesmots.fr\/index.php\/a-la-communication\/"]}]},{"@type":"BreadcrumbList","@id":"https:\/\/surlechemindesmots.fr\/index.php\/a-la-communication\/#breadcrumb","itemListElement":[{"@type":"ListItem","position":1,"name":"Accueil","item":"https:\/\/surlechemindesmots.fr\/"},{"@type":"ListItem","position":2,"name":"&#8230; A LA COMMUNICATION"}]},{"@type":"WebSite","@id":"https:\/\/surlechemindesmots.fr\/#website","url":"https:\/\/surlechemindesmots.fr\/","name":"Sur le chemin des mots","description":"","potentialAction":[{"@type":"SearchAction","target":{"@type":"EntryPoint","urlTemplate":"https:\/\/surlechemindesmots.fr\/?s={search_term_string}"},"query-input":"required name=search_term_string"}],"inLanguage":"fr-FR"}]}},"_links":{"self":[{"href":"https:\/\/surlechemindesmots.fr\/index.php\/wp-json\/wp\/v2\/pages\/354"}],"collection":[{"href":"https:\/\/surlechemindesmots.fr\/index.php\/wp-json\/wp\/v2\/pages"}],"about":[{"href":"https:\/\/surlechemindesmots.fr\/index.php\/wp-json\/wp\/v2\/types\/page"}],"author":[{"embeddable":true,"href":"https:\/\/surlechemindesmots.fr\/index.php\/wp-json\/wp\/v2\/users\/1"}],"replies":[{"embeddable":true,"href":"https:\/\/surlechemindesmots.fr\/index.php\/wp-json\/wp\/v2\/comments?post=354"}],"version-history":[{"count":27,"href":"https:\/\/surlechemindesmots.fr\/index.php\/wp-json\/wp\/v2\/pages\/354\/revisions"}],"predecessor-version":[{"id":1739,"href":"https:\/\/surlechemindesmots.fr\/index.php\/wp-json\/wp\/v2\/pages\/354\/revisions\/1739"}],"wp:attachment":[{"href":"https:\/\/surlechemindesmots.fr\/index.php\/wp-json\/wp\/v2\/media?parent=354"}],"curies":[{"name":"wp","href":"https:\/\/api.w.org\/{rel}","templated":true}]}}