{"id":360,"date":"2016-06-28T20:21:50","date_gmt":"2016-06-28T19:21:50","guid":{"rendered":"http:\/\/surlechemindesmots.fr\/?page_id=360"},"modified":"2016-07-24T20:13:03","modified_gmt":"2016-07-24T19:13:03","slug":"tourner-la-page","status":"publish","type":"page","link":"https:\/\/surlechemindesmots.fr\/index.php\/tourner-la-page\/","title":{"rendered":"TOURNER LA PAGE"},"content":{"rendered":"<p>[et_pb_section admin_label=&#8221;section&#8221; fullwidth=&#8221;on&#8221; specialty=&#8221;off&#8221; inner_shadow=&#8221;off&#8221; parallax=&#8221;off&#8221; background_color=&#8221;#2ea3f2&#8243;][et_pb_fullwidth_header admin_label=&#8221;Fullwidth Header&#8221; title=&#8221;Tourner la page !&#8221; background_layout=&#8221;dark&#8221; text_orientation=&#8221;center&#8221; header_fullscreen=&#8221;on&#8221; header_scroll_down=&#8221;off&#8221; background_url=&#8221;https:\/\/surlechemindesmots.fr\/wp-content\/uploads\/2016\/06\/iStock_28991852_LARGE.jpg&#8221; parallax=&#8221;on&#8221; parallax_method=&#8221;off&#8221; logo_image_url=&#8221;https:\/\/surlechemindesmots.fr\/wp-content\/uploads\/2016\/06\/plume.png&#8221; content_orientation=&#8221;center&#8221; image_orientation=&#8221;center&#8221; title_font=&#8221;Source Sans Pro||||&#8221; title_font_size=&#8221;100px&#8221; custom_button_one=&#8221;off&#8221; button_one_letter_spacing=&#8221;0&#8243; button_one_use_icon=&#8221;default&#8221; button_one_icon_placement=&#8221;right&#8221; button_one_on_hover=&#8221;on&#8221; button_one_letter_spacing_hover=&#8221;0&#8243; custom_button_two=&#8221;off&#8221; button_two_letter_spacing=&#8221;0&#8243; button_two_use_icon=&#8221;default&#8221; button_two_icon_placement=&#8221;right&#8221; button_two_on_hover=&#8221;on&#8221; button_two_letter_spacing_hover=&#8221;0&#8243;] [\/et_pb_fullwidth_header][\/et_pb_section][et_pb_section admin_label=&#8221;section&#8221;][et_pb_row admin_label=&#8221;row&#8221;][et_pb_column type=&#8221;4_4&#8243;][et_pb_text admin_label=&#8221;Text&#8221; background_layout=&#8221;light&#8221; text_orientation=&#8221;left&#8221; use_border_color=&#8221;off&#8221; border_color=&#8221;#ffffff&#8221; border_style=&#8221;solid&#8221;]<\/p>\n<p style=\"text-align: justify;\">[&#8230;] \u00a0Je d\u00e9cide alors de mettre mon \u00e9nergie dans un nouveau projet. De consid\u00e9rer comme une opportunit\u00e9 de changement \u00ab\u00a0positif\u00a0\u00bb ce revirement de situation. Je fais le point sur mes exp\u00e9riences, ma valeur professionnelle, mes envies. Et comme une \u00e9vidence, j\u2019ai cette id\u00e9e g\u00e9niale&#8230; que d\u2019autres ont eu avant moi\u00a0: je vais proposer mes services aux gens qui veulent \u00e9crire leur vie ! Trop peu de gens, il est vrai, \u00e9crivent leurs souvenirs ou se font aider pour le faire.<\/p>\n<p>Personnellement, j&#8217;ai regrett\u00e9 que certains de mes &#8220;anc\u00eatres&#8221;\u00a0&#8211; \u00e0 en croire\u00a0les souvenirs et autres anecdotes \u00e0 leur sujet&#8230; &#8211; n&#8217;aient pas laiss\u00e9 une trace \u00e9crite de leur vie. Je me suis rendu compte que je n\u2019avais presque rien \u00e0 dire \u00e0 mes enfants (j&#8217;ai trois filles) sur mes grands-parents et arri\u00e8re-grands-parents, par exemple. J\u2019ai alors entrepris d\u2019importantes recherches (g\u00e9n\u00e9alogiques), ainsi que l\u2019\u00e9criture d\u2019une biographie familiale. Passionnant ! Une formation au m\u00e9tier d\u2019\u00e9crivain public, puis de biographe priv\u00e9, ont fini de me convaincre, s\u2019il \u00e9tait encore besoin : la notion de transmission &#8211; familiale et patrimoniale &#8211; est ancr\u00e9e en moi. Et il se trouve qu\u2019elle est pr\u00e9cis\u00e9ment au c\u0153ur de mon m\u00e9tier, aujourd\u2019hui : \u00e9crivain biographe.<\/p>\n<p style=\"text-align: justify;\">Apr\u00e8s 25 ans dans la presse \u00e9crite et la communication, voici donc la suite &#8211; logique, je crois &#8211; de mon histoire. A pr\u00e9sent, si vous me racontiez la v\u00f4tre\u00a0? Nous l\u2019\u00e9crirons\u00a0ensemble. En \u00ab\u00a0compagnon biographe\u00a0\u00bb, je vous guiderai <em>sur le chemin des mots<\/em>. Et si mon exp\u00e9rience professionnelle, mes aptitudes r\u00e9dactionnelles ou mon sens de l\u2019\u00e9coute peuvent contribuer \u00e0 la r\u00e9alisation d\u2019un tout autre projet qui vous tient \u00e0 c\u0153ur \u2013 autour de l\u2019\u00e9criture et de la langue fran\u00e7aise \u00a0\u2013, je serai ravi \u00e9galement d\u2019en parler avec vous. N\u2019h\u00e9sitez pas \u00e0 me contacter !<\/p>\n<p>[\/et_pb_text][\/et_pb_column][\/et_pb_row][\/et_pb_section]<\/p>\n","protected":false},"excerpt":{"rendered":"<p>[&#8230;] \u00a0Je d\u00e9cide alors de mettre mon \u00e9nergie dans un nouveau projet. De consid\u00e9rer comme une opportunit\u00e9 de changement \u00ab\u00a0positif\u00a0\u00bb ce revirement de situation. Je fais le point sur mes exp\u00e9riences, ma valeur professionnelle, mes envies. Et comme une \u00e9vidence, j\u2019ai cette id\u00e9e g\u00e9niale&#8230; que d\u2019autres ont eu avant moi\u00a0: je vais proposer mes services [&hellip;]<\/p>\n","protected":false},"author":1,"featured_media":0,"parent":0,"menu_order":0,"comment_status":"closed","ping_status":"closed","template":"","meta":{"_et_pb_use_builder":"on","_et_pb_old_content":"","_et_gb_content_width":"","footnotes":""},"yoast_head":"<!-- This site is optimized with the Yoast SEO plugin v22.5 - https:\/\/yoast.com\/wordpress\/plugins\/seo\/ -->\n<title>TOURNER LA PAGE - Sur le chemin des mots<\/title>\n<meta name=\"robots\" content=\"index, follow, max-snippet:-1, max-image-preview:large, max-video-preview:-1\" \/>\n<link rel=\"canonical\" href=\"https:\/\/surlechemindesmots.fr\/index.php\/tourner-la-page\/\" \/>\n<meta property=\"og:locale\" content=\"fr_FR\" \/>\n<meta property=\"og:type\" content=\"article\" \/>\n<meta property=\"og:title\" content=\"TOURNER LA PAGE - Sur le chemin des mots\" \/>\n<meta property=\"og:description\" content=\"[...] \u00a0Je d\u00e9cide alors de mettre mon \u00e9nergie dans un nouveau projet. De consid\u00e9rer comme une opportunit\u00e9 de changement \u00ab\u00a0positif\u00a0\u00bb ce revirement de situation. Je fais le point sur mes exp\u00e9riences, ma valeur professionnelle, mes envies. Et comme une \u00e9vidence, j\u2019ai cette id\u00e9e g\u00e9niale... que d\u2019autres ont eu avant moi\u00a0: je vais proposer mes services [&hellip;]\" \/>\n<meta property=\"og:url\" content=\"https:\/\/surlechemindesmots.fr\/index.php\/tourner-la-page\/\" \/>\n<meta property=\"og:site_name\" content=\"Sur le chemin des mots\" \/>\n<meta property=\"article:modified_time\" content=\"2016-07-24T19:13:03+00:00\" \/>\n<meta name=\"twitter:card\" content=\"summary_large_image\" \/>\n<meta name=\"twitter:label1\" content=\"Dur\u00e9e de lecture estim\u00e9e\" \/>\n\t<meta name=\"twitter:data1\" content=\"3 minutes\" \/>\n<script type=\"application\/ld+json\" class=\"yoast-schema-graph\">{\"@context\":\"https:\/\/schema.org\",\"@graph\":[{\"@type\":\"WebPage\",\"@id\":\"https:\/\/surlechemindesmots.fr\/index.php\/tourner-la-page\/\",\"url\":\"https:\/\/surlechemindesmots.fr\/index.php\/tourner-la-page\/\",\"name\":\"TOURNER LA PAGE - Sur le chemin des mots\",\"isPartOf\":{\"@id\":\"https:\/\/surlechemindesmots.fr\/#website\"},\"datePublished\":\"2016-06-28T19:21:50+00:00\",\"dateModified\":\"2016-07-24T19:13:03+00:00\",\"breadcrumb\":{\"@id\":\"https:\/\/surlechemindesmots.fr\/index.php\/tourner-la-page\/#breadcrumb\"},\"inLanguage\":\"fr-FR\",\"potentialAction\":[{\"@type\":\"ReadAction\",\"target\":[\"https:\/\/surlechemindesmots.fr\/index.php\/tourner-la-page\/\"]}]},{\"@type\":\"BreadcrumbList\",\"@id\":\"https:\/\/surlechemindesmots.fr\/index.php\/tourner-la-page\/#breadcrumb\",\"itemListElement\":[{\"@type\":\"ListItem\",\"position\":1,\"name\":\"Accueil\",\"item\":\"https:\/\/surlechemindesmots.fr\/\"},{\"@type\":\"ListItem\",\"position\":2,\"name\":\"TOURNER LA PAGE\"}]},{\"@type\":\"WebSite\",\"@id\":\"https:\/\/surlechemindesmots.fr\/#website\",\"url\":\"https:\/\/surlechemindesmots.fr\/\",\"name\":\"Sur le chemin des mots\",\"description\":\"\",\"potentialAction\":[{\"@type\":\"SearchAction\",\"target\":{\"@type\":\"EntryPoint\",\"urlTemplate\":\"https:\/\/surlechemindesmots.fr\/?s={search_term_string}\"},\"query-input\":\"required name=search_term_string\"}],\"inLanguage\":\"fr-FR\"}]}<\/script>\n<!-- \/ Yoast SEO plugin. -->","yoast_head_json":{"title":"TOURNER LA PAGE - Sur le chemin des mots","robots":{"index":"index","follow":"follow","max-snippet":"max-snippet:-1","max-image-preview":"max-image-preview:large","max-video-preview":"max-video-preview:-1"},"canonical":"https:\/\/surlechemindesmots.fr\/index.php\/tourner-la-page\/","og_locale":"fr_FR","og_type":"article","og_title":"TOURNER LA PAGE - Sur le chemin des mots","og_description":"[...] \u00a0Je d\u00e9cide alors de mettre mon \u00e9nergie dans un nouveau projet. De consid\u00e9rer comme une opportunit\u00e9 de changement \u00ab\u00a0positif\u00a0\u00bb ce revirement de situation. Je fais le point sur mes exp\u00e9riences, ma valeur professionnelle, mes envies. Et comme une \u00e9vidence, j\u2019ai cette id\u00e9e g\u00e9niale... que d\u2019autres ont eu avant moi\u00a0: je vais proposer mes services [&hellip;]","og_url":"https:\/\/surlechemindesmots.fr\/index.php\/tourner-la-page\/","og_site_name":"Sur le chemin des mots","article_modified_time":"2016-07-24T19:13:03+00:00","twitter_card":"summary_large_image","twitter_misc":{"Dur\u00e9e de lecture estim\u00e9e":"3 minutes"},"schema":{"@context":"https:\/\/schema.org","@graph":[{"@type":"WebPage","@id":"https:\/\/surlechemindesmots.fr\/index.php\/tourner-la-page\/","url":"https:\/\/surlechemindesmots.fr\/index.php\/tourner-la-page\/","name":"TOURNER LA PAGE - Sur le chemin des mots","isPartOf":{"@id":"https:\/\/surlechemindesmots.fr\/#website"},"datePublished":"2016-06-28T19:21:50+00:00","dateModified":"2016-07-24T19:13:03+00:00","breadcrumb":{"@id":"https:\/\/surlechemindesmots.fr\/index.php\/tourner-la-page\/#breadcrumb"},"inLanguage":"fr-FR","potentialAction":[{"@type":"ReadAction","target":["https:\/\/surlechemindesmots.fr\/index.php\/tourner-la-page\/"]}]},{"@type":"BreadcrumbList","@id":"https:\/\/surlechemindesmots.fr\/index.php\/tourner-la-page\/#breadcrumb","itemListElement":[{"@type":"ListItem","position":1,"name":"Accueil","item":"https:\/\/surlechemindesmots.fr\/"},{"@type":"ListItem","position":2,"name":"TOURNER LA PAGE"}]},{"@type":"WebSite","@id":"https:\/\/surlechemindesmots.fr\/#website","url":"https:\/\/surlechemindesmots.fr\/","name":"Sur le chemin des mots","description":"","potentialAction":[{"@type":"SearchAction","target":{"@type":"EntryPoint","urlTemplate":"https:\/\/surlechemindesmots.fr\/?s={search_term_string}"},"query-input":"required name=search_term_string"}],"inLanguage":"fr-FR"}]}},"_links":{"self":[{"href":"https:\/\/surlechemindesmots.fr\/index.php\/wp-json\/wp\/v2\/pages\/360"}],"collection":[{"href":"https:\/\/surlechemindesmots.fr\/index.php\/wp-json\/wp\/v2\/pages"}],"about":[{"href":"https:\/\/surlechemindesmots.fr\/index.php\/wp-json\/wp\/v2\/types\/page"}],"author":[{"embeddable":true,"href":"https:\/\/surlechemindesmots.fr\/index.php\/wp-json\/wp\/v2\/users\/1"}],"replies":[{"embeddable":true,"href":"https:\/\/surlechemindesmots.fr\/index.php\/wp-json\/wp\/v2\/comments?post=360"}],"version-history":[{"count":13,"href":"https:\/\/surlechemindesmots.fr\/index.php\/wp-json\/wp\/v2\/pages\/360\/revisions"}],"predecessor-version":[{"id":1609,"href":"https:\/\/surlechemindesmots.fr\/index.php\/wp-json\/wp\/v2\/pages\/360\/revisions\/1609"}],"wp:attachment":[{"href":"https:\/\/surlechemindesmots.fr\/index.php\/wp-json\/wp\/v2\/media?parent=360"}],"curies":[{"name":"wp","href":"https:\/\/api.w.org\/{rel}","templated":true}]}}