{"id":37,"date":"2016-06-19T19:17:16","date_gmt":"2016-06-19T18:17:16","guid":{"rendered":"http:\/\/surlechemindesmots.fr\/?page_id=37"},"modified":"2016-07-14T14:04:55","modified_gmt":"2016-07-14T13:04:55","slug":"mon-metier","status":"publish","type":"page","link":"https:\/\/surlechemindesmots.fr\/index.php\/mon-metier\/","title":{"rendered":"Mon m\u00e9tier"},"content":{"rendered":"<p>[et_pb_section admin_label=&#8221;section&#8221; fullwidth=&#8221;on&#8221; specialty=&#8221;off&#8221; inner_shadow=&#8221;off&#8221; parallax=&#8221;off&#8221; background_color=&#8221;#2ea3f2&#8243;][et_pb_fullwidth_header admin_label=&#8221;Fullwidth Header&#8221; title=&#8221;Ecrivain biographe&#8221; background_layout=&#8221;dark&#8221; text_orientation=&#8221;center&#8221; header_fullscreen=&#8221;on&#8221; header_scroll_down=&#8221;off&#8221; parallax=&#8221;on&#8221; parallax_method=&#8221;off&#8221; content_orientation=&#8221;center&#8221; image_orientation=&#8221;center&#8221; custom_button_one=&#8221;off&#8221; button_one_letter_spacing=&#8221;0&#8243; button_one_use_icon=&#8221;default&#8221; button_one_icon_placement=&#8221;right&#8221; button_one_on_hover=&#8221;on&#8221; button_one_letter_spacing_hover=&#8221;0&#8243; custom_button_two=&#8221;off&#8221; button_two_letter_spacing=&#8221;0&#8243; button_two_use_icon=&#8221;default&#8221; button_two_icon_placement=&#8221;right&#8221; button_two_on_hover=&#8221;on&#8221; button_two_letter_spacing_hover=&#8221;0&#8243; background_url=&#8221;https:\/\/surlechemindesmots.fr\/wp-content\/uploads\/2016\/06\/shutterstock_143642842.jpg&#8221; title_font_color=&#8221;#f9f9f9&#8243; title_font_size=&#8221;100px&#8221; title_font=&#8221;Source Sans Pro||||&#8221; logo_image_url=&#8221;https:\/\/surlechemindesmots.fr\/wp-content\/uploads\/2016\/06\/plume.png&#8221;] [\/et_pb_fullwidth_header][\/et_pb_section][et_pb_section admin_label=&#8221;section&#8221;][et_pb_row admin_label=&#8221;row&#8221;][et_pb_column type=&#8221;4_4&#8243;][et_pb_text admin_label=&#8221;Text&#8221; background_layout=&#8221;light&#8221; text_orientation=&#8221;left&#8221; use_border_color=&#8221;off&#8221; border_color=&#8221;#ffffff&#8221; border_style=&#8221;solid&#8221;]<\/p>\n<h5 style=\"text-align: justify;\">En quoi consiste le m\u00e9tier\u00a0d\u2019\u00e9crivain biographe ? On dit aussi\u00a0: biographe familial. Parce que le chemin sur lequel il accompagne ses clients, pas\u00a0\u00e0 pas, mot \u00e0 mot, conduit souvent \u00e0 l\u2019\u00e9criture d\u2019un livre destin\u00e9 au cercle familial. Mais pas seulement&#8230; D\u00e9couvrez mon activit\u00e9 ! \u00a0 \u00a0<strong>\u00a0<\/strong><\/h5>\n<p>&nbsp;<\/p>\n<p><strong>Compagnons Biographe <\/strong><a href=\"https:\/\/surlechemindesmots.fr\/index.php\/156-2\/\">&gt; en savoir plus<\/a><\/p>\n<p><strong>Vos garanties <\/strong><a href=\"https:\/\/surlechemindesmots.fr\/index.php\/170-2\/\">&gt; en savoir plus<\/a><\/p>\n<p>&nbsp;<\/p>\n<p>[\/et_pb_text][\/et_pb_column][\/et_pb_row][\/et_pb_section]<\/p>\n","protected":false},"excerpt":{"rendered":"<p>En quoi consiste le m\u00e9tier\u00a0d\u2019\u00e9crivain biographe ? On dit aussi\u00a0: biographe familial. Parce que le chemin sur lequel il accompagne ses clients, pas\u00a0\u00e0 pas, mot \u00e0 mot, conduit souvent \u00e0 l\u2019\u00e9criture d\u2019un livre destin\u00e9 au cercle familial. Mais pas seulement&#8230; D\u00e9couvrez mon activit\u00e9 ! \u00a0 \u00a0\u00a0 &nbsp; Compagnons Biographe &gt; en savoir plus Vos garanties [&hellip;]<\/p>\n","protected":false},"author":1,"featured_media":0,"parent":0,"menu_order":0,"comment_status":"closed","ping_status":"closed","template":"","meta":{"_et_pb_use_builder":"on","_et_pb_old_content":"<p><strong>Mon m\u00e9tier\u00a0: \u00e9crivain biographe<\/strong><\/p><p><strong>En quoi consiste le m\u00e9tier\u00a0d\u2019\u00e9crivain biographe ? On dit aussi\u00a0: biographe familial. Car le chemin sur lequel progresse, pas \u00e0 pas, mot \u00e0 mot, les personnes qui contactent un \u00e9crivain biographe, conduit \u00e0 l\u2019\u00e9criture d\u2019un livre qui reste souvent dans le cercle... familial. Sur ce site internet, vous d\u00e9couvrirez les mille et une raisons de s\u2019atteler \u00e0 ce beau projet\u00a0! \u00a0 <\/strong><\/p><p>Je propose ainsi mes services aux gens qui veulent \u00e9crire leur vie. Ou un \u00e9v\u00e8nement de leur vie. Ou la vie d\u2019un parent. D\u2019un grands-parents. Je pr\u00eate ma plume \u00e0 celles et ceux qui veulent raconter leurs souvenirs. En toute simplicit\u00e9. En toute complicit\u00e9. En \u00ab\u00a0compagnon biographe\u00a0\u00bb, du nom du groupement professionnel que j\u2019ai rejoint et dont je suis signataire de la charte de d\u00e9ontologie.<\/p><p>Un \u00e9crivain biographe a bien s\u00fbr \u00ab\u00a0une bonne plume\u00a0\u00bb mais\u00a0il doit avant tout savoir vous \u00e9couter. C\u2019est aussi\u2026 une oreille. Attentive. Bienveillante. Qui ne juge pas. D\u2019o\u00f9 l\u2019importance d\u2019une premi\u00e8re rencontre afin de faire connaissance. Une relation de confiance est indispensable dans cette d\u00e9marche. Le \u00ab\u00a0courant\u00a0\u00bb doit passer entre nous\u00a0: vous devez heureux de r\u00e9aliser votre livre avec moi. \u00a0\u00a0\u00a0<\/p><h2>Le travail de l\u2019\u00e9crivain biographe consistera ensuite \u00e0 vous accompagner dans l\u2019\u00e9criture, \u00e0 vous guider sur le chemin des mots. Vos mots. L\u2019un des objectifs est en effet que vous vous reconnaissiez dans ce livre et que vos proches puissent y retrouver vos expressions, votre sensibilit\u00e9. Fort de mon exp\u00e9rience professionnelle, je serai \u00e0 vos c\u00f4t\u00e9s pour vous aider \u00e0 structurer ce r\u00e9cit de vie. Lorsqu\u2019on envisage de se raconter, il est parfois difficile de savoir par o\u00f9 commencer\u00a0et comment organiser ses id\u00e9es\u2026<\/h2><p>Votre biographie m\u00e9rite \u00e9videmment toute l\u2019attention d\u2019un professionnel de l\u2019\u00e9criture et de la communication \u00e9crite. Parce qu\u2019une orthographe imparfaite, une grammaire approximative, une ponctuation incertaine desservent le contenu, si passionnant soit-il\u00a0! Parce qu\u2019une mise en page inadapt\u00e9e ou standardis\u00e9e serait contraire \u00e0 ma conception de ce m\u00e9tier : chaque vie, chaque personne est unique\u00a0; chaque livre doit l\u2019\u00eatre aussi, y compris sur la forme. Je vous garantis cette qualit\u00e9 de service, jusqu\u2019\u00e0 la remise de votre livre imprim\u00e9.<\/p><p>La finalit\u00e9 du m\u00e9tier d\u2019\u00e9crivain biographe \u00e9tant de mettre des mots sur les souvenirs, je peux aider les familles en d\u2019autres circonstances \u2013 mariage, d\u00e9c\u00e8s, anniversaire\u2026 \u2013 et pour d\u2019autres projets d\u2019\u00e9criture.<\/p><p>Je propose \u00e9galement mes services aux entreprises, aux associations et aux collectivit\u00e9s locales d\u00e9sireuses elles aussi de raconter, de transmettre, de laisser une trace. Appelez-moi au 06 37 37\u00a040 58 pour en savoir plus.<\/p><p>\u00a0<\/p>","_et_gb_content_width":"","footnotes":""},"yoast_head":"<!-- This site is optimized with the Yoast SEO plugin v22.5 - https:\/\/yoast.com\/wordpress\/plugins\/seo\/ -->\n<title>Mon m\u00e9tier - Sur le chemin des mots<\/title>\n<meta name=\"robots\" content=\"index, follow, max-snippet:-1, max-image-preview:large, max-video-preview:-1\" \/>\n<link rel=\"canonical\" href=\"https:\/\/surlechemindesmots.fr\/index.php\/mon-metier\/\" \/>\n<meta property=\"og:locale\" content=\"fr_FR\" \/>\n<meta property=\"og:type\" content=\"article\" \/>\n<meta property=\"og:title\" content=\"Mon m\u00e9tier - Sur le chemin des mots\" \/>\n<meta property=\"og:description\" content=\"En quoi consiste le m\u00e9tier\u00a0d\u2019\u00e9crivain biographe ? On dit aussi\u00a0: biographe familial. Parce que le chemin sur lequel il accompagne ses clients, pas\u00a0\u00e0 pas, mot \u00e0 mot, conduit souvent \u00e0 l\u2019\u00e9criture d\u2019un livre destin\u00e9 au cercle familial. Mais pas seulement... D\u00e9couvrez mon activit\u00e9 ! \u00a0 \u00a0\u00a0 &nbsp; Compagnons Biographe &gt; en savoir plus Vos garanties [&hellip;]\" \/>\n<meta property=\"og:url\" content=\"https:\/\/surlechemindesmots.fr\/index.php\/mon-metier\/\" \/>\n<meta property=\"og:site_name\" content=\"Sur le chemin des mots\" \/>\n<meta property=\"article:modified_time\" content=\"2016-07-14T13:04:55+00:00\" \/>\n<meta name=\"twitter:card\" content=\"summary_large_image\" \/>\n<meta name=\"twitter:label1\" content=\"Dur\u00e9e de lecture estim\u00e9e\" \/>\n\t<meta name=\"twitter:data1\" content=\"1 minute\" \/>\n<script type=\"application\/ld+json\" class=\"yoast-schema-graph\">{\"@context\":\"https:\/\/schema.org\",\"@graph\":[{\"@type\":\"WebPage\",\"@id\":\"https:\/\/surlechemindesmots.fr\/index.php\/mon-metier\/\",\"url\":\"https:\/\/surlechemindesmots.fr\/index.php\/mon-metier\/\",\"name\":\"Mon m\u00e9tier - Sur le chemin des mots\",\"isPartOf\":{\"@id\":\"https:\/\/surlechemindesmots.fr\/#website\"},\"datePublished\":\"2016-06-19T18:17:16+00:00\",\"dateModified\":\"2016-07-14T13:04:55+00:00\",\"breadcrumb\":{\"@id\":\"https:\/\/surlechemindesmots.fr\/index.php\/mon-metier\/#breadcrumb\"},\"inLanguage\":\"fr-FR\",\"potentialAction\":[{\"@type\":\"ReadAction\",\"target\":[\"https:\/\/surlechemindesmots.fr\/index.php\/mon-metier\/\"]}]},{\"@type\":\"BreadcrumbList\",\"@id\":\"https:\/\/surlechemindesmots.fr\/index.php\/mon-metier\/#breadcrumb\",\"itemListElement\":[{\"@type\":\"ListItem\",\"position\":1,\"name\":\"Accueil\",\"item\":\"https:\/\/surlechemindesmots.fr\/\"},{\"@type\":\"ListItem\",\"position\":2,\"name\":\"Mon m\u00e9tier\"}]},{\"@type\":\"WebSite\",\"@id\":\"https:\/\/surlechemindesmots.fr\/#website\",\"url\":\"https:\/\/surlechemindesmots.fr\/\",\"name\":\"Sur le chemin des mots\",\"description\":\"\",\"potentialAction\":[{\"@type\":\"SearchAction\",\"target\":{\"@type\":\"EntryPoint\",\"urlTemplate\":\"https:\/\/surlechemindesmots.fr\/?s={search_term_string}\"},\"query-input\":\"required name=search_term_string\"}],\"inLanguage\":\"fr-FR\"}]}<\/script>\n<!-- \/ Yoast SEO plugin. -->","yoast_head_json":{"title":"Mon m\u00e9tier - Sur le chemin des mots","robots":{"index":"index","follow":"follow","max-snippet":"max-snippet:-1","max-image-preview":"max-image-preview:large","max-video-preview":"max-video-preview:-1"},"canonical":"https:\/\/surlechemindesmots.fr\/index.php\/mon-metier\/","og_locale":"fr_FR","og_type":"article","og_title":"Mon m\u00e9tier - Sur le chemin des mots","og_description":"En quoi consiste le m\u00e9tier\u00a0d\u2019\u00e9crivain biographe ? On dit aussi\u00a0: biographe familial. Parce que le chemin sur lequel il accompagne ses clients, pas\u00a0\u00e0 pas, mot \u00e0 mot, conduit souvent \u00e0 l\u2019\u00e9criture d\u2019un livre destin\u00e9 au cercle familial. Mais pas seulement... D\u00e9couvrez mon activit\u00e9 ! \u00a0 \u00a0\u00a0 &nbsp; Compagnons Biographe &gt; en savoir plus Vos garanties [&hellip;]","og_url":"https:\/\/surlechemindesmots.fr\/index.php\/mon-metier\/","og_site_name":"Sur le chemin des mots","article_modified_time":"2016-07-14T13:04:55+00:00","twitter_card":"summary_large_image","twitter_misc":{"Dur\u00e9e de lecture estim\u00e9e":"1 minute"},"schema":{"@context":"https:\/\/schema.org","@graph":[{"@type":"WebPage","@id":"https:\/\/surlechemindesmots.fr\/index.php\/mon-metier\/","url":"https:\/\/surlechemindesmots.fr\/index.php\/mon-metier\/","name":"Mon m\u00e9tier - Sur le chemin des mots","isPartOf":{"@id":"https:\/\/surlechemindesmots.fr\/#website"},"datePublished":"2016-06-19T18:17:16+00:00","dateModified":"2016-07-14T13:04:55+00:00","breadcrumb":{"@id":"https:\/\/surlechemindesmots.fr\/index.php\/mon-metier\/#breadcrumb"},"inLanguage":"fr-FR","potentialAction":[{"@type":"ReadAction","target":["https:\/\/surlechemindesmots.fr\/index.php\/mon-metier\/"]}]},{"@type":"BreadcrumbList","@id":"https:\/\/surlechemindesmots.fr\/index.php\/mon-metier\/#breadcrumb","itemListElement":[{"@type":"ListItem","position":1,"name":"Accueil","item":"https:\/\/surlechemindesmots.fr\/"},{"@type":"ListItem","position":2,"name":"Mon m\u00e9tier"}]},{"@type":"WebSite","@id":"https:\/\/surlechemindesmots.fr\/#website","url":"https:\/\/surlechemindesmots.fr\/","name":"Sur le chemin des mots","description":"","potentialAction":[{"@type":"SearchAction","target":{"@type":"EntryPoint","urlTemplate":"https:\/\/surlechemindesmots.fr\/?s={search_term_string}"},"query-input":"required name=search_term_string"}],"inLanguage":"fr-FR"}]}},"_links":{"self":[{"href":"https:\/\/surlechemindesmots.fr\/index.php\/wp-json\/wp\/v2\/pages\/37"}],"collection":[{"href":"https:\/\/surlechemindesmots.fr\/index.php\/wp-json\/wp\/v2\/pages"}],"about":[{"href":"https:\/\/surlechemindesmots.fr\/index.php\/wp-json\/wp\/v2\/types\/page"}],"author":[{"embeddable":true,"href":"https:\/\/surlechemindesmots.fr\/index.php\/wp-json\/wp\/v2\/users\/1"}],"replies":[{"embeddable":true,"href":"https:\/\/surlechemindesmots.fr\/index.php\/wp-json\/wp\/v2\/comments?post=37"}],"version-history":[{"count":36,"href":"https:\/\/surlechemindesmots.fr\/index.php\/wp-json\/wp\/v2\/pages\/37\/revisions"}],"predecessor-version":[{"id":1200,"href":"https:\/\/surlechemindesmots.fr\/index.php\/wp-json\/wp\/v2\/pages\/37\/revisions\/1200"}],"wp:attachment":[{"href":"https:\/\/surlechemindesmots.fr\/index.php\/wp-json\/wp\/v2\/media?parent=37"}],"curies":[{"name":"wp","href":"https:\/\/api.w.org\/{rel}","templated":true}]}}