{"id":63,"date":"2016-06-19T21:36:52","date_gmt":"2016-06-19T20:36:52","guid":{"rendered":"http:\/\/surlechemindesmots.fr\/?page_id=63"},"modified":"2017-12-22T22:47:12","modified_gmt":"2017-12-22T21:47:12","slug":"accueil","status":"publish","type":"page","link":"https:\/\/surlechemindesmots.fr\/","title":{"rendered":"accueil"},"content":{"rendered":"<p>[et_pb_section admin_label=&#8221;section&#8221; fullwidth=&#8221;on&#8221; specialty=&#8221;off&#8221;][et_pb_fullwidth_slider admin_label=&#8221;Fullwidth Slider&#8221; show_arrows=&#8221;on&#8221; show_pagination=&#8221;on&#8221; auto=&#8221;on&#8221; parallax=&#8221;on&#8221; auto_ignore_hover=&#8221;off&#8221; parallax_method=&#8221;off&#8221; remove_inner_shadow=&#8221;off&#8221; background_position=&#8221;default&#8221; background_size=&#8221;default&#8221; hide_content_on_mobile=&#8221;off&#8221; hide_cta_on_mobile=&#8221;off&#8221; show_image_video_mobile=&#8221;off&#8221; custom_button=&#8221;on&#8221; button_letter_spacing=&#8221;0&#8243; button_use_icon=&#8221;default&#8221; button_icon_placement=&#8221;right&#8221; button_on_hover=&#8221;on&#8221; button_letter_spacing_hover=&#8221;0&#8243; button_icon_color=&#8221;#0cb0c9&#8243; auto_speed=&#8221;6000&#8243;] [et_pb_slide background_color=&#8221;#1d0682&#8243; alignment=&#8221;center&#8221; background_layout=&#8221;dark&#8221; background_position=&#8221;default&#8221; background_size=&#8221;default&#8221; use_bg_overlay=&#8221;off&#8221; use_text_overlay=&#8221;off&#8221; allow_player_pause=&#8221;off&#8221; text_border_radius=&#8221;3&#8243; header_font_select=&#8221;Source Sans Pro&#8221; header_font=&#8221;Source Sans Pro||||&#8221; body_font_select=&#8221;Source Sans Pro&#8221; body_font=&#8221;Source Sans Pro||||&#8221; custom_button=&#8221;off&#8221; button_font_select=&#8221;default&#8221; button_font=&#8221;||||&#8221; button_use_icon=&#8221;default&#8221; button_icon_placement=&#8221;right&#8221; button_on_hover=&#8221;on&#8221; header_font_size_tablet=&#8221;27&#8243; header_font_size_phone=&#8221;27&#8243; heading=&#8221;Bienvenue !&#8221; header_font_size=&#8221;100&#8243; body_font_size=&#8221;27&#8243; body_font_size_tablet=&#8221;20&#8243; body_font_size_phone=&#8221;20&#8243; background_image=&#8221;https:\/\/surlechemindesmots.fr\/wp-content\/uploads\/2016\/06\/iStock_43350128_LARGE.jpg&#8221; body_text_color=&#8221;#ffffff&#8221; header_letter_spacing_tablet=&#8221;5px&#8221; header_letter_spacing_phone=&#8221;5px&#8221; header_text_color=&#8221;#1fc4b9&#8243;]<\/p>\n<p style=\"text-align: center;\">R\u00e9cits de vie, biographies familiales, livres d&#8217;entreprises, travaux de correction et de relecture, formations en orthographe, r\u00e9daction d&#8217;articles&#8230;\u00a0je vous accompagne sur le chemin des mots.<\/p>\n<p>[\/et_pb_slide][et_pb_slide heading=&#8221;Id\u00e9e cadeau&#8221; button_text=&#8221;En savoir +&#8221; button_link=&#8221;https:\/\/surlechemindesmots.fr\/index.php\/offrir-ou-soffrir-un-livre-cadeau\/&#8221; background_color=&#8221;#f84c48&#8243; alignment=&#8221;center&#8221; background_layout=&#8221;dark&#8221; background_image=&#8221;https:\/\/surlechemindesmots.fr\/wp-content\/uploads\/2016\/06\/iStock_84636717_LARGE-3.jpg&#8221; background_position=&#8221;default&#8221; background_size=&#8221;default&#8221; use_bg_overlay=&#8221;off&#8221; use_text_overlay=&#8221;off&#8221; allow_player_pause=&#8221;off&#8221; text_border_radius=&#8221;3&#8243; header_font_select=&#8221;Source Sans Pro&#8221; header_font=&#8221;Source Sans Pro||||&#8221; body_font_select=&#8221;Source Sans Pro&#8221; body_font=&#8221;Source Sans Pro||||&#8221; custom_button=&#8221;on&#8221; button_font_select=&#8221;default&#8221; button_font=&#8221;||||&#8221; button_use_icon=&#8221;default&#8221; button_icon_placement=&#8221;right&#8221; button_on_hover=&#8221;on&#8221; header_font_size=&#8221;100&#8243; header_font_size_tablet=&#8221;100&#8243; header_font_size_phone=&#8221;100&#8243; body_font_size=&#8221;27&#8243; body_font_size_tablet=&#8221;20&#8243; body_font_size_phone=&#8221;20&#8243; header_text_color=&#8221;#21cec8&#8243; body_text_color=&#8221;#595959&#8243; button_text_color=&#8221;#7c7c7c&#8221; button_border_color=&#8221;#7c7c7c&#8221; button_bg_color=&#8221;#ffffff&#8221;]<\/p>\n<p style=\"text-align: center;\">Dans une vie, les occasions de faire plaisir \u00e0 celles et ceux qu&#8217;on aime sont nombreuses : livrez-vous !<\/p>\n<p>[\/et_pb_slide][et_pb_slide heading=&#8221;Petits budgets (1)&#8221; background_position=&#8221;default&#8221; background_size=&#8221;default&#8221; background_color=&#8221;#ffffff&#8221; use_bg_overlay=&#8221;off&#8221; use_text_overlay=&#8221;off&#8221; alignment=&#8221;bottom&#8221; background_layout=&#8221;dark&#8221; allow_player_pause=&#8221;off&#8221; text_border_radius=&#8221;3&#8243; header_font_select=&#8221;Source Sans Pro&#8221; header_font=&#8221;Source Sans Pro||||&#8221; body_font_select=&#8221;Source Sans Pro&#8221; body_font=&#8221;Source Sans Pro||||&#8221; custom_button=&#8221;on&#8221; button_font_select=&#8221;default&#8221; button_font=&#8221;||||&#8221; button_use_icon=&#8221;default&#8221; button_icon_placement=&#8221;right&#8221; button_on_hover=&#8221;on&#8221; header_text_color=&#8221;#21b9d1&#8243; body_text_color=&#8221;#4c4c4c&#8221; header_font_size=&#8221;100&#8243; header_font_size_tablet=&#8221;80&#8243; header_font_size_phone=&#8221;80&#8243; body_font_size=&#8221;27&#8243; body_font_size_tablet=&#8221;20&#8243; body_font_size_phone=&#8221;20&#8243; button_text=&#8221;En savoir +&#8221; button_link=&#8221;https:\/\/surlechemindesmots.fr\/index.php\/petits-budgets\/&#8221; background_image=&#8221;https:\/\/surlechemindesmots.fr\/wp-content\/uploads\/2016\/06\/iStock_16630947_LARGE-2-2-copie-copie-1.jpg&#8221; button_text_color=&#8221;#8c8c8c&#8221; button_bg_color=&#8221;#ffffff&#8221; button_text_size_tablet=&#8221;30&#8243; button_text_size_phone=&#8221;30&#8243;]<\/p>\n<p style=\"text-align: center;\">A l&#8217;occasion d&#8217;un anniversaire, d&#8217;une cr\u00e9maill\u00e8re, d&#8217;un mariage :<br \/>\nr\u00e9unissez vos t\u00e9moignages et\u00a0anecdotes, sur les &#8220;h\u00e9ros ordinaires&#8221;<br \/>\nde cette journ\u00e9e pas comme les autres, dans le : je, tu&#8230; e-livre !<\/p>\n<p>[\/et_pb_slide][et_pb_slide heading=&#8221;Petits budget (2)&#8221; button_text=&#8221;En savoir +&#8221; background_image=&#8221;https:\/\/surlechemindesmots.fr\/wp-content\/uploads\/2016\/06\/iStock_77825081_LARGE.jpg&#8221; background_position=&#8221;default&#8221; background_size=&#8221;default&#8221; background_color=&#8221;#ffffff&#8221; use_bg_overlay=&#8221;off&#8221; use_text_overlay=&#8221;off&#8221; alignment=&#8221;center&#8221; background_layout=&#8221;dark&#8221; allow_player_pause=&#8221;off&#8221; text_border_radius=&#8221;3&#8243; header_font_select=&#8221;Source Sans Pro&#8221; header_font=&#8221;Source Sans Pro||||&#8221; body_font_select=&#8221;Source Sans Pro&#8221; body_font=&#8221;Source Sans Pro||||&#8221; custom_button=&#8221;off&#8221; button_font_select=&#8221;default&#8221; button_font=&#8221;||||&#8221; button_use_icon=&#8221;default&#8221; button_icon_placement=&#8221;right&#8221; button_on_hover=&#8221;on&#8221; header_font_size=&#8221;100&#8243; header_font_size_tablet=&#8221;100&#8243; header_font_size_phone=&#8221;100&#8243; header_text_color=&#8221;#1dbaba&#8221; body_font_size=&#8221;27&#8243; body_font_size_tablet=&#8221;27&#8243; body_font_size_phone=&#8221;27&#8243; body_text_color=&#8221;#ffffff&#8221; button_link=&#8221;https:\/\/surlechemindesmots.fr\/index.php\/tarifs\/tarifspetits-budgets2\/&#8221;]<\/p>\n<p style=\"text-align: center;\">Vous voulez rassembler quelques souvenirs et anecdotes dans un livre, sans pour autant entrer dans les d\u00e9tails. Raconter juste l\u2019essentiel. L\u2019important. \u00c9crivons ensemble\u2026 votre \u00ab\u00a0petite\u00a0\u00bb histoire.<\/p>\n<p>[\/et_pb_slide][et_pb_slide heading=&#8221;Le test&#8221; background_image=&#8221;https:\/\/surlechemindesmots.fr\/wp-content\/uploads\/2016\/06\/iStock_28991852_LARGE.jpg&#8221; background_position=&#8221;default&#8221; background_size=&#8221;default&#8221; background_color=&#8221;#162b89&#8243; use_bg_overlay=&#8221;off&#8221; use_text_overlay=&#8221;off&#8221; alignment=&#8221;center&#8221; background_layout=&#8221;dark&#8221; allow_player_pause=&#8221;off&#8221; text_border_radius=&#8221;3&#8243; header_font_select=&#8221;Source Sans Pro&#8221; header_font=&#8221;Source Sans Pro||||&#8221; body_font_select=&#8221;Source Sans Pro&#8221; body_font=&#8221;Source Sans Pro||||&#8221; custom_button=&#8221;on&#8221; button_font_select=&#8221;default&#8221; button_font=&#8221;||||&#8221; button_use_icon=&#8221;default&#8221; button_icon_placement=&#8221;right&#8221; button_on_hover=&#8221;on&#8221; header_font_size=&#8221;100&#8243; header_font_size_tablet=&#8221;100&#8243; header_font_size_phone=&#8221;100&#8243; header_text_color=&#8221;#03a0a5&#8243; body_font_size=&#8221;29&#8243; body_font_size_tablet=&#8221;29&#8243; body_font_size_phone=&#8221;29&#8243; button_text=&#8221;En savoir plus&#8221; button_link=&#8221;https:\/\/surlechemindesmots.fr\/index.php\/quiz\/&#8221; button_text_color=&#8221;#c6c6c6&#8243; button_bg_color=&#8221;#efefef&#8221; button_border_width=&#8221;3&#8243;]<\/p>\n<p style=\"text-align: justify;\">Une histoire, un livre sommeille peut-\u00eatre en vous ou pr\u00e8s de chez vous\u2026<\/p>\n<p>[\/et_pb_slide] [\/et_pb_fullwidth_slider][\/et_pb_section][et_pb_section admin_label=&#8221;section&#8221;][et_pb_row admin_label=&#8221;row&#8221;][et_pb_column type=&#8221;1_3&#8243;][et_pb_blurb admin_label=&#8221;Blurb&#8221; title=&#8221;Compagnon biographe&#8221; url_new_window=&#8221;off&#8221; use_icon=&#8221;off&#8221; icon_color=&#8221;#2ea3f2&#8243; use_circle=&#8221;off&#8221; circle_color=&#8221;#2ea3f2&#8243; use_circle_border=&#8221;off&#8221; circle_border_color=&#8221;#2ea3f2&#8243; image=&#8221;https:\/\/surlechemindesmots.fr\/wp-content\/uploads\/2016\/06\/iStock_77825081_LARGE.jpg&#8221; icon_placement=&#8221;top&#8221; animation=&#8221;off&#8221; background_layout=&#8221;light&#8221; text_orientation=&#8221;center&#8221; url=&#8221;https:\/\/surlechemindesmots.fr\/index.php\/156-2\/&#8221; use_icon_font_size=&#8221;off&#8221; use_border_color=&#8221;off&#8221; border_color=&#8221;#ffffff&#8221; border_style=&#8221;solid&#8221; body_font_size=&#8221;17&#8243;]<\/p>\n<p style=\"text-align: justify;\">L\u2019\u00e9criture a toujours \u00e9t\u00e9 au c\u0153ur de mes activit\u00e9s professionnelles. Aider les gens qui le veulent \u00e0 \u00e9crire leur vie est aujourd\u2019hui mon m\u00e9tier. Laissez-moi vous raconter VOTRE HISTOIRE. En toute simplicit\u00e9. En toute complicit\u00e9. En\u2026 C<em>ompagnon Biographe<\/em>\u00a0!<\/p>\n<p><a href=\"https:\/\/surlechemindesmots.fr\/index.php\/156-2\/\"><strong>En savoir plus <\/strong><\/a><\/p>\n<p>[\/et_pb_blurb][\/et_pb_column][et_pb_column type=&#8221;1_3&#8243;][et_pb_blurb admin_label=&#8221;Blurb&#8221; title=&#8221;Et si on l\u2019\u00e9crivait ? &#8221; url_new_window=&#8221;off&#8221; use_icon=&#8221;off&#8221; icon_color=&#8221;#2ea3f2&#8243; use_circle=&#8221;off&#8221; circle_color=&#8221;#2ea3f2&#8243; use_circle_border=&#8221;off&#8221; circle_border_color=&#8221;#2ea3f2&#8243; image=&#8221;https:\/\/surlechemindesmots.fr\/wp-content\/uploads\/2016\/06\/shutterstock_212582656.jpg&#8221; icon_placement=&#8221;top&#8221; animation=&#8221;off&#8221; background_layout=&#8221;light&#8221; text_orientation=&#8221;center&#8221; url=&#8221;https:\/\/surlechemindesmots.fr\/index.php\/pourquoi-et-pour-qui\/&#8221; use_icon_font_size=&#8221;off&#8221; use_border_color=&#8221;off&#8221; border_color=&#8221;#ffffff&#8221; border_style=&#8221;solid&#8221; body_font_size=&#8221;17&#8243;]<\/p>\n<p style=\"text-align: justify;\">Votre vie. VOTRE LIVRE. Car si les souvenirs se racontent, il faut aussi les \u00e9crire. Sinon, ils s\u2019envolent ! Un livre pour pr\u00e9server le fabuleux patrimoine de nos parents ou grands-parents. Pour transmettre. Pour (se) faire plaisir. Et pour mille et une raisons encore&#8230;<\/p>\n<p><a href=\"https:\/\/surlechemindesmots.fr\/index.php\/pourquoi-et-pour-qui\/\"><strong>En savoir plus <\/strong><\/a><\/p>\n<p>[\/et_pb_blurb][\/et_pb_column][et_pb_column type=&#8221;1_3&#8243;][et_pb_blurb admin_label=&#8221;Blurb&#8221; title=&#8221;Cheminons ensemble&#8221; url_new_window=&#8221;off&#8221; use_icon=&#8221;off&#8221; icon_color=&#8221;#2ea3f2&#8243; use_circle=&#8221;off&#8221; circle_color=&#8221;#2ea3f2&#8243; use_circle_border=&#8221;off&#8221; circle_border_color=&#8221;#2ea3f2&#8243; image=&#8221;https:\/\/surlechemindesmots.fr\/wp-content\/uploads\/2016\/06\/shutterstock_393260764.jpg&#8221; icon_placement=&#8221;top&#8221; animation=&#8221;off&#8221; background_layout=&#8221;light&#8221; text_orientation=&#8221;center&#8221; url=&#8221;https:\/\/surlechemindesmots.fr\/index.php\/notre-collaboration\/&#8221; use_icon_font_size=&#8221;off&#8221; use_border_color=&#8221;off&#8221; border_color=&#8221;#ffffff&#8221; border_style=&#8221;solid&#8221; body_font_size=&#8221;17&#8243;]<\/p>\n<p style=\"text-align: justify;\">Lorsque l&#8217;on envisage de (se) raconter, il est parfois difficile de savoir par o\u00f9 commencer. Je vous propose de nous rencontrer, d\u2019\u00e9couter votre projet et de VOUS ACCOMPAGNER\u00a0dans ce cheminement. Vous avez\u00a0commenc\u00e9 \u00e0 \u00e9crire un texte, quel qu&#8217;il soit&#8230; je peux aussi vous aider.<\/p>\n<p><a href=\"https:\/\/surlechemindesmots.fr\/index.php\/notre-collaboration\/\"><strong>En savoir plus <\/strong><\/a><\/p>\n<p>[\/et_pb_blurb][\/et_pb_column][\/et_pb_row][et_pb_row admin_label=&#8221;Ligne&#8221;][et_pb_column type=&#8221;4_4&#8243;][et_pb_testimonial admin_label=&#8221;T\u00e9moignage&#8221; url_new_window=&#8221;off&#8221; quote_icon=&#8221;on&#8221; use_background_color=&#8221;on&#8221; background_color=&#8221;#f5f5f5&#8243; background_layout=&#8221;light&#8221; text_orientation=&#8221;center&#8221; use_border_color=&#8221;off&#8221; border_color=&#8221;#ffffff&#8221; border_style=&#8221;solid&#8221; body_font=&#8221;PT Sans Narrow||||&#8221; body_text_color=&#8221;#adadad&#8221; body_font_size=&#8221;41&#8243;]<\/p>\n<h6 style=\"text-align: center;\">\u201cPour \u00e9crire, il faut vivre dans la connaissance\u00a0des mots et l&#8217;amiti\u00e9 des phrases&#8221;. (Erik Orsenna dans <em>Et si on dansait ?<\/em>)<\/h6>\n<p>[\/et_pb_testimonial][\/et_pb_column][\/et_pb_row][et_pb_row admin_label=&#8221;Ligne&#8221;][et_pb_column type=&#8221;4_4&#8243;][et_pb_text admin_label=&#8221;Texte&#8221; background_layout=&#8221;light&#8221; text_orientation=&#8221;left&#8221; use_border_color=&#8221;off&#8221; border_color=&#8221;#ffffff&#8221; border_style=&#8221;solid&#8221;]<\/p>\n<h4><span style=\"color: #33cccc;\">Biographie express<\/span><\/h4>\n<p style=\"text-align: justify;\"><img loading=\"lazy\" decoding=\"async\" class=\"alignleft size-thumbnail wp-image-1601\" src=\"https:\/\/surlechemindesmots.fr\/wp-content\/uploads\/2016\/06\/pascal-150x150.jpg\" alt=\"pascal\" width=\"150\" height=\"150\" \/>Correspondant de presse, puis journaliste, \u00e0 Cholet et \u00e0 Angers (Maine-et-Loire), dans les ann\u00e9es 90. Un interm\u00e8de \u00e0 Orl\u00e9ans (Loiret), en tant que journaliste municipal, puis comme attach\u00e9 de presse. Install\u00e9 en Loire-Atlantique (Saint-Michel-Chef-Chef) depuis 2001. Charg\u00e9 de communication et r\u00e9dacteur en chef du magazine municipal de la Ville de Pornic, de 2002 \u00e0 2015. Aujourd\u2019hui : \u00e9crivain biographe et conseil en \u00e9criture. Egalement form\u00e9 au m\u00e9tier de relecteur-correcteur (CEC Paris). Certifi\u00e9 Voltaire, niveau expert (score de 989 sur 1000).<\/p>\n<p>[\/et_pb_text][\/et_pb_column][\/et_pb_row][\/et_pb_section]<\/p>\n","protected":false},"excerpt":{"rendered":"<p>R\u00e9cits de vie, biographies familiales, livres d&#8217;entreprises, travaux de correction et de relecture, formations en orthographe, r\u00e9daction d&#8217;articles&#8230;\u00a0je vous accompagne sur le chemin des mots. Dans une vie, les occasions de faire plaisir \u00e0 celles et ceux qu&#8217;on aime sont nombreuses : livrez-vous ! A l&#8217;occasion d&#8217;un anniversaire, d&#8217;une cr\u00e9maill\u00e8re, d&#8217;un mariage : r\u00e9unissez vos [&hellip;]<\/p>\n","protected":false},"author":1,"featured_media":0,"parent":0,"menu_order":0,"comment_status":"closed","ping_status":"closed","template":"","meta":{"_et_pb_use_builder":"on","_et_pb_old_content":"","_et_gb_content_width":"","footnotes":""},"yoast_head":"<!-- This site is optimized with the Yoast SEO plugin v22.5 - https:\/\/yoast.com\/wordpress\/plugins\/seo\/ -->\n<title>accueil - Sur le chemin des mots<\/title>\n<meta name=\"robots\" content=\"index, follow, max-snippet:-1, max-image-preview:large, max-video-preview:-1\" \/>\n<link rel=\"canonical\" href=\"https:\/\/surlechemindesmots.fr\/\" \/>\n<meta property=\"og:locale\" content=\"fr_FR\" \/>\n<meta property=\"og:type\" content=\"article\" \/>\n<meta property=\"og:title\" content=\"accueil - Sur le chemin des mots\" \/>\n<meta property=\"og:description\" content=\"R\u00e9cits de vie, biographies familiales, livres d&#039;entreprises, travaux de correction et de relecture, formations en orthographe, r\u00e9daction d&#039;articles...\u00a0je vous accompagne sur le chemin des mots. Dans une vie, les occasions de faire plaisir \u00e0 celles et ceux qu&#039;on aime sont nombreuses : livrez-vous ! A l&#039;occasion d&#039;un anniversaire, d&#039;une cr\u00e9maill\u00e8re, d&#039;un mariage : r\u00e9unissez vos [&hellip;]\" \/>\n<meta property=\"og:url\" content=\"https:\/\/surlechemindesmots.fr\/\" \/>\n<meta property=\"og:site_name\" content=\"Sur le chemin des mots\" \/>\n<meta property=\"article:modified_time\" content=\"2017-12-22T21:47:12+00:00\" \/>\n<meta property=\"og:image\" content=\"http:\/\/surlechemindesmots.fr\/wp-content\/uploads\/2016\/06\/pascal-150x150.jpg\" \/>\n<meta name=\"twitter:card\" content=\"summary_large_image\" \/>\n<meta name=\"twitter:label1\" content=\"Dur\u00e9e de lecture estim\u00e9e\" \/>\n\t<meta name=\"twitter:data1\" content=\"8 minutes\" \/>\n<script type=\"application\/ld+json\" class=\"yoast-schema-graph\">{\"@context\":\"https:\/\/schema.org\",\"@graph\":[{\"@type\":\"WebPage\",\"@id\":\"https:\/\/surlechemindesmots.fr\/\",\"url\":\"https:\/\/surlechemindesmots.fr\/\",\"name\":\"accueil - Sur le chemin des mots\",\"isPartOf\":{\"@id\":\"https:\/\/surlechemindesmots.fr\/#website\"},\"primaryImageOfPage\":{\"@id\":\"https:\/\/surlechemindesmots.fr\/#primaryimage\"},\"image\":{\"@id\":\"https:\/\/surlechemindesmots.fr\/#primaryimage\"},\"thumbnailUrl\":\"http:\/\/surlechemindesmots.fr\/wp-content\/uploads\/2016\/06\/pascal-150x150.jpg\",\"datePublished\":\"2016-06-19T20:36:52+00:00\",\"dateModified\":\"2017-12-22T21:47:12+00:00\",\"breadcrumb\":{\"@id\":\"https:\/\/surlechemindesmots.fr\/#breadcrumb\"},\"inLanguage\":\"fr-FR\",\"potentialAction\":[{\"@type\":\"ReadAction\",\"target\":[\"https:\/\/surlechemindesmots.fr\/\"]}]},{\"@type\":\"ImageObject\",\"inLanguage\":\"fr-FR\",\"@id\":\"https:\/\/surlechemindesmots.fr\/#primaryimage\",\"url\":\"http:\/\/surlechemindesmots.fr\/wp-content\/uploads\/2016\/06\/pascal-150x150.jpg\",\"contentUrl\":\"http:\/\/surlechemindesmots.fr\/wp-content\/uploads\/2016\/06\/pascal-150x150.jpg\"},{\"@type\":\"BreadcrumbList\",\"@id\":\"https:\/\/surlechemindesmots.fr\/#breadcrumb\",\"itemListElement\":[{\"@type\":\"ListItem\",\"position\":1,\"name\":\"Accueil\",\"item\":\"https:\/\/surlechemindesmots.fr\/\"},{\"@type\":\"ListItem\",\"position\":2,\"name\":\"accueil\"}]},{\"@type\":\"WebSite\",\"@id\":\"https:\/\/surlechemindesmots.fr\/#website\",\"url\":\"https:\/\/surlechemindesmots.fr\/\",\"name\":\"Sur le chemin des mots\",\"description\":\"\",\"potentialAction\":[{\"@type\":\"SearchAction\",\"target\":{\"@type\":\"EntryPoint\",\"urlTemplate\":\"https:\/\/surlechemindesmots.fr\/?s={search_term_string}\"},\"query-input\":\"required name=search_term_string\"}],\"inLanguage\":\"fr-FR\"}]}<\/script>\n<!-- \/ Yoast SEO plugin. -->","yoast_head_json":{"title":"accueil - Sur le chemin des mots","robots":{"index":"index","follow":"follow","max-snippet":"max-snippet:-1","max-image-preview":"max-image-preview:large","max-video-preview":"max-video-preview:-1"},"canonical":"https:\/\/surlechemindesmots.fr\/","og_locale":"fr_FR","og_type":"article","og_title":"accueil - Sur le chemin des mots","og_description":"R\u00e9cits de vie, biographies familiales, livres d'entreprises, travaux de correction et de relecture, formations en orthographe, r\u00e9daction d'articles...\u00a0je vous accompagne sur le chemin des mots. Dans une vie, les occasions de faire plaisir \u00e0 celles et ceux qu'on aime sont nombreuses : livrez-vous ! A l'occasion d'un anniversaire, d'une cr\u00e9maill\u00e8re, d'un mariage : r\u00e9unissez vos [&hellip;]","og_url":"https:\/\/surlechemindesmots.fr\/","og_site_name":"Sur le chemin des mots","article_modified_time":"2017-12-22T21:47:12+00:00","og_image":[{"url":"http:\/\/surlechemindesmots.fr\/wp-content\/uploads\/2016\/06\/pascal-150x150.jpg"}],"twitter_card":"summary_large_image","twitter_misc":{"Dur\u00e9e de lecture estim\u00e9e":"8 minutes"},"schema":{"@context":"https:\/\/schema.org","@graph":[{"@type":"WebPage","@id":"https:\/\/surlechemindesmots.fr\/","url":"https:\/\/surlechemindesmots.fr\/","name":"accueil - Sur le chemin des mots","isPartOf":{"@id":"https:\/\/surlechemindesmots.fr\/#website"},"primaryImageOfPage":{"@id":"https:\/\/surlechemindesmots.fr\/#primaryimage"},"image":{"@id":"https:\/\/surlechemindesmots.fr\/#primaryimage"},"thumbnailUrl":"http:\/\/surlechemindesmots.fr\/wp-content\/uploads\/2016\/06\/pascal-150x150.jpg","datePublished":"2016-06-19T20:36:52+00:00","dateModified":"2017-12-22T21:47:12+00:00","breadcrumb":{"@id":"https:\/\/surlechemindesmots.fr\/#breadcrumb"},"inLanguage":"fr-FR","potentialAction":[{"@type":"ReadAction","target":["https:\/\/surlechemindesmots.fr\/"]}]},{"@type":"ImageObject","inLanguage":"fr-FR","@id":"https:\/\/surlechemindesmots.fr\/#primaryimage","url":"http:\/\/surlechemindesmots.fr\/wp-content\/uploads\/2016\/06\/pascal-150x150.jpg","contentUrl":"http:\/\/surlechemindesmots.fr\/wp-content\/uploads\/2016\/06\/pascal-150x150.jpg"},{"@type":"BreadcrumbList","@id":"https:\/\/surlechemindesmots.fr\/#breadcrumb","itemListElement":[{"@type":"ListItem","position":1,"name":"Accueil","item":"https:\/\/surlechemindesmots.fr\/"},{"@type":"ListItem","position":2,"name":"accueil"}]},{"@type":"WebSite","@id":"https:\/\/surlechemindesmots.fr\/#website","url":"https:\/\/surlechemindesmots.fr\/","name":"Sur le chemin des mots","description":"","potentialAction":[{"@type":"SearchAction","target":{"@type":"EntryPoint","urlTemplate":"https:\/\/surlechemindesmots.fr\/?s={search_term_string}"},"query-input":"required name=search_term_string"}],"inLanguage":"fr-FR"}]}},"_links":{"self":[{"href":"https:\/\/surlechemindesmots.fr\/index.php\/wp-json\/wp\/v2\/pages\/63"}],"collection":[{"href":"https:\/\/surlechemindesmots.fr\/index.php\/wp-json\/wp\/v2\/pages"}],"about":[{"href":"https:\/\/surlechemindesmots.fr\/index.php\/wp-json\/wp\/v2\/types\/page"}],"author":[{"embeddable":true,"href":"https:\/\/surlechemindesmots.fr\/index.php\/wp-json\/wp\/v2\/users\/1"}],"replies":[{"embeddable":true,"href":"https:\/\/surlechemindesmots.fr\/index.php\/wp-json\/wp\/v2\/comments?post=63"}],"version-history":[{"count":357,"href":"https:\/\/surlechemindesmots.fr\/index.php\/wp-json\/wp\/v2\/pages\/63\/revisions"}],"predecessor-version":[{"id":1891,"href":"https:\/\/surlechemindesmots.fr\/index.php\/wp-json\/wp\/v2\/pages\/63\/revisions\/1891"}],"wp:attachment":[{"href":"https:\/\/surlechemindesmots.fr\/index.php\/wp-json\/wp\/v2\/media?parent=63"}],"curies":[{"name":"wp","href":"https:\/\/api.w.org\/{rel}","templated":true}]}}