{"id":65,"date":"2016-06-19T21:40:52","date_gmt":"2016-06-19T20:40:52","guid":{"rendered":"http:\/\/surlechemindesmots.fr\/?page_id=65"},"modified":"2016-08-03T15:45:01","modified_gmt":"2016-08-03T14:45:01","slug":"votre-livre","status":"publish","type":"page","link":"https:\/\/surlechemindesmots.fr\/index.php\/votre-livre\/","title":{"rendered":"Votre livre"},"content":{"rendered":"<p>[et_pb_section admin_label=&#8221;section&#8221; fullwidth=&#8221;on&#8221; specialty=&#8221;off&#8221; inner_shadow=&#8221;off&#8221; parallax=&#8221;off&#8221; background_color=&#8221;#2ea3f2&#8243;][et_pb_fullwidth_header admin_label=&#8221;Fullwidth Header&#8221; title=&#8221;Mille et une raisons d\u2019\u00e9crire un livre !&#8221; background_layout=&#8221;dark&#8221; text_orientation=&#8221;center&#8221; header_fullscreen=&#8221;on&#8221; header_scroll_down=&#8221;off&#8221; background_url=&#8221;https:\/\/surlechemindesmots.fr\/wp-content\/uploads\/2016\/06\/shutterstock_212582656.jpg&#8221; parallax=&#8221;on&#8221; parallax_method=&#8221;off&#8221; logo_image_url=&#8221;https:\/\/surlechemindesmots.fr\/wp-content\/uploads\/2016\/06\/plume.png&#8221; content_orientation=&#8221;center&#8221; image_orientation=&#8221;center&#8221; custom_button_one=&#8221;off&#8221; button_one_letter_spacing=&#8221;0&#8243; button_one_use_icon=&#8221;default&#8221; button_one_icon_placement=&#8221;right&#8221; button_one_on_hover=&#8221;on&#8221; button_one_letter_spacing_hover=&#8221;0&#8243; custom_button_two=&#8221;off&#8221; button_two_letter_spacing=&#8221;0&#8243; button_two_use_icon=&#8221;default&#8221; button_two_icon_placement=&#8221;right&#8221; button_two_on_hover=&#8221;on&#8221; button_two_letter_spacing_hover=&#8221;0&#8243; title_font_color=&#8221;#f7f7f7&#8243; title_font=&#8221;Source Sans Pro||||&#8221; title_font_size=&#8221;100px&#8221;] [\/et_pb_fullwidth_header][\/et_pb_section][et_pb_section admin_label=&#8221;section&#8221;][et_pb_row admin_label=&#8221;row&#8221;][et_pb_column type=&#8221;4_4&#8243;][et_pb_text admin_label=&#8221;Text&#8221; background_layout=&#8221;light&#8221; text_orientation=&#8221;left&#8221; use_border_color=&#8221;off&#8221; border_color=&#8221;#ffffff&#8221; border_style=&#8221;solid&#8221;]<\/p>\n<h5 style=\"text-align: justify;\">Les motivations qui peuvent pousser \u00e0 \u00e9crire le livre de sa vie \u2013 ou la vie d\u2019un proche \u2013 sont presque aussi nombreuses que les personnes qui d\u00e9cident de le faire. Les occasions ne manquent pas non plus d\u2019offrir (ou de s\u2019offrir\u2026) un livre-cadeau, original, unique, \u00e9ternel\u00a0!<\/h5>\n<p><strong>\u00a0<\/strong><\/p>\n<p><strong>Pourquoi et pour qui\u00a0? \u00a0<\/strong><span style=\"color: #33cccc;\"><a style=\"color: #33cccc;\" href=\"https:\/\/surlechemindesmots.fr\/index.php\/pourquoi-et-pour-qui\/\">&gt; en savoir plus<strong>\u00a0\u00a0 <\/strong><\/a><\/span><\/p>\n<p><strong>Offrir (ou s\u2019offrir) un livre-cadeau ! \u00a0<\/strong><span style=\"color: #33cccc;\"><a style=\"color: #33cccc;\" href=\"https:\/\/surlechemindesmots.fr\/index.php\/offrir-ou-soffrir-un-livre-cadeau\/\">&gt; en savoir plus<strong>\u00a0\u00a0<\/strong><\/a><\/span><\/p>\n<p><strong>Petits budgets<\/strong> <a href=\"https:\/\/surlechemindesmots.fr\/index.php\/tarifs\/petits-budgets\/\"><span style=\"color: #33cccc;\">&gt; en savoir plus<\/span><\/a><\/p>\n<p>[\/et_pb_text][\/et_pb_column][\/et_pb_row][\/et_pb_section]<\/p>\n","protected":false},"excerpt":{"rendered":"<p>Les motivations qui peuvent pousser \u00e0 \u00e9crire le livre de sa vie \u2013 ou la vie d\u2019un proche \u2013 sont presque aussi nombreuses que les personnes qui d\u00e9cident de le faire. Les occasions ne manquent pas non plus d\u2019offrir (ou de s\u2019offrir\u2026) un livre-cadeau, original, unique, \u00e9ternel\u00a0! \u00a0 Pourquoi et pour qui\u00a0? \u00a0&gt; en savoir [&hellip;]<\/p>\n","protected":false},"author":1,"featured_media":0,"parent":0,"menu_order":0,"comment_status":"closed","ping_status":"closed","template":"","meta":{"_et_pb_use_builder":"on","_et_pb_old_content":"<p>\u00a0<\/p><p><strong>Onglet\u00a0:<\/strong> Votre livre<\/p><p>\u00a0<\/p><p>Titre\u00a0: <strong>Pourquoi et pour qui\u00a0? <\/strong><\/p><h2>\u00a0<\/h2><p><strong>Les motivations qui peuvent pousser \u00e0 \u00e9crire le livre de sa vie \u2013 ou la vie d\u2019un proche \u2013 sont presque aussi nombreuses que les personnes qui d\u00e9cident de le faire. Dresser la liste de ces envies (\u2026) serait illusoire. Il y a mille et une raisons d\u2019\u00e9crire un livre\u00a0! Je me contenterai d\u2019en d\u00e9tailler quelques-unes, qui \u2013 je l\u2019esp\u00e8re \u2013 vous convaincront et nous ferons\u2026 nous rencontrer\u00a0! \u00a0<\/strong><\/p><p>\u00a0<\/p><p><strong>Transmettre.<\/strong> L\u00e9guer. N\u2019est-ce pas la plus belle et la plus g\u00e9n\u00e9reuse des motivations\u00a0? La transmission \u00e0 ses enfants et petits-enfants comme une sorte de notice de vie\u00a0! \u00ab\u00a0Mieux que toute valeur mat\u00e9rielle, le legs de votre exp\u00e9rience ou de vos id\u00e9es aidera vos descendants \u00e0 se projeter dans l\u2019avenir\u00a0\u00bb explique Pierre Nozi\u00e8res, dans <em>Osez votre livre<\/em>*. N\u2019avez-vous jamais eu le sentiment que le t\u00e9moignage \u2013 votre t\u00e9moignage peut-\u00eatre\u2026 \u2013 pourrait \u00eatre utile\u00a0aux \u00ab\u00a0jeunes pousses\u00a0\u00bb ? Le r\u00e9cit de vie peut aussi avoir une vocation encore plus large\u00a0: l\u00e9guer des savoir-faire disparus, d\u00e9crire des modes de vie r\u00e9volus, faire revivre un artisanat et des m\u00e9tiers oubli\u00e9s\u2026 Photos \u00e0 l\u2019appui\u00a0!<\/p><p><strong>\u00a0<\/strong><\/p><p><strong>Laisser une trace. <\/strong>Chacun porte en lui, m\u00eame secr\u00e8tement, ce v\u0153u. Il n\u2019y a rien de vaniteux dans cette d\u00e9marche. Vous ne souhaitez d\u2019ailleurs pas \u2013 j\u2019en suis s\u00fbr \u2013 attirer le regard des grandes maisons d\u2019\u00e9dition ou \u00eatre l\u2019invit\u00e9 d\u2019une \u00e9mission litt\u00e9raire \u00e0 la t\u00e9l\u00e9vision ! Mais simplement\u00a0: reconstituer votre parcours de vie. Pour t\u00e9moigner. Pour raconter. C\u2019est une belle intention. La soci\u00e9t\u00e9 m\u00eame demande \u00e0 b\u00e9n\u00e9ficier du t\u00e9moignage de ses anciens. L\u2019essor des ateliers d\u2019\u00e9critures et autres clubs-m\u00e9moire en atteste. La parole de nos a\u00een\u00e9s, d\u00e9positaires de la m\u00e9moire d\u2019un village ou d\u2019un quartier, int\u00e9resse les collectivit\u00e9s locales. Le tissu associatif est riche de ces femmes et de ces hommes qu\u2019on ne veut pas oublier. Et l\u2019entreprise aime aussi \u00e0 retracer son histoire. Les paroles s\u2019envolent, les \u00e9crits restent.<\/p><p>\u00a0<\/p><p><strong>Parce qu\u2019on veut tout savoir des gens qu\u2019on aime.<\/strong> Votre livre est en effet attendu\u2026 de vos enfants et petits-enfants\u00a0! Croyez-moi\u00a0: ils vous sauront gr\u00e9 de vous \u00eatre ainsi pr\u00e9sent\u00e9s \u00e0 eux. Peut-\u00eatre n\u2019ont-ils jamais os\u00e9 vous le dire\u00a0? Ou bien, au contraire, sont-ils les premiers demandeurs de votre histoire. Cette histoire qui sommeille en vous et dont vous leur \u00ab\u00a0livrez\u00a0\u00bb parfois quelques \u00ab\u00a0extraits\u00a0\u00bb,\u00a0\u00e0 l\u2019occasion d\u2019un repas de famille, d\u2019une visite. Ils s\u2019interrogent sur cette vie qui est la vie de leur famille. Leurs yeux brillent. L\u2019\u00e9motion transparait. Vous \u00eates en effet le gardien d\u2019un fabuleux patrimoine \u2013 parfois sous-estim\u00e9, souvent inestimable\u00a0\u2013 que seul un livre pr\u00e9servera \u00e0 jamais. Car si les souvenirs se racontent, il faut aussi les \u00e9crire. Sinon\u2026 ils s\u2019envolent.<\/p><p>\u00a0<\/p><p><strong>Pour sourire de ses nostalgies. <\/strong>Pour le plaisir de remonter le temps et retrouver ceux que l\u2019on a aim\u00e9. A l\u2019\u00e9vocation de souvenirs. Au d\u00e9tour de photos anciennes. En effet, si raconter sa vie, c\u2019est forc\u00e9ment \u00ab\u00a0livrer\u00a0\u00bb un peu de soi-m\u00eame \u2013 avec son lot d\u2019\u00e9motions \u2013 c\u2019est aussi exalter un parfum d\u2019anecdotes, des images et des sonorit\u00e9s oubli\u00e9es, des moments de joies, la m\u00e9moire de h\u00e9ros \u00ab\u00a0ordinaires\u00a0\u00bb qui incarnent mieux que quiconque l'air du temps. L\u2019air d\u2019antan (\u2026). Pour sourire de ces nostalgies et en faire un livre\u00a0\u2013 votre livre \u2013, je vous entra\u00eenerai sur le chemin des mots. \u00c9crire est une aventure agr\u00e9able \u00e0 laquelle je vous convie, si vous aimez raconter et vous souvenir.<\/p><p>\u00a0<\/p><p><strong>Parce que chaque vie m\u00e9rite un livre. <\/strong>Il n\u2019y a pas en effet de \u00ab\u00a0petite\u00a0\u00bb ou de \u00ab\u00a0grande\u00a0\u00bb vie\u00a0: une vie paisible, sans grands \u00e9v\u00e8nements, peut infiniment s\u00e9duire par l\u2019envie qu\u2019elle donne de retrouver des bonheurs simples. Dans une vie moderne qui en manque cruellement \u2013 de simplicit\u00e9 \u2013, votre t\u00e9moignage sera pr\u00e9cieux et touchant. Apr\u00e8s tout, raconter sa vie dans un livre, c\u2019est un peu la d\u00e9marche de nos a\u00efeuls lorsqu\u2019ils contaient leur histoire au coin de la chemin\u00e9e. La magie op\u00e9rait. Et leur \u00ab\u00a0auditoire\u00a0\u00bb y \u00e9tait d\u2019autant plus attentif que la petite histoire rencontrait parfois \u2013 et racontait \u2013 la grande histoire\u00a0!<\/p><p>\u00a0<\/p><p><strong>Et puis aussi\u2026. <\/strong>Pour rassembler des souvenirs \u00e9parpill\u00e9s. Pour comm\u00e9morer un \u00e9v\u00e8nement heureux. Pour rendre hommage. Pour faire le bilan. Pour combattre l\u2019oubli. Pour cr\u00e9er du lien. Parce que le livre d\u00e9livre. Pour tourner la page\u2026 Parce que r\u00e9diger ses m\u00e9moires n\u2019est plus un privil\u00e8ge r\u00e9serv\u00e9 aux intellectuels, hommes politiques ou <em>people<\/em>. Parce que votre vie est un roman. Parce que, tout simplement, vous en avez le d\u00e9sir. Et pour\u2026 mille autres raisons encore, au moins\u00a0!<\/p><p>\u00a0<\/p><p><strong>Lire aussi\u00a0: <\/strong><\/p><p><strong>\u00a0<\/strong><\/p><p><strong>Offrir (ou s\u2019offrir) un livre-cadeau\u00a0!<\/strong><\/p><p>\u00a0<\/p><p>\u00a0<\/p>","_et_gb_content_width":"","footnotes":""},"yoast_head":"<!-- This site is optimized with the Yoast SEO plugin v22.5 - https:\/\/yoast.com\/wordpress\/plugins\/seo\/ -->\n<title>Votre livre - Sur le chemin des mots<\/title>\n<meta name=\"robots\" content=\"index, follow, max-snippet:-1, max-image-preview:large, max-video-preview:-1\" \/>\n<link rel=\"canonical\" href=\"https:\/\/surlechemindesmots.fr\/index.php\/votre-livre\/\" \/>\n<meta property=\"og:locale\" content=\"fr_FR\" \/>\n<meta property=\"og:type\" content=\"article\" \/>\n<meta property=\"og:title\" content=\"Votre livre - Sur le chemin des mots\" \/>\n<meta property=\"og:description\" content=\"Les motivations qui peuvent pousser \u00e0 \u00e9crire le livre de sa vie \u2013 ou la vie d\u2019un proche \u2013 sont presque aussi nombreuses que les personnes qui d\u00e9cident de le faire. Les occasions ne manquent pas non plus d\u2019offrir (ou de s\u2019offrir\u2026) un livre-cadeau, original, unique, \u00e9ternel\u00a0! \u00a0 Pourquoi et pour qui\u00a0? \u00a0&gt; en savoir [&hellip;]\" \/>\n<meta property=\"og:url\" content=\"https:\/\/surlechemindesmots.fr\/index.php\/votre-livre\/\" \/>\n<meta property=\"og:site_name\" content=\"Sur le chemin des mots\" \/>\n<meta property=\"article:modified_time\" content=\"2016-08-03T14:45:01+00:00\" \/>\n<meta name=\"twitter:card\" content=\"summary_large_image\" \/>\n<meta name=\"twitter:label1\" content=\"Dur\u00e9e de lecture estim\u00e9e\" \/>\n\t<meta name=\"twitter:data1\" content=\"1 minute\" \/>\n<script type=\"application\/ld+json\" class=\"yoast-schema-graph\">{\"@context\":\"https:\/\/schema.org\",\"@graph\":[{\"@type\":\"WebPage\",\"@id\":\"https:\/\/surlechemindesmots.fr\/index.php\/votre-livre\/\",\"url\":\"https:\/\/surlechemindesmots.fr\/index.php\/votre-livre\/\",\"name\":\"Votre livre - Sur le chemin des mots\",\"isPartOf\":{\"@id\":\"https:\/\/surlechemindesmots.fr\/#website\"},\"datePublished\":\"2016-06-19T20:40:52+00:00\",\"dateModified\":\"2016-08-03T14:45:01+00:00\",\"breadcrumb\":{\"@id\":\"https:\/\/surlechemindesmots.fr\/index.php\/votre-livre\/#breadcrumb\"},\"inLanguage\":\"fr-FR\",\"potentialAction\":[{\"@type\":\"ReadAction\",\"target\":[\"https:\/\/surlechemindesmots.fr\/index.php\/votre-livre\/\"]}]},{\"@type\":\"BreadcrumbList\",\"@id\":\"https:\/\/surlechemindesmots.fr\/index.php\/votre-livre\/#breadcrumb\",\"itemListElement\":[{\"@type\":\"ListItem\",\"position\":1,\"name\":\"Accueil\",\"item\":\"https:\/\/surlechemindesmots.fr\/\"},{\"@type\":\"ListItem\",\"position\":2,\"name\":\"Votre livre\"}]},{\"@type\":\"WebSite\",\"@id\":\"https:\/\/surlechemindesmots.fr\/#website\",\"url\":\"https:\/\/surlechemindesmots.fr\/\",\"name\":\"Sur le chemin des mots\",\"description\":\"\",\"potentialAction\":[{\"@type\":\"SearchAction\",\"target\":{\"@type\":\"EntryPoint\",\"urlTemplate\":\"https:\/\/surlechemindesmots.fr\/?s={search_term_string}\"},\"query-input\":\"required name=search_term_string\"}],\"inLanguage\":\"fr-FR\"}]}<\/script>\n<!-- \/ Yoast SEO plugin. -->","yoast_head_json":{"title":"Votre livre - Sur le chemin des mots","robots":{"index":"index","follow":"follow","max-snippet":"max-snippet:-1","max-image-preview":"max-image-preview:large","max-video-preview":"max-video-preview:-1"},"canonical":"https:\/\/surlechemindesmots.fr\/index.php\/votre-livre\/","og_locale":"fr_FR","og_type":"article","og_title":"Votre livre - Sur le chemin des mots","og_description":"Les motivations qui peuvent pousser \u00e0 \u00e9crire le livre de sa vie \u2013 ou la vie d\u2019un proche \u2013 sont presque aussi nombreuses que les personnes qui d\u00e9cident de le faire. Les occasions ne manquent pas non plus d\u2019offrir (ou de s\u2019offrir\u2026) un livre-cadeau, original, unique, \u00e9ternel\u00a0! \u00a0 Pourquoi et pour qui\u00a0? \u00a0&gt; en savoir [&hellip;]","og_url":"https:\/\/surlechemindesmots.fr\/index.php\/votre-livre\/","og_site_name":"Sur le chemin des mots","article_modified_time":"2016-08-03T14:45:01+00:00","twitter_card":"summary_large_image","twitter_misc":{"Dur\u00e9e de lecture estim\u00e9e":"1 minute"},"schema":{"@context":"https:\/\/schema.org","@graph":[{"@type":"WebPage","@id":"https:\/\/surlechemindesmots.fr\/index.php\/votre-livre\/","url":"https:\/\/surlechemindesmots.fr\/index.php\/votre-livre\/","name":"Votre livre - Sur le chemin des mots","isPartOf":{"@id":"https:\/\/surlechemindesmots.fr\/#website"},"datePublished":"2016-06-19T20:40:52+00:00","dateModified":"2016-08-03T14:45:01+00:00","breadcrumb":{"@id":"https:\/\/surlechemindesmots.fr\/index.php\/votre-livre\/#breadcrumb"},"inLanguage":"fr-FR","potentialAction":[{"@type":"ReadAction","target":["https:\/\/surlechemindesmots.fr\/index.php\/votre-livre\/"]}]},{"@type":"BreadcrumbList","@id":"https:\/\/surlechemindesmots.fr\/index.php\/votre-livre\/#breadcrumb","itemListElement":[{"@type":"ListItem","position":1,"name":"Accueil","item":"https:\/\/surlechemindesmots.fr\/"},{"@type":"ListItem","position":2,"name":"Votre livre"}]},{"@type":"WebSite","@id":"https:\/\/surlechemindesmots.fr\/#website","url":"https:\/\/surlechemindesmots.fr\/","name":"Sur le chemin des mots","description":"","potentialAction":[{"@type":"SearchAction","target":{"@type":"EntryPoint","urlTemplate":"https:\/\/surlechemindesmots.fr\/?s={search_term_string}"},"query-input":"required name=search_term_string"}],"inLanguage":"fr-FR"}]}},"_links":{"self":[{"href":"https:\/\/surlechemindesmots.fr\/index.php\/wp-json\/wp\/v2\/pages\/65"}],"collection":[{"href":"https:\/\/surlechemindesmots.fr\/index.php\/wp-json\/wp\/v2\/pages"}],"about":[{"href":"https:\/\/surlechemindesmots.fr\/index.php\/wp-json\/wp\/v2\/types\/page"}],"author":[{"embeddable":true,"href":"https:\/\/surlechemindesmots.fr\/index.php\/wp-json\/wp\/v2\/users\/1"}],"replies":[{"embeddable":true,"href":"https:\/\/surlechemindesmots.fr\/index.php\/wp-json\/wp\/v2\/comments?post=65"}],"version-history":[{"count":20,"href":"https:\/\/surlechemindesmots.fr\/index.php\/wp-json\/wp\/v2\/pages\/65\/revisions"}],"predecessor-version":[{"id":1214,"href":"https:\/\/surlechemindesmots.fr\/index.php\/wp-json\/wp\/v2\/pages\/65\/revisions\/1214"}],"wp:attachment":[{"href":"https:\/\/surlechemindesmots.fr\/index.php\/wp-json\/wp\/v2\/media?parent=65"}],"curies":[{"name":"wp","href":"https:\/\/api.w.org\/{rel}","templated":true}]}}