{"id":73,"date":"2016-06-19T21:54:02","date_gmt":"2016-06-19T20:54:02","guid":{"rendered":"http:\/\/surlechemindesmots.fr\/?page_id=73"},"modified":"2016-07-14T21:59:13","modified_gmt":"2016-07-14T20:59:13","slug":"tarifs","status":"publish","type":"page","link":"https:\/\/surlechemindesmots.fr\/index.php\/tarifs\/","title":{"rendered":"Tarifs"},"content":{"rendered":"<p>[et_pb_section admin_label=&#8221;section&#8221; fullwidth=&#8221;on&#8221; specialty=&#8221;off&#8221; inner_shadow=&#8221;off&#8221; parallax=&#8221;off&#8221; background_color=&#8221;#2ea3f2&#8243;][et_pb_fullwidth_header admin_label=&#8221;Fullwidth Header&#8221; title=&#8221;Quel budget ?&#8221; background_layout=&#8221;dark&#8221; text_orientation=&#8221;center&#8221; header_fullscreen=&#8221;on&#8221; header_scroll_down=&#8221;off&#8221; parallax=&#8221;on&#8221; parallax_method=&#8221;off&#8221; content_orientation=&#8221;center&#8221; image_orientation=&#8221;center&#8221; custom_button_one=&#8221;off&#8221; button_one_letter_spacing=&#8221;0&#8243; button_one_use_icon=&#8221;default&#8221; button_one_icon_placement=&#8221;right&#8221; button_one_on_hover=&#8221;on&#8221; button_one_letter_spacing_hover=&#8221;0&#8243; custom_button_two=&#8221;off&#8221; button_two_letter_spacing=&#8221;0&#8243; button_two_use_icon=&#8221;default&#8221; button_two_icon_placement=&#8221;right&#8221; button_two_on_hover=&#8221;on&#8221; button_two_letter_spacing_hover=&#8221;0&#8243; background_url=&#8221;https:\/\/surlechemindesmots.fr\/wp-content\/uploads\/2016\/06\/iStock_70570239_LARGE-2.jpg&#8221; logo_image_url=&#8221;https:\/\/surlechemindesmots.fr\/wp-content\/uploads\/2016\/06\/plume.png&#8221; title_font=&#8221;Source Sans Pro||||&#8221; title_font_size=&#8221;100px&#8221; title_font_color=&#8221;#ffffff&#8221; background_color=&#8221;#0cb0c9&#8243; title_text_color=&#8221;#e02b20&#8243; content_text_color=&#8221;#e02b20&#8243;] [\/et_pb_fullwidth_header][\/et_pb_section][et_pb_section admin_label=&#8221;section&#8221;][et_pb_row admin_label=&#8221;row&#8221;][et_pb_column type=&#8221;4_4&#8243;][et_pb_text admin_label=&#8221;Texte&#8221; background_layout=&#8221;light&#8221; text_orientation=&#8221;left&#8221; use_border_color=&#8221;off&#8221; border_color=&#8221;#ffffff&#8221; border_style=&#8221;solid&#8221;]<\/p>\n<h5 style=\"text-align: justify;\">Sur le fond comme sur la forme, aucune biographie ne ressemble \u00e0 une autre : le budget d\u00e9pend de la longueur de votre histoire ! Chaque \u00ab\u00a0projet\u00a0\u00bb d\u2019\u00e9criture est \u00e9galement diff\u00e9rent : du r\u00e9cit de vie au livre de &#8220;t\u00e9moignages&#8221;, en passant par un travail de relecture et correction ou une r\u00e9\u00e9criture partielle. D\u2019o\u00f9 l\u2019importance du premier rendez-vous \u2013 gratuit et sans engagement \u2013 que je vous propose syst\u00e9matiquement. Pour\u00a0bien cerner vos attentes.<\/h5>\n<p>&nbsp;<\/p>\n<p><strong>En d\u00e9tail \u00a0<\/strong><a href=\"https:\/\/surlechemindesmots.fr\/index.php\/mes-tarifs-en-details\/\">&gt; en savoir plus<\/a><\/p>\n<p><strong>A votre rythme <\/strong><a href=\"https:\/\/surlechemindesmots.fr\/index.php\/a-votre-rythme\/\">&gt; en savoir plus<\/a><\/p>\n<p>&nbsp;<\/p>\n<p>[\/et_pb_text][\/et_pb_column][\/et_pb_row][\/et_pb_section]<\/p>\n","protected":false},"excerpt":{"rendered":"<p>Sur le fond comme sur la forme, aucune biographie ne ressemble \u00e0 une autre : le budget d\u00e9pend de la longueur de votre histoire ! Chaque \u00ab\u00a0projet\u00a0\u00bb d\u2019\u00e9criture est \u00e9galement diff\u00e9rent : du r\u00e9cit de vie au livre de &#8220;t\u00e9moignages&#8221;, en passant par un travail de relecture et correction ou une r\u00e9\u00e9criture partielle. D\u2019o\u00f9 l\u2019importance [&hellip;]<\/p>\n","protected":false},"author":1,"featured_media":0,"parent":0,"menu_order":0,"comment_status":"closed","ping_status":"closed","template":"","meta":{"_et_pb_use_builder":"on","_et_pb_old_content":"","_et_gb_content_width":"","footnotes":""},"yoast_head":"<!-- This site is optimized with the Yoast SEO plugin v22.5 - https:\/\/yoast.com\/wordpress\/plugins\/seo\/ -->\n<title>Tarifs - Sur le chemin des mots<\/title>\n<meta name=\"robots\" content=\"index, follow, max-snippet:-1, max-image-preview:large, max-video-preview:-1\" \/>\n<link rel=\"canonical\" href=\"https:\/\/surlechemindesmots.fr\/index.php\/tarifs\/\" \/>\n<meta property=\"og:locale\" content=\"fr_FR\" \/>\n<meta property=\"og:type\" content=\"article\" \/>\n<meta property=\"og:title\" content=\"Tarifs - Sur le chemin des mots\" \/>\n<meta property=\"og:description\" content=\"Sur le fond comme sur la forme, aucune biographie ne ressemble \u00e0 une autre : le budget d\u00e9pend de la longueur de votre histoire ! Chaque \u00ab\u00a0projet\u00a0\u00bb d\u2019\u00e9criture est \u00e9galement diff\u00e9rent : du r\u00e9cit de vie au livre de &quot;t\u00e9moignages&quot;, en passant par un travail de relecture et correction ou une r\u00e9\u00e9criture partielle. D\u2019o\u00f9 l\u2019importance [&hellip;]\" \/>\n<meta property=\"og:url\" content=\"https:\/\/surlechemindesmots.fr\/index.php\/tarifs\/\" \/>\n<meta property=\"og:site_name\" content=\"Sur le chemin des mots\" \/>\n<meta property=\"article:modified_time\" content=\"2016-07-14T20:59:13+00:00\" \/>\n<meta name=\"twitter:card\" content=\"summary_large_image\" \/>\n<meta name=\"twitter:label1\" content=\"Dur\u00e9e de lecture estim\u00e9e\" \/>\n\t<meta name=\"twitter:data1\" content=\"2 minutes\" \/>\n<script type=\"application\/ld+json\" class=\"yoast-schema-graph\">{\"@context\":\"https:\/\/schema.org\",\"@graph\":[{\"@type\":\"WebPage\",\"@id\":\"https:\/\/surlechemindesmots.fr\/index.php\/tarifs\/\",\"url\":\"https:\/\/surlechemindesmots.fr\/index.php\/tarifs\/\",\"name\":\"Tarifs - Sur le chemin des mots\",\"isPartOf\":{\"@id\":\"https:\/\/surlechemindesmots.fr\/#website\"},\"datePublished\":\"2016-06-19T20:54:02+00:00\",\"dateModified\":\"2016-07-14T20:59:13+00:00\",\"breadcrumb\":{\"@id\":\"https:\/\/surlechemindesmots.fr\/index.php\/tarifs\/#breadcrumb\"},\"inLanguage\":\"fr-FR\",\"potentialAction\":[{\"@type\":\"ReadAction\",\"target\":[\"https:\/\/surlechemindesmots.fr\/index.php\/tarifs\/\"]}]},{\"@type\":\"BreadcrumbList\",\"@id\":\"https:\/\/surlechemindesmots.fr\/index.php\/tarifs\/#breadcrumb\",\"itemListElement\":[{\"@type\":\"ListItem\",\"position\":1,\"name\":\"Accueil\",\"item\":\"https:\/\/surlechemindesmots.fr\/\"},{\"@type\":\"ListItem\",\"position\":2,\"name\":\"Tarifs\"}]},{\"@type\":\"WebSite\",\"@id\":\"https:\/\/surlechemindesmots.fr\/#website\",\"url\":\"https:\/\/surlechemindesmots.fr\/\",\"name\":\"Sur le chemin des mots\",\"description\":\"\",\"potentialAction\":[{\"@type\":\"SearchAction\",\"target\":{\"@type\":\"EntryPoint\",\"urlTemplate\":\"https:\/\/surlechemindesmots.fr\/?s={search_term_string}\"},\"query-input\":\"required name=search_term_string\"}],\"inLanguage\":\"fr-FR\"}]}<\/script>\n<!-- \/ Yoast SEO plugin. -->","yoast_head_json":{"title":"Tarifs - Sur le chemin des mots","robots":{"index":"index","follow":"follow","max-snippet":"max-snippet:-1","max-image-preview":"max-image-preview:large","max-video-preview":"max-video-preview:-1"},"canonical":"https:\/\/surlechemindesmots.fr\/index.php\/tarifs\/","og_locale":"fr_FR","og_type":"article","og_title":"Tarifs - Sur le chemin des mots","og_description":"Sur le fond comme sur la forme, aucune biographie ne ressemble \u00e0 une autre : le budget d\u00e9pend de la longueur de votre histoire ! Chaque \u00ab\u00a0projet\u00a0\u00bb d\u2019\u00e9criture est \u00e9galement diff\u00e9rent : du r\u00e9cit de vie au livre de \"t\u00e9moignages\", en passant par un travail de relecture et correction ou une r\u00e9\u00e9criture partielle. D\u2019o\u00f9 l\u2019importance [&hellip;]","og_url":"https:\/\/surlechemindesmots.fr\/index.php\/tarifs\/","og_site_name":"Sur le chemin des mots","article_modified_time":"2016-07-14T20:59:13+00:00","twitter_card":"summary_large_image","twitter_misc":{"Dur\u00e9e de lecture estim\u00e9e":"2 minutes"},"schema":{"@context":"https:\/\/schema.org","@graph":[{"@type":"WebPage","@id":"https:\/\/surlechemindesmots.fr\/index.php\/tarifs\/","url":"https:\/\/surlechemindesmots.fr\/index.php\/tarifs\/","name":"Tarifs - Sur le chemin des mots","isPartOf":{"@id":"https:\/\/surlechemindesmots.fr\/#website"},"datePublished":"2016-06-19T20:54:02+00:00","dateModified":"2016-07-14T20:59:13+00:00","breadcrumb":{"@id":"https:\/\/surlechemindesmots.fr\/index.php\/tarifs\/#breadcrumb"},"inLanguage":"fr-FR","potentialAction":[{"@type":"ReadAction","target":["https:\/\/surlechemindesmots.fr\/index.php\/tarifs\/"]}]},{"@type":"BreadcrumbList","@id":"https:\/\/surlechemindesmots.fr\/index.php\/tarifs\/#breadcrumb","itemListElement":[{"@type":"ListItem","position":1,"name":"Accueil","item":"https:\/\/surlechemindesmots.fr\/"},{"@type":"ListItem","position":2,"name":"Tarifs"}]},{"@type":"WebSite","@id":"https:\/\/surlechemindesmots.fr\/#website","url":"https:\/\/surlechemindesmots.fr\/","name":"Sur le chemin des mots","description":"","potentialAction":[{"@type":"SearchAction","target":{"@type":"EntryPoint","urlTemplate":"https:\/\/surlechemindesmots.fr\/?s={search_term_string}"},"query-input":"required name=search_term_string"}],"inLanguage":"fr-FR"}]}},"_links":{"self":[{"href":"https:\/\/surlechemindesmots.fr\/index.php\/wp-json\/wp\/v2\/pages\/73"}],"collection":[{"href":"https:\/\/surlechemindesmots.fr\/index.php\/wp-json\/wp\/v2\/pages"}],"about":[{"href":"https:\/\/surlechemindesmots.fr\/index.php\/wp-json\/wp\/v2\/types\/page"}],"author":[{"embeddable":true,"href":"https:\/\/surlechemindesmots.fr\/index.php\/wp-json\/wp\/v2\/users\/1"}],"replies":[{"embeddable":true,"href":"https:\/\/surlechemindesmots.fr\/index.php\/wp-json\/wp\/v2\/comments?post=73"}],"version-history":[{"count":34,"href":"https:\/\/surlechemindesmots.fr\/index.php\/wp-json\/wp\/v2\/pages\/73\/revisions"}],"predecessor-version":[{"id":1327,"href":"https:\/\/surlechemindesmots.fr\/index.php\/wp-json\/wp\/v2\/pages\/73\/revisions\/1327"}],"wp:attachment":[{"href":"https:\/\/surlechemindesmots.fr\/index.php\/wp-json\/wp\/v2\/media?parent=73"}],"curies":[{"name":"wp","href":"https:\/\/api.w.org\/{rel}","templated":true}]}}