{"id":95,"date":"2016-06-19T22:10:16","date_gmt":"2016-06-19T21:10:16","guid":{"rendered":"http:\/\/surlechemindesmots.fr\/?page_id=95"},"modified":"2016-07-22T13:21:39","modified_gmt":"2016-07-22T12:21:39","slug":"etape-2-nos-seances-de-travail","status":"publish","type":"page","link":"https:\/\/surlechemindesmots.fr\/index.php\/etape-2-nos-seances-de-travail\/","title":{"rendered":"SEANCES DE TRAVAIL"},"content":{"rendered":"<p>[et_pb_section admin_label=&#8221;section&#8221; fullwidth=&#8221;on&#8221; specialty=&#8221;off&#8221; inner_shadow=&#8221;off&#8221; parallax=&#8221;off&#8221; background_color=&#8221;#2ea3f2&#8243;][et_pb_fullwidth_header admin_label=&#8221;Fullwidth Header&#8221; background_layout=&#8221;dark&#8221; text_orientation=&#8221;center&#8221; header_fullscreen=&#8221;on&#8221; header_scroll_down=&#8221;off&#8221; parallax=&#8221;on&#8221; parallax_method=&#8221;off&#8221; content_orientation=&#8221;center&#8221; image_orientation=&#8221;center&#8221; custom_button_one=&#8221;off&#8221; button_one_letter_spacing=&#8221;0&#8243; button_one_use_icon=&#8221;default&#8221; button_one_icon_placement=&#8221;right&#8221; button_one_on_hover=&#8221;on&#8221; button_one_letter_spacing_hover=&#8221;0&#8243; custom_button_two=&#8221;off&#8221; button_two_letter_spacing=&#8221;0&#8243; button_two_use_icon=&#8221;default&#8221; button_two_icon_placement=&#8221;right&#8221; button_two_on_hover=&#8221;on&#8221; button_two_letter_spacing_hover=&#8221;0&#8243; background_url=&#8221;https:\/\/surlechemindesmots.fr\/wp-content\/uploads\/2016\/06\/shutterstock_44753041.jpg&#8221; logo_image_url=&#8221;https:\/\/surlechemindesmots.fr\/wp-content\/uploads\/2016\/06\/plume.png&#8221; title_font=&#8221;Source Sans Pro||||&#8221; title_font_size=&#8221;100px&#8221; title_font_color=&#8221;#ffffff&#8221; content_font_color=&#8221;#ffffff&#8221; content_font=&#8221;Source Sans Pro||||&#8221;]<\/p>\n<h1 style=\"text-align: center;\">Nos s\u00e9ances<br \/>\nde travail<\/h1>\n<p>[\/et_pb_fullwidth_header][\/et_pb_section][et_pb_section admin_label=&#8221;section&#8221;][et_pb_row admin_label=&#8221;row&#8221;][et_pb_column type=&#8221;4_4&#8243;][et_pb_text admin_label=&#8221;Text&#8221; background_layout=&#8221;light&#8221; text_orientation=&#8221;left&#8221; use_border_color=&#8221;off&#8221; border_color=&#8221;#ffffff&#8221; border_style=&#8221;solid&#8221;]<\/p>\n<h5 style=\"text-align: justify;\">Je devine d\u00e9j\u00e0 vos questions&#8230; O\u00f9 et comment se d\u00e9roule une s\u00e9ance ? Combien d&#8217;entretiens seront n\u00e9cessaires ? A quelle fr\u00e9quence ? Et\u00a0si je ne me souviens pas de tout\u00a0? Pourquoi enregistrer nos conversations ?<\/h5>\n<p>&nbsp;<\/p>\n<p style=\"text-align: justify;\"><span style=\"color: #33cccc;\"><strong>Il est pr\u00e9f\u00e9rable, tout d&#8217;abord, que nos s\u00e9ances de travail aient lieu \u00e0 votre domicile.<\/strong><\/span>\u00a0Ainsi, vous n\u2019avez pas \u00e0 vous d\u00e9placer. C\u2019est aussi l\u2019endroit o\u00f9 vous vous sentez certainement le mieux\u00a0; vos souvenirs \u00ab\u00a0remonteront\u00a0\u00bb plus facilement. Et les documents utiles (photos notamment) seront \u00e9galement \u00e0 port\u00e9e de main\u00a0! D\u2019autres solutions (par t\u00e9l\u00e9phone, via Skype) existent et auront \u00e9t\u00e9 \u00e9voqu\u00e9es lors de notre premi\u00e8re rencontre. Elles n\u2019ont d\u2019ailleurs pas que des inconv\u00e9nients. Par exemple, il arrive parfois que la distance (physique) facilite l\u2019expression de l\u2019intime. Le plus souvent, cependant, nous rencontrer \u00e0 votre domicile s\u2019av\u00e8re utile pour appr\u00e9hender votre environnement, pour saisir l\u2019indicible&#8230;<\/p>\n<p style=\"text-align: justify;\"><span style=\"color: #33cccc;\"><strong>Lors de chaque entretien, nous cheminons pendant une heure ou deux<\/strong> <\/span>\u2013 trois heures maximum \u2013 et ce, \u00e0 votre convenance. Au-del\u00e0, il faut bien reconna\u00eetre que la fatigue peut s\u2019installer et la qualit\u00e9 de l\u2019\u00e9coute s\u2019en ressentir pour les deux protagonistes, vous et moi. Sachez qu\u2019en moyenne, cinq \u00e0 sept s\u00e9ances de deux heures\u00a0d\u2019entretien sont n\u00e9cessaires, pour r\u00e9aliser un livre de souvenirs.\u00a0Certes, ce nombre varie en fonction de ce que vous avez \u00e0 dire, du temps et du budget que vous d\u00e9sirez y consacrer\u00a0: c\u2019est pourquoi il est important lors de notre premi\u00e8re rencontre de pr\u00e9ciser vos attentes et votre projet. Le nombre de s\u00e9ances utiles s\u2019appr\u00e9cie souvent \u00e0 l\u2019issue des deux premiers entretiens, en fonction de vos souhaits et de l\u2019\u00e9tendue de vos souvenirs.<\/p>\n<p style=\"text-align: justify;\"><span style=\"color: #33cccc;\"><strong>Ah\u00a0! les souvenirs\u2026<\/strong><\/span>\u00a0Ils afflueront, de plus en plus nombreux, au fil des rendez-vous. N&#8217;ayez aucune crainte ! D\u2019autant plus que je vous accompagne\u00a0<em>sur le chemin des mots\u00a0!<\/em> Il ne s\u2019agit pas en effet d\u2019un monologue, mais d\u2019un dialogue entre vous et moi. D\u2019une conversation, plus que d\u2019un entretien. Apr\u00e8s, il me suffit de remettre tout dans l\u2019ordre, pour la construction de votre\u00a0r\u00e9cit. Chacun de nos entretiens est comparable \u00e0 une pi\u00e8ce de puzzle. A moi de reconstituer le puzzle, quand votre r\u00e9cit est termin\u00e9.<strong>\u00a0<\/strong><\/p>\n<p style=\"text-align: justify;\"><span style=\"color: #33cccc;\"><strong>Vous d\u00e9cidez de la fr\u00e9quence des entretiens. <\/strong><\/span>Une fois par semaine, une fois tous les quinze jours, une fois par mois\u2026 Nous fixons les rendez-vous suivant vos disponibilit\u00e9s, votre budget et votre motivation \u00e0 avancer dans votre biographie. Vous pouvez aussi avoir une \u00e9ch\u00e9ance \u00e0 tenir, une date anniversaire \u00e0 honorer ! Je conseille n\u00e9anmoins un rythme r\u00e9gulier, pour ne pas perdre le fil de l\u2019histoire. Votre r\u00e9cit n\u2019en sera que plus coh\u00e9rent et plus facile \u00e0 \u00e9crire. \u00c0 n\u2019importe quel moment, vous pouvez aussi faire une pause, voire arr\u00eater cette d\u00e9marche, sans nul besoin de vous justifier\u00a0: vous ma\u00eetrisez ainsi votre budget\u00a0avec une grande souplesse. (voir\u00a0: <span style=\"color: #33cccc;\"><a style=\"color: #33cccc;\" href=\"https:\/\/surlechemindesmots.fr\/index.php\/a-votre-rythme\/\">A votre rythme<\/a><\/span>)<\/p>\n<p style=\"text-align: justify;\"><strong><span style=\"color: #33cccc;\">Je vous \u00e9coute, je prends des notes et j\u2019enregistre nos entretiens.<\/span> <\/strong>Rassurez-vous\u00a0: mon dictaphone (ou enregistreur) se fait tr\u00e8s vite oublier. J&#8217;ai choisi cette m\u00e9thode pour plusieurs raisons. D\u2019abord, cela me permet d&#8217;\u00eatre totalement \u00e0 votre \u00e9coute, de ne pas vous interrompre sans cesse pour vous demander de r\u00e9p\u00e9ter ou de revenir en arri\u00e8re\u2026 Ensuite, lors de la retranscription de notre \u00e9change (voir\u00a0: <span style=\"color: #33cccc;\"><a style=\"color: #33cccc;\" href=\"https:\/\/surlechemindesmots.fr\/index.php\/etape-3-de-retour-a-mon-bureau\/\">de retour \u00e0 mon bureau<\/a><\/span>), cela me permettra de ne rien oublier, de restituer fid\u00e8lement vos propos, vos expressions, l\u2019\u00e9motion qui passe avec votre voix ou dans votre diction. Enfin, le nombre d&#8217;entretiens n\u00e9cessaires pour l\u2019\u00e9criture de votre livre s\u2019en trouvera r\u00e9duit, car une heure d&#8217;enregistrement est beaucoup plus dense qu&#8217;une heure de prise de notes.<\/p>\n<p>[\/et_pb_text][\/et_pb_column][\/et_pb_row][et_pb_row admin_label=&#8221;Ligne&#8221;][et_pb_column type=&#8221;1_4&#8243;][\/et_pb_column][et_pb_column type=&#8221;1_2&#8243;][et_pb_cta admin_label=&#8221;Appel d&#8217;action&#8221; title=&#8221;De retour \u00e0 mon bureau&#8221; button_url=&#8221;https:\/\/surlechemindesmots.fr\/index.php\/etape-3-de-retour-a-mon-bureau\/&#8221; url_new_window=&#8221;off&#8221; button_text=&#8221;Voir&#8221; use_background_color=&#8221;off&#8221; background_color=&#8221;#2ed1f2&#8243; background_layout=&#8221;dark&#8221; text_orientation=&#8221;center&#8221; header_font_size=&#8221;20&#8243; header_text_color=&#8221;#0cb0c9&#8243; use_border_color=&#8221;on&#8221; border_color=&#8221;#ffffff&#8221; border_width=&#8221;0px&#8221; border_style=&#8221;solid&#8221; custom_button=&#8221;on&#8221; button_text_color=&#8221;#0cb0c9&#8243; button_border_color=&#8221;#0cb0c9&#8243; button_letter_spacing=&#8221;0&#8243; button_use_icon=&#8221;default&#8221; button_icon_placement=&#8221;right&#8221; button_on_hover=&#8221;on&#8221; button_text_color_hover=&#8221;#ffffff&#8221; button_bg_color_hover=&#8221;#0cb0c9&#8243; button_letter_spacing_hover=&#8221;0&#8243;] [\/et_pb_cta][\/et_pb_column][et_pb_column type=&#8221;1_4&#8243;][\/et_pb_column][\/et_pb_row][\/et_pb_section]<\/p>\n","protected":false},"excerpt":{"rendered":"<p>Nos s\u00e9ances de travail Je devine d\u00e9j\u00e0 vos questions&#8230; O\u00f9 et comment se d\u00e9roule une s\u00e9ance ? Combien d&#8217;entretiens seront n\u00e9cessaires ? A quelle fr\u00e9quence ? Et\u00a0si je ne me souviens pas de tout\u00a0? Pourquoi enregistrer nos conversations ? &nbsp; Il est pr\u00e9f\u00e9rable, tout d&#8217;abord, que nos s\u00e9ances de travail aient lieu \u00e0 votre domicile.\u00a0Ainsi, [&hellip;]<\/p>\n","protected":false},"author":1,"featured_media":0,"parent":0,"menu_order":0,"comment_status":"closed","ping_status":"closed","template":"","meta":{"_et_pb_use_builder":"on","_et_pb_old_content":"","_et_gb_content_width":"","footnotes":""},"yoast_head":"<!-- This site is optimized with the Yoast SEO plugin v22.5 - https:\/\/yoast.com\/wordpress\/plugins\/seo\/ -->\n<title>SEANCES DE TRAVAIL - Sur le chemin des mots<\/title>\n<meta name=\"robots\" content=\"index, follow, max-snippet:-1, max-image-preview:large, max-video-preview:-1\" \/>\n<link rel=\"canonical\" href=\"https:\/\/surlechemindesmots.fr\/index.php\/etape-2-nos-seances-de-travail\/\" \/>\n<meta property=\"og:locale\" content=\"fr_FR\" \/>\n<meta property=\"og:type\" content=\"article\" \/>\n<meta property=\"og:title\" content=\"SEANCES DE TRAVAIL - Sur le chemin des mots\" \/>\n<meta property=\"og:description\" content=\"Nos s\u00e9ances de travail Je devine d\u00e9j\u00e0 vos questions... O\u00f9 et comment se d\u00e9roule une s\u00e9ance ? Combien d&#039;entretiens seront n\u00e9cessaires ? A quelle fr\u00e9quence ? Et\u00a0si je ne me souviens pas de tout\u00a0? Pourquoi enregistrer nos conversations ? &nbsp; Il est pr\u00e9f\u00e9rable, tout d&#039;abord, que nos s\u00e9ances de travail aient lieu \u00e0 votre domicile.\u00a0Ainsi, [&hellip;]\" \/>\n<meta property=\"og:url\" content=\"https:\/\/surlechemindesmots.fr\/index.php\/etape-2-nos-seances-de-travail\/\" \/>\n<meta property=\"og:site_name\" content=\"Sur le chemin des mots\" \/>\n<meta property=\"article:modified_time\" content=\"2016-07-22T12:21:39+00:00\" \/>\n<meta name=\"twitter:card\" content=\"summary_large_image\" \/>\n<meta name=\"twitter:label1\" content=\"Dur\u00e9e de lecture estim\u00e9e\" \/>\n\t<meta name=\"twitter:data1\" content=\"5 minutes\" \/>\n<script type=\"application\/ld+json\" class=\"yoast-schema-graph\">{\"@context\":\"https:\/\/schema.org\",\"@graph\":[{\"@type\":\"WebPage\",\"@id\":\"https:\/\/surlechemindesmots.fr\/index.php\/etape-2-nos-seances-de-travail\/\",\"url\":\"https:\/\/surlechemindesmots.fr\/index.php\/etape-2-nos-seances-de-travail\/\",\"name\":\"SEANCES DE TRAVAIL - Sur le chemin des mots\",\"isPartOf\":{\"@id\":\"https:\/\/surlechemindesmots.fr\/#website\"},\"datePublished\":\"2016-06-19T21:10:16+00:00\",\"dateModified\":\"2016-07-22T12:21:39+00:00\",\"breadcrumb\":{\"@id\":\"https:\/\/surlechemindesmots.fr\/index.php\/etape-2-nos-seances-de-travail\/#breadcrumb\"},\"inLanguage\":\"fr-FR\",\"potentialAction\":[{\"@type\":\"ReadAction\",\"target\":[\"https:\/\/surlechemindesmots.fr\/index.php\/etape-2-nos-seances-de-travail\/\"]}]},{\"@type\":\"BreadcrumbList\",\"@id\":\"https:\/\/surlechemindesmots.fr\/index.php\/etape-2-nos-seances-de-travail\/#breadcrumb\",\"itemListElement\":[{\"@type\":\"ListItem\",\"position\":1,\"name\":\"Accueil\",\"item\":\"https:\/\/surlechemindesmots.fr\/\"},{\"@type\":\"ListItem\",\"position\":2,\"name\":\"SEANCES DE TRAVAIL\"}]},{\"@type\":\"WebSite\",\"@id\":\"https:\/\/surlechemindesmots.fr\/#website\",\"url\":\"https:\/\/surlechemindesmots.fr\/\",\"name\":\"Sur le chemin des mots\",\"description\":\"\",\"potentialAction\":[{\"@type\":\"SearchAction\",\"target\":{\"@type\":\"EntryPoint\",\"urlTemplate\":\"https:\/\/surlechemindesmots.fr\/?s={search_term_string}\"},\"query-input\":\"required name=search_term_string\"}],\"inLanguage\":\"fr-FR\"}]}<\/script>\n<!-- \/ Yoast SEO plugin. -->","yoast_head_json":{"title":"SEANCES DE TRAVAIL - Sur le chemin des mots","robots":{"index":"index","follow":"follow","max-snippet":"max-snippet:-1","max-image-preview":"max-image-preview:large","max-video-preview":"max-video-preview:-1"},"canonical":"https:\/\/surlechemindesmots.fr\/index.php\/etape-2-nos-seances-de-travail\/","og_locale":"fr_FR","og_type":"article","og_title":"SEANCES DE TRAVAIL - Sur le chemin des mots","og_description":"Nos s\u00e9ances de travail Je devine d\u00e9j\u00e0 vos questions... O\u00f9 et comment se d\u00e9roule une s\u00e9ance ? Combien d'entretiens seront n\u00e9cessaires ? A quelle fr\u00e9quence ? Et\u00a0si je ne me souviens pas de tout\u00a0? Pourquoi enregistrer nos conversations ? &nbsp; Il est pr\u00e9f\u00e9rable, tout d'abord, que nos s\u00e9ances de travail aient lieu \u00e0 votre domicile.\u00a0Ainsi, [&hellip;]","og_url":"https:\/\/surlechemindesmots.fr\/index.php\/etape-2-nos-seances-de-travail\/","og_site_name":"Sur le chemin des mots","article_modified_time":"2016-07-22T12:21:39+00:00","twitter_card":"summary_large_image","twitter_misc":{"Dur\u00e9e de lecture estim\u00e9e":"5 minutes"},"schema":{"@context":"https:\/\/schema.org","@graph":[{"@type":"WebPage","@id":"https:\/\/surlechemindesmots.fr\/index.php\/etape-2-nos-seances-de-travail\/","url":"https:\/\/surlechemindesmots.fr\/index.php\/etape-2-nos-seances-de-travail\/","name":"SEANCES DE TRAVAIL - Sur le chemin des mots","isPartOf":{"@id":"https:\/\/surlechemindesmots.fr\/#website"},"datePublished":"2016-06-19T21:10:16+00:00","dateModified":"2016-07-22T12:21:39+00:00","breadcrumb":{"@id":"https:\/\/surlechemindesmots.fr\/index.php\/etape-2-nos-seances-de-travail\/#breadcrumb"},"inLanguage":"fr-FR","potentialAction":[{"@type":"ReadAction","target":["https:\/\/surlechemindesmots.fr\/index.php\/etape-2-nos-seances-de-travail\/"]}]},{"@type":"BreadcrumbList","@id":"https:\/\/surlechemindesmots.fr\/index.php\/etape-2-nos-seances-de-travail\/#breadcrumb","itemListElement":[{"@type":"ListItem","position":1,"name":"Accueil","item":"https:\/\/surlechemindesmots.fr\/"},{"@type":"ListItem","position":2,"name":"SEANCES DE TRAVAIL"}]},{"@type":"WebSite","@id":"https:\/\/surlechemindesmots.fr\/#website","url":"https:\/\/surlechemindesmots.fr\/","name":"Sur le chemin des mots","description":"","potentialAction":[{"@type":"SearchAction","target":{"@type":"EntryPoint","urlTemplate":"https:\/\/surlechemindesmots.fr\/?s={search_term_string}"},"query-input":"required name=search_term_string"}],"inLanguage":"fr-FR"}]}},"_links":{"self":[{"href":"https:\/\/surlechemindesmots.fr\/index.php\/wp-json\/wp\/v2\/pages\/95"}],"collection":[{"href":"https:\/\/surlechemindesmots.fr\/index.php\/wp-json\/wp\/v2\/pages"}],"about":[{"href":"https:\/\/surlechemindesmots.fr\/index.php\/wp-json\/wp\/v2\/types\/page"}],"author":[{"embeddable":true,"href":"https:\/\/surlechemindesmots.fr\/index.php\/wp-json\/wp\/v2\/users\/1"}],"replies":[{"embeddable":true,"href":"https:\/\/surlechemindesmots.fr\/index.php\/wp-json\/wp\/v2\/comments?post=95"}],"version-history":[{"count":24,"href":"https:\/\/surlechemindesmots.fr\/index.php\/wp-json\/wp\/v2\/pages\/95\/revisions"}],"predecessor-version":[{"id":1591,"href":"https:\/\/surlechemindesmots.fr\/index.php\/wp-json\/wp\/v2\/pages\/95\/revisions\/1591"}],"wp:attachment":[{"href":"https:\/\/surlechemindesmots.fr\/index.php\/wp-json\/wp\/v2\/media?parent=95"}],"curies":[{"name":"wp","href":"https:\/\/api.w.org\/{rel}","templated":true}]}}