{"id":99,"date":"2016-06-19T22:10:49","date_gmt":"2016-06-19T21:10:49","guid":{"rendered":"http:\/\/surlechemindesmots.fr\/?page_id=99"},"modified":"2016-07-22T13:46:11","modified_gmt":"2016-07-22T12:46:11","slug":"etape-4-la-derniere-seance","status":"publish","type":"page","link":"https:\/\/surlechemindesmots.fr\/index.php\/etape-4-la-derniere-seance\/","title":{"rendered":"DERNIERE SEANCE"},"content":{"rendered":"<p>[et_pb_section admin_label=&#8221;section&#8221; fullwidth=&#8221;on&#8221; specialty=&#8221;off&#8221; inner_shadow=&#8221;off&#8221; parallax=&#8221;off&#8221; background_color=&#8221;#2ea3f2&#8243;][et_pb_fullwidth_header admin_label=&#8221;Fullwidth Header&#8221; title=&#8221;Notre derni\u00e8re s\u00e9ance&#8221; background_layout=&#8221;dark&#8221; text_orientation=&#8221;center&#8221; header_fullscreen=&#8221;on&#8221; header_scroll_down=&#8221;off&#8221; parallax=&#8221;on&#8221; parallax_method=&#8221;off&#8221; content_orientation=&#8221;center&#8221; image_orientation=&#8221;center&#8221; custom_button_one=&#8221;off&#8221; button_one_letter_spacing=&#8221;0&#8243; button_one_use_icon=&#8221;default&#8221; button_one_icon_placement=&#8221;right&#8221; button_one_on_hover=&#8221;on&#8221; button_one_letter_spacing_hover=&#8221;0&#8243; custom_button_two=&#8221;off&#8221; button_two_letter_spacing=&#8221;0&#8243; button_two_use_icon=&#8221;default&#8221; button_two_icon_placement=&#8221;right&#8221; button_two_on_hover=&#8221;on&#8221; button_two_letter_spacing_hover=&#8221;0&#8243; background_url=&#8221;https:\/\/surlechemindesmots.fr\/wp-content\/uploads\/2016\/06\/iStock_77825137_MEDIUM.jpg&#8221; logo_image_url=&#8221;https:\/\/surlechemindesmots.fr\/wp-content\/uploads\/2016\/06\/plume.png&#8221; title_font=&#8221;Source Sans Pro||||&#8221; title_font_size=&#8221;100px&#8221;] [\/et_pb_fullwidth_header][\/et_pb_section][et_pb_section admin_label=&#8221;section&#8221;][et_pb_row admin_label=&#8221;row&#8221;][et_pb_column type=&#8221;4_4&#8243;][et_pb_text admin_label=&#8221;Text&#8221; background_layout=&#8221;light&#8221; text_orientation=&#8221;left&#8221; use_border_color=&#8221;off&#8221; border_color=&#8221;#ffffff&#8221; border_style=&#8221;solid&#8221;]<\/p>\n<h5 style=\"text-align: justify;\">Nous proc\u00e9dons aux ultimes corrections sur le texte. Nos entretiens sont en effet termin\u00e9s. Il s&#8217;agit \u00e9galement de choisir les photos qui viendront illustrer votre livre, avant sa mise en page. Cette derni\u00e8re s\u00e9ance a un parfum particulier&#8230;<\/h5>\n<p>&nbsp;<\/p>\n<p style=\"text-align: justify;\"><span style=\"color: #33cccc;\"><strong>Vous avez re\u00e7u les derni\u00e8res pages de votre livre, il y a quelques jours. <\/strong><\/span>En ce d\u00e9but de s\u00e9ance, je prends connaissance de vos observations. Ma prochaine \u00ab\u00a0livraison\u00a0\u00bb sera&#8230; la mouture finale\u00a0!<\/p>\n<p style=\"text-align: justify;\"><span style=\"color: #33cccc;\"><strong>Puis, nous r\u00e9fl\u00e9chissons \u00e0 la mise en forme de votre livre. <\/strong><\/span>Et plus particuli\u00e8rement aux photos que vous souhaitez retrouver et sous quelle forme\u00a0(au fil des pages ou bien r\u00e9unies dans un cahier central). Tout au long de nos s\u00e9ances de travail, nous avons d\u00e9j\u00e0 mis de c\u00f4t\u00e9 certains clich\u00e9s, en pr\u00e9vision justement de cette derni\u00e8re s\u00e9ance\u2026 A pr\u00e9sent, c\u2019est l\u2019heure des choix. Car, malheureusement, en fonction de leur qualit\u00e9 ou de leur trop grand nombre, ces photos-souvenirs ne pourront pas toutes figurer dans votre livre. Nous d\u00e9cidons aussi d\u2019une couverture (sur laquelle figurera, bien entendu, votre nom) : quel titre\u00a0? quelle photo\u00a0? Nous choisissons \u00e9ventuellement une d\u00e9dicace, des remerciements&#8230; Et nous nous entendons, enfin, sur le texte \u00e0 r\u00e9diger en derni\u00e8re de couverture (au dos du livre). Mis bout \u00e0 bout, tous ces \u00e9l\u00e9ments \u2013 pr\u00e9cis et personnalis\u00e9s \u2013 feront de cet ouvrage\u2026 un livre qui vous ressemble !<\/p>\n<p style=\"text-align: justify;\"><strong><span style=\"color: #33cccc;\">Je prends en charge cette prestation de mise en page.<\/span> <\/strong>Elle \u00e9tait comprise dans le prix de nos entretiens. Voir : <span style=\"color: #33cccc;\"><a style=\"color: #33cccc;\" href=\"https:\/\/surlechemindesmots.fr\/index.php\/mes-tarifs-en-details\/\">mes tarifs en d\u00e9tail.<\/a><\/span> Le r\u00e9sultat final vous sera remis sur\u00a0un\u00a0fichier num\u00e9rique, transmis par courriel. Ce dernier vous permettra de d\u00e9marcher les imprimeurs en vue de faire imprimer votre ouvrage\u00a0avec l\u2019apparence d\u2019un \u00ab\u00a0vrai livre\u00a0\u00bb. Mais si vous le souhaitez \u2013 et c\u2019est souvent la demande des clients \u2013, je vous accompagne jusqu\u2019\u00e0 la fabrication de votre livre\u00a0!<\/p>\n<p>[\/et_pb_text][\/et_pb_column][\/et_pb_row][et_pb_row admin_label=&#8221;Ligne&#8221;][et_pb_column type=&#8221;1_4&#8243;][\/et_pb_column][et_pb_column type=&#8221;1_2&#8243;][et_pb_cta admin_label=&#8221;Appel d&#8217;action&#8221; title=&#8221;Fabrication du livre&#8221; button_url=&#8221;https:\/\/surlechemindesmots.fr\/index.php\/etape-5-la-fabrication-de-votre-livre\/&#8221; url_new_window=&#8221;off&#8221; button_text=&#8221;Voir&#8221; use_background_color=&#8221;off&#8221; background_color=&#8221;#2ed1f2&#8243; background_layout=&#8221;dark&#8221; text_orientation=&#8221;center&#8221; header_font_size=&#8221;20&#8243; header_text_color=&#8221;#0cb0c9&#8243; use_border_color=&#8221;on&#8221; border_color=&#8221;#ffffff&#8221; border_width=&#8221;0px&#8221; border_style=&#8221;solid&#8221; custom_button=&#8221;on&#8221; button_text_color=&#8221;#0cb0c9&#8243; button_letter_spacing=&#8221;0&#8243; button_use_icon=&#8221;default&#8221; button_icon_placement=&#8221;right&#8221; button_on_hover=&#8221;on&#8221; button_text_color_hover=&#8221;#ffffff&#8221; button_bg_color_hover=&#8221;#0cb0c9&#8243; button_letter_spacing_hover=&#8221;0&#8243;] [\/et_pb_cta][\/et_pb_column][et_pb_column type=&#8221;1_4&#8243;][\/et_pb_column][\/et_pb_row][\/et_pb_section]<\/p>\n","protected":false},"excerpt":{"rendered":"<p>Nous proc\u00e9dons aux ultimes corrections sur le texte. Nos entretiens sont en effet termin\u00e9s. Il s&#8217;agit \u00e9galement de choisir les photos qui viendront illustrer votre livre, avant sa mise en page. Cette derni\u00e8re s\u00e9ance a un parfum particulier&#8230; &nbsp; Vous avez re\u00e7u les derni\u00e8res pages de votre livre, il y a quelques jours. En ce [&hellip;]<\/p>\n","protected":false},"author":1,"featured_media":0,"parent":0,"menu_order":0,"comment_status":"closed","ping_status":"closed","template":"","meta":{"_et_pb_use_builder":"on","_et_pb_old_content":"","_et_gb_content_width":"","footnotes":""},"yoast_head":"<!-- This site is optimized with the Yoast SEO plugin v22.5 - https:\/\/yoast.com\/wordpress\/plugins\/seo\/ -->\n<title>DERNIERE SEANCE - Sur le chemin des mots<\/title>\n<meta name=\"robots\" content=\"index, follow, max-snippet:-1, max-image-preview:large, max-video-preview:-1\" \/>\n<link rel=\"canonical\" href=\"https:\/\/surlechemindesmots.fr\/index.php\/etape-4-la-derniere-seance\/\" \/>\n<meta property=\"og:locale\" content=\"fr_FR\" \/>\n<meta property=\"og:type\" content=\"article\" \/>\n<meta property=\"og:title\" content=\"DERNIERE SEANCE - Sur le chemin des mots\" \/>\n<meta property=\"og:description\" content=\"Nous proc\u00e9dons aux ultimes corrections sur le texte. Nos entretiens sont en effet termin\u00e9s. Il s&#039;agit \u00e9galement de choisir les photos qui viendront illustrer votre livre, avant sa mise en page. Cette derni\u00e8re s\u00e9ance a un parfum particulier... &nbsp; Vous avez re\u00e7u les derni\u00e8res pages de votre livre, il y a quelques jours. En ce [&hellip;]\" \/>\n<meta property=\"og:url\" content=\"https:\/\/surlechemindesmots.fr\/index.php\/etape-4-la-derniere-seance\/\" \/>\n<meta property=\"og:site_name\" content=\"Sur le chemin des mots\" \/>\n<meta property=\"article:modified_time\" content=\"2016-07-22T12:46:11+00:00\" \/>\n<meta name=\"twitter:card\" content=\"summary_large_image\" \/>\n<meta name=\"twitter:label1\" content=\"Dur\u00e9e de lecture estim\u00e9e\" \/>\n\t<meta name=\"twitter:data1\" content=\"3 minutes\" \/>\n<script type=\"application\/ld+json\" class=\"yoast-schema-graph\">{\"@context\":\"https:\/\/schema.org\",\"@graph\":[{\"@type\":\"WebPage\",\"@id\":\"https:\/\/surlechemindesmots.fr\/index.php\/etape-4-la-derniere-seance\/\",\"url\":\"https:\/\/surlechemindesmots.fr\/index.php\/etape-4-la-derniere-seance\/\",\"name\":\"DERNIERE SEANCE - Sur le chemin des mots\",\"isPartOf\":{\"@id\":\"https:\/\/surlechemindesmots.fr\/#website\"},\"datePublished\":\"2016-06-19T21:10:49+00:00\",\"dateModified\":\"2016-07-22T12:46:11+00:00\",\"breadcrumb\":{\"@id\":\"https:\/\/surlechemindesmots.fr\/index.php\/etape-4-la-derniere-seance\/#breadcrumb\"},\"inLanguage\":\"fr-FR\",\"potentialAction\":[{\"@type\":\"ReadAction\",\"target\":[\"https:\/\/surlechemindesmots.fr\/index.php\/etape-4-la-derniere-seance\/\"]}]},{\"@type\":\"BreadcrumbList\",\"@id\":\"https:\/\/surlechemindesmots.fr\/index.php\/etape-4-la-derniere-seance\/#breadcrumb\",\"itemListElement\":[{\"@type\":\"ListItem\",\"position\":1,\"name\":\"Accueil\",\"item\":\"https:\/\/surlechemindesmots.fr\/\"},{\"@type\":\"ListItem\",\"position\":2,\"name\":\"DERNIERE SEANCE\"}]},{\"@type\":\"WebSite\",\"@id\":\"https:\/\/surlechemindesmots.fr\/#website\",\"url\":\"https:\/\/surlechemindesmots.fr\/\",\"name\":\"Sur le chemin des mots\",\"description\":\"\",\"potentialAction\":[{\"@type\":\"SearchAction\",\"target\":{\"@type\":\"EntryPoint\",\"urlTemplate\":\"https:\/\/surlechemindesmots.fr\/?s={search_term_string}\"},\"query-input\":\"required name=search_term_string\"}],\"inLanguage\":\"fr-FR\"}]}<\/script>\n<!-- \/ Yoast SEO plugin. -->","yoast_head_json":{"title":"DERNIERE SEANCE - Sur le chemin des mots","robots":{"index":"index","follow":"follow","max-snippet":"max-snippet:-1","max-image-preview":"max-image-preview:large","max-video-preview":"max-video-preview:-1"},"canonical":"https:\/\/surlechemindesmots.fr\/index.php\/etape-4-la-derniere-seance\/","og_locale":"fr_FR","og_type":"article","og_title":"DERNIERE SEANCE - Sur le chemin des mots","og_description":"Nous proc\u00e9dons aux ultimes corrections sur le texte. Nos entretiens sont en effet termin\u00e9s. Il s'agit \u00e9galement de choisir les photos qui viendront illustrer votre livre, avant sa mise en page. Cette derni\u00e8re s\u00e9ance a un parfum particulier... &nbsp; Vous avez re\u00e7u les derni\u00e8res pages de votre livre, il y a quelques jours. En ce [&hellip;]","og_url":"https:\/\/surlechemindesmots.fr\/index.php\/etape-4-la-derniere-seance\/","og_site_name":"Sur le chemin des mots","article_modified_time":"2016-07-22T12:46:11+00:00","twitter_card":"summary_large_image","twitter_misc":{"Dur\u00e9e de lecture estim\u00e9e":"3 minutes"},"schema":{"@context":"https:\/\/schema.org","@graph":[{"@type":"WebPage","@id":"https:\/\/surlechemindesmots.fr\/index.php\/etape-4-la-derniere-seance\/","url":"https:\/\/surlechemindesmots.fr\/index.php\/etape-4-la-derniere-seance\/","name":"DERNIERE SEANCE - Sur le chemin des mots","isPartOf":{"@id":"https:\/\/surlechemindesmots.fr\/#website"},"datePublished":"2016-06-19T21:10:49+00:00","dateModified":"2016-07-22T12:46:11+00:00","breadcrumb":{"@id":"https:\/\/surlechemindesmots.fr\/index.php\/etape-4-la-derniere-seance\/#breadcrumb"},"inLanguage":"fr-FR","potentialAction":[{"@type":"ReadAction","target":["https:\/\/surlechemindesmots.fr\/index.php\/etape-4-la-derniere-seance\/"]}]},{"@type":"BreadcrumbList","@id":"https:\/\/surlechemindesmots.fr\/index.php\/etape-4-la-derniere-seance\/#breadcrumb","itemListElement":[{"@type":"ListItem","position":1,"name":"Accueil","item":"https:\/\/surlechemindesmots.fr\/"},{"@type":"ListItem","position":2,"name":"DERNIERE SEANCE"}]},{"@type":"WebSite","@id":"https:\/\/surlechemindesmots.fr\/#website","url":"https:\/\/surlechemindesmots.fr\/","name":"Sur le chemin des mots","description":"","potentialAction":[{"@type":"SearchAction","target":{"@type":"EntryPoint","urlTemplate":"https:\/\/surlechemindesmots.fr\/?s={search_term_string}"},"query-input":"required name=search_term_string"}],"inLanguage":"fr-FR"}]}},"_links":{"self":[{"href":"https:\/\/surlechemindesmots.fr\/index.php\/wp-json\/wp\/v2\/pages\/99"}],"collection":[{"href":"https:\/\/surlechemindesmots.fr\/index.php\/wp-json\/wp\/v2\/pages"}],"about":[{"href":"https:\/\/surlechemindesmots.fr\/index.php\/wp-json\/wp\/v2\/types\/page"}],"author":[{"embeddable":true,"href":"https:\/\/surlechemindesmots.fr\/index.php\/wp-json\/wp\/v2\/users\/1"}],"replies":[{"embeddable":true,"href":"https:\/\/surlechemindesmots.fr\/index.php\/wp-json\/wp\/v2\/comments?post=99"}],"version-history":[{"count":19,"href":"https:\/\/surlechemindesmots.fr\/index.php\/wp-json\/wp\/v2\/pages\/99\/revisions"}],"predecessor-version":[{"id":1598,"href":"https:\/\/surlechemindesmots.fr\/index.php\/wp-json\/wp\/v2\/pages\/99\/revisions\/1598"}],"wp:attachment":[{"href":"https:\/\/surlechemindesmots.fr\/index.php\/wp-json\/wp\/v2\/media?parent=99"}],"curies":[{"name":"wp","href":"https:\/\/api.w.org\/{rel}","templated":true}]}}